{"id":3956,"date":"2019-10-30T09:01:30","date_gmt":"2019-10-30T09:01:30","guid":{"rendered":"https:\/\/heliview.com\/data-quality-conference\/?page_id=3956"},"modified":"2026-03-24T09:08:34","modified_gmt":"2026-03-24T07:08:34","slug":"over-het-event","status":"publish","type":"page","link":"https:\/\/heliview.com\/cyber-security-experience\/over-het-event\/","title":{"rendered":"Over het congres"},"content":{"rendered":"<div class=\"wpb-content-wrapper\">[vc_row full_width=&#8221;stretch_row_content&#8221; enable_full_screen=&#8221;yes&#8221; css=&#8221;.vc_custom_1578994807474{background-color: #ffffff !important;}&#8221;][vc_column][vc_row_inner][vc_column_inner width=&#8221;3\/5&#8243;]<div class=\"lgx-heading  \" >\r\n                    <h2 class=\"heading\"><\/h2>\r\n                    <h3 class=\"subheading\">Cyber Security Experience bestaat 15 jaar!<\/h3>              \r\n              <\/div>[vc_column_text css=&#8221;&#8221;]Cybersecurity staat continu onder druk door technologische ontwikkelingen, veranderende dreigingen en steeds strengere regelgeving. Tijdens <strong>Cyber Security Experience<\/strong> krijg je in \u00e9\u00e9n dag een helder beeld van wat er \u00e9cht speelt binnen het vakgebied. Van strategie en governance tot weerbaarheid, organisatiecultuur en de praktische kant van security in complexe IT-landschappen.<\/p>\n<p>Tijdens deze editie komen circa <strong>200 cybersecurityprofessionals<\/strong> samen om inzichten te delen, ervaringen uit te wisselen en met elkaar vooruit te kijken. CISO\u2019s, security architects, risk leaders en IT-securityspecialisten uit grote organisaties bespreken hoe zij omgaan met de toenemende complexiteit van digitale veiligheid.<\/p>\n<p>Het programma wordt ontwikkeld <strong>met en voor ervaren securityprofessionals<\/strong>, waardoor de inhoud aansluit op de vraagstukken die momenteel spelen binnen organisaties. Praktijkervaringen, strategische perspectieven en concrete voorbeelden zorgen voor een dag waarin kennis, inspiratie en ontmoetingen samenkomen.<\/p>\n<p><strong>Cyber Security Experience<\/strong> is al jaren een vaste ontmoetingsplek voor professionals die verantwoordelijk zijn voor de digitale weerbaarheid van hun organisatie. Op <strong>25 november 2026<\/strong> verwelkomen we je graag voor een nieuwe editie.[\/vc_column_text][vc_empty_space height=&#8221;20px&#8221;][\/vc_column_inner][vc_column_inner width=&#8221;2\/5&#8243;][vc_empty_space height=&#8221;34px&#8221;][vc_single_image image=&#8221;7974&#8243; img_size=&#8221;&#8221; css=&#8221;&#8221;][\/vc_column_inner][\/vc_row_inner][\/vc_column][\/vc_row][vc_row][vc_column width=&#8221;1\/2&#8243;]<div class=\"lgx-heading  \" >\r\n                    <h2 class=\"heading\"><\/h2>\r\n                    <h3 class=\"subheading\">Onderwerpen<\/h3>              \r\n              <\/div>[vc_column_text css=&#8221;&#8221;]\n<ul class=\"checklist\">\n<li>AI vs. AI: Waar staan we \u00e9cht? Feiten vs. fabels<\/li>\n<li>\u2018What-if scenario\u2019s\u2019 in de huidige geopolitiek<\/li>\n<li>Human factor: Awareness, Culture &amp; Human Capital<\/li>\n<li>NIS2 en andere wet- en regelgeving \/ Compliance \/ Toezicht<\/li>\n<li>Supply chain security \/ Weerbaar ecosysteem<\/li>\n<li>Security by design<\/li>\n<li>Zero Trust<\/li>\n<li>Risk Management<\/li>\n<li>Resilience<\/li>\n<li>Cryptography &amp; Quantum Readiness<\/li>\n<\/ul>\n[\/vc_column_text][\/vc_column][vc_column width=&#8221;1\/2&#8243;]<div class=\"lgx-heading  \" >\r\n                    <h2 class=\"heading\"><\/h2>\r\n                    <h3 class=\"subheading\">Waarom je het congres niet mag missen<\/h3>              \r\n              <\/div>[vc_column_text css=&#8221;&#8221;]De Cyber Security Experience is onmisbaar voor CISO&#8217;s, IT-managers, security officers en professionals die hun kennis willen verrijken en hun organisatie beter willen beschermen tegen de dreigingen van morgen. Tijdens het congres delen toonaangevende experts hun inzichten en ervaringen.[\/vc_column_text][\/vc_column][\/vc_row][vc_row full_width=&#8221;stretch_row&#8221; css=&#8221;.vc_custom_1686673241787{background-color: #ffffff !important;}&#8221;][vc_column]<div class=\"lgx-heading  \" >\r\n                    <h2 class=\"heading\"><\/h2>\r\n                    <h3 class=\"subheading\">Voor wie is het congres?<\/h3>              \r\n              <\/div>[vc_column_text]De Cyber Security Experience is speciaal ontwikkeld voor managers, senior specialisten en eindverantwoordelijken die op de hoogte willen blijven van de huidige trends en ontwikkelingen op het gebied van cybersecurity. Hierbij kun je denken aan professionals met functies zoals:[\/vc_column_text][vc_row_inner][vc_column_inner width=&#8221;1\/2&#8243;][vc_column_text css=&#8221;&#8221;]\n<ul class=\"checklist\">\n<li>(Chief) Information Security Officers<\/li>\n<li>Business Information Security Officers<\/li>\n<li>Technical Information Security Officers<\/li>\n<li>(Chief) Risk Officers<\/li>\n<li>Informatiemanagers<\/li>\n<li>Security Officers \/ Managers<\/li>\n<li>IT Managers<\/li>\n<li>Security Architect<\/li>\n<li>Functionaris Gegevensbescherming \/ DPO \/ Privacy Officer<\/li>\n<li>Aanverwante functies<\/li>\n<\/ul>\n[\/vc_column_text][\/vc_column_inner][vc_column_inner width=&#8221;1\/2&#8243;][vc_column_text css=&#8221;&#8221;]Om gratis deel te nemen moet je voldoen aan de volgende voorwaarden:<\/p>\n<ul class=\"checklist\">\n<li>Je bent werkzaam bij een eindgebruikersorganisatie en bekleed een functie overeenkomend met de functies zoals op deze website beschreven<\/li>\n<li>Je bent werkzaam bij een organisatie met minimaal 20 FTW<\/li>\n<li>Je gaat akkoord met de <a href=\"https:\/\/heliview.com\/nl\/inschrijfvoorwaarden\/\" target=\"_blank\" rel=\"noopener\">inschrijfvoorwaarden<\/a><\/li>\n<\/ul>\n[\/vc_column_text][\/vc_column_inner][\/vc_row_inner][\/vc_column][\/vc_row][vc_row full_width=&#8221;stretch_row_content&#8221; el_class=&#8221;lgx-inner lgx-inner-bottomgap&#8221;][vc_column][vc_row_inner][vc_column_inner]\r\n\r\n\r\n\r\n    <div id=\"lgx-photo-gallery-home\" class=\"lgx-gallery lgx-gallery-nogap\">\r\n        <div class=\"row\">\r\n            <div class=\"col-xs-12\">\r\n                 <div  class=\"lgx-gallery-area lgx-gallery-col-3 lgx-gallery-area-three\" >\r\n                    \r\n                            <div class=\"item\">\r\n                                <div  class=\"lgx-gallery-single\" >\r\n                                    <figure>\r\n                                        <img decoding=\"async\" title=\"1-op-1\" src=\"https:\/\/heliview.com\/cyber-security-experience\/wp-content\/uploads\/sites\/42\/2025\/05\/gesorekken.png\" alt=\"1-op-1\"\/>\r\n                                        <figcaption class=\"lgx-figcaption\">\r\n                                            <div class=\"lgx-hover-link\">\r\n                                                <div class=\"lgx-vertical\">\r\n                                                    <a class=\"lgx-single-photo\" title=\"1-op-1\" href=\"https:\/\/heliview.com\/cyber-security-experience\/wp-content\/uploads\/sites\/42\/2025\/05\/gesorekken.png\">\r\n                                                        <img decoding=\"async\" src=\"https:\/\/heliview.com\/cyber-security-experience\/wp-content\/plugins\/vcx-theme-core\/assets\/img\/icon.png\" alt=\"1-op-1\">\r\n                                                    <\/a>\r\n                                                <\/div>\r\n                                            <\/div>\r\n                                        <\/figcaption>\r\n                                    <\/figure>\r\n                                <\/div>\r\n                            <\/div>\r\n                        \r\n                            <div class=\"item\">\r\n                                <div  class=\"lgx-gallery-single\" >\r\n                                    <figure>\r\n                                        <img decoding=\"async\" title=\"Escaperoom\" src=\"https:\/\/heliview.com\/cyber-security-experience\/wp-content\/uploads\/sites\/42\/2021\/06\/escaperoom.png\" alt=\"Escaperoom\"\/>\r\n                                        <figcaption class=\"lgx-figcaption\">\r\n                                            <div class=\"lgx-hover-link\">\r\n                                                <div class=\"lgx-vertical\">\r\n                                                    <a class=\"lgx-single-photo\" title=\"Escaperoom\" href=\"https:\/\/heliview.com\/cyber-security-experience\/wp-content\/uploads\/sites\/42\/2021\/06\/escaperoom.png\">\r\n                                                        <img decoding=\"async\" src=\"https:\/\/heliview.com\/cyber-security-experience\/wp-content\/plugins\/vcx-theme-core\/assets\/img\/icon.png\" alt=\"Escaperoom\">\r\n                                                    <\/a>\r\n                                                <\/div>\r\n                                            <\/div>\r\n                                        <\/figcaption>\r\n                                    <\/figure>\r\n                                <\/div>\r\n                            <\/div>\r\n                        \r\n                            <div class=\"item\">\r\n                                <div  class=\"lgx-gallery-single\" >\r\n                                    <figure>\r\n                                        <img decoding=\"async\" title=\"15 jaar\" src=\"https:\/\/heliview.com\/cyber-security-experience\/wp-content\/uploads\/sites\/42\/2021\/06\/15-jaar-1.png\" alt=\"15 jaar\"\/>\r\n                                        <figcaption class=\"lgx-figcaption\">\r\n                                            <div class=\"lgx-hover-link\">\r\n                                                <div class=\"lgx-vertical\">\r\n                                                    <a class=\"lgx-single-photo\" title=\"15 jaar\" href=\"https:\/\/heliview.com\/cyber-security-experience\/wp-content\/uploads\/sites\/42\/2021\/06\/15-jaar-1.png\">\r\n                                                        <img decoding=\"async\" src=\"https:\/\/heliview.com\/cyber-security-experience\/wp-content\/plugins\/vcx-theme-core\/assets\/img\/icon.png\" alt=\"15 jaar\">\r\n                                                    <\/a>\r\n                                                <\/div>\r\n                                            <\/div>\r\n                                        <\/figcaption>\r\n                                    <\/figure>\r\n                                <\/div>\r\n                            <\/div>\r\n                        \r\n                            <div class=\"item\">\r\n                                <div  class=\"lgx-gallery-single\" >\r\n                                    <figure>\r\n                                        <img decoding=\"async\" title=\"Roundtable\" src=\"https:\/\/heliview.com\/cyber-security-experience\/wp-content\/uploads\/sites\/42\/2020\/10\/Roundtable.png\" alt=\"Roundtable\"\/>\r\n                                        <figcaption class=\"lgx-figcaption\">\r\n                                            <div class=\"lgx-hover-link\">\r\n                                                <div class=\"lgx-vertical\">\r\n                                                    <a class=\"lgx-single-photo\" title=\"Roundtable\" href=\"https:\/\/heliview.com\/cyber-security-experience\/wp-content\/uploads\/sites\/42\/2020\/10\/Roundtable.png\">\r\n                                                        <img decoding=\"async\" src=\"https:\/\/heliview.com\/cyber-security-experience\/wp-content\/plugins\/vcx-theme-core\/assets\/img\/icon.png\" alt=\"Roundtable\">\r\n                                                    <\/a>\r\n                                                <\/div>\r\n                                            <\/div>\r\n                                        <\/figcaption>\r\n                                    <\/figure>\r\n                                <\/div>\r\n                            <\/div>\r\n                        \r\n                            <div class=\"item\">\r\n                                <div  class=\"lgx-gallery-single\" >\r\n                                    <figure>\r\n                                        <img decoding=\"async\" title=\"Plenair Spant\" src=\"https:\/\/heliview.com\/cyber-security-experience\/wp-content\/uploads\/sites\/42\/2020\/10\/Plenair.png\" alt=\"Plenair Spant\"\/>\r\n                                        <figcaption class=\"lgx-figcaption\">\r\n                                            <div class=\"lgx-hover-link\">\r\n                                                <div class=\"lgx-vertical\">\r\n                                                    <a class=\"lgx-single-photo\" title=\"Plenair Spant\" href=\"https:\/\/heliview.com\/cyber-security-experience\/wp-content\/uploads\/sites\/42\/2020\/10\/Plenair.png\">\r\n                                                        <img decoding=\"async\" src=\"https:\/\/heliview.com\/cyber-security-experience\/wp-content\/plugins\/vcx-theme-core\/assets\/img\/icon.png\" alt=\"Plenair Spant\">\r\n                                                    <\/a>\r\n                                                <\/div>\r\n                                            <\/div>\r\n                                        <\/figcaption>\r\n                                    <\/figure>\r\n                                <\/div>\r\n                            <\/div>\r\n                        \r\n                            <div class=\"item\">\r\n                                <div  class=\"lgx-gallery-single\" >\r\n                                    <figure>\r\n                                        <img decoding=\"async\" title=\"Sprekers\" src=\"https:\/\/heliview.com\/cyber-security-experience\/wp-content\/uploads\/sites\/42\/2020\/10\/Sprekersfoto.png\" alt=\"Sprekers\"\/>\r\n                                        <figcaption class=\"lgx-figcaption\">\r\n                                            <div class=\"lgx-hover-link\">\r\n                                                <div class=\"lgx-vertical\">\r\n                                                    <a class=\"lgx-single-photo\" title=\"Sprekers\" href=\"https:\/\/heliview.com\/cyber-security-experience\/wp-content\/uploads\/sites\/42\/2020\/10\/Sprekersfoto.png\">\r\n                                                        <img decoding=\"async\" src=\"https:\/\/heliview.com\/cyber-security-experience\/wp-content\/plugins\/vcx-theme-core\/assets\/img\/icon.png\" alt=\"Sprekers\">\r\n                                                    <\/a>\r\n                                                <\/div>\r\n                                            <\/div>\r\n                                        <\/figcaption>\r\n                                    <\/figure>\r\n                                <\/div>\r\n                            <\/div>\r\n                                        <\/div>\r\n            <\/div>\r\n        <\/div>\r\n    <\/div>\r\n    [\/vc_column_inner][\/vc_row_inner][\/vc_column][\/vc_row]\n<\/div>","protected":false},"excerpt":{"rendered":"<p>[vc_row full_width=&#8221;stretch_row_content&#8221; enable_full_screen=&#8221;yes&#8221; css=&#8221;.vc_custom_1578994807474{background-color: #ffffff !important;}&#8221;][vc_column][vc_row_inner][vc_column_inner width=&#8221;3\/5&#8243;][vc_column_text css=&#8221;&#8221;]Cybersecurity staat continu onder druk door technologische ontwikkelingen, veranderende dreigingen en steeds strengere regelgeving. Tijdens Cyber Security Experience krijg je in \u00e9\u00e9n dag een helder beeld van wat er \u00e9cht speelt binnen het vakgebied. Van strategie en governance tot weerbaarheid, organisatiecultuur en de praktische kant van security in [&hellip;]<\/p>\n","protected":false},"author":21,"featured_media":0,"parent":0,"menu_order":0,"comment_status":"closed","ping_status":"closed","template":"","meta":{"_acf_changed":false,"footnotes":""},"class_list":["post-3956","page","type-page","status-publish","hentry"],"yoast_head":"<!-- This site is optimized with the Yoast SEO plugin v25.3.1 - https:\/\/yoast.com\/wordpress\/plugins\/seo\/ -->\r\n<title>Over het congres - Cyber Security Experience<\/title>\r\n<meta name=\"robots\" content=\"index, follow, max-snippet:-1, max-image-preview:large, max-video-preview:-1\" \/>\r\n<link rel=\"canonical\" href=\"https:\/\/heliview.com\/cyber-security-experience\/over-het-event\/\" \/>\r\n<meta property=\"og:locale\" content=\"nl_NL\" \/>\r\n<meta property=\"og:type\" content=\"article\" \/>\r\n<meta property=\"og:title\" content=\"Over het congres - Cyber Security Experience\" \/>\r\n<meta property=\"og:description\" content=\"[vc_row full_width=&#8221;stretch_row_content&#8221; enable_full_screen=&#8221;yes&#8221; css=&#8221;.vc_custom_1578994807474{background-color: #ffffff !important;}&#8221;][vc_column][vc_row_inner][vc_column_inner width=&#8221;3\/5&#8243;][vc_column_text css=&#8221;&#8221;]Cybersecurity staat continu onder druk door technologische ontwikkelingen, veranderende dreigingen en steeds strengere regelgeving. Tijdens Cyber Security Experience krijg je in \u00e9\u00e9n dag een helder beeld van wat er \u00e9cht speelt binnen het vakgebied. Van strategie en governance tot weerbaarheid, organisatiecultuur en de praktische kant van security in [&hellip;]\" \/>\r\n<meta property=\"og:url\" content=\"https:\/\/heliview.com\/cyber-security-experience\/over-het-event\/\" \/>\r\n<meta property=\"og:site_name\" content=\"Cyber Security Experience\" \/>\r\n<meta property=\"article:publisher\" content=\"https:\/\/www.facebook.com\/HeliviewCT\" \/>\r\n<meta property=\"article:modified_time\" content=\"2026-03-24T07:08:34+00:00\" \/>\r\n<meta property=\"og:image\" content=\"https:\/\/heliview.com\/cyber-security-experience\/wp-content\/uploads\/sites\/42\/2023\/07\/1200x628.jpg\" \/>\r\n\t<meta property=\"og:image:width\" content=\"1200\" \/>\r\n\t<meta property=\"og:image:height\" content=\"628\" \/>\r\n\t<meta property=\"og:image:type\" content=\"image\/jpeg\" \/>\r\n<meta name=\"twitter:card\" content=\"summary_large_image\" \/>\r\n<meta name=\"twitter:image\" content=\"https:\/\/heliview.com\/cyber-security-experience\/wp-content\/uploads\/sites\/42\/2023\/07\/1200x628.jpg\" \/>\r\n<meta name=\"twitter:site\" content=\"@HeliviewConf\" \/>\r\n<meta name=\"twitter:label1\" content=\"Geschatte leestijd\" \/>\n\t<meta name=\"twitter:data1\" content=\"3 minuten\" \/>\r\n<script type=\"application\/ld+json\" class=\"yoast-schema-graph\">{\"@context\":\"https:\/\/schema.org\",\"@graph\":[{\"@type\":\"WebPage\",\"@id\":\"https:\/\/heliview.com\/cyber-security-experience\/over-het-event\/\",\"url\":\"https:\/\/heliview.com\/cyber-security-experience\/over-het-event\/\",\"name\":\"Over het congres - Cyber Security Experience\",\"isPartOf\":{\"@id\":\"https:\/\/heliview.com\/cyber-security-experience\/#website\"},\"datePublished\":\"2019-10-30T09:01:30+00:00\",\"dateModified\":\"2026-03-24T07:08:34+00:00\",\"breadcrumb\":{\"@id\":\"https:\/\/heliview.com\/cyber-security-experience\/over-het-event\/#breadcrumb\"},\"inLanguage\":\"nl-NL\",\"potentialAction\":[{\"@type\":\"ReadAction\",\"target\":[\"https:\/\/heliview.com\/cyber-security-experience\/over-het-event\/\"]}]},{\"@type\":\"BreadcrumbList\",\"@id\":\"https:\/\/heliview.com\/cyber-security-experience\/over-het-event\/#breadcrumb\",\"itemListElement\":[{\"@type\":\"ListItem\",\"position\":1,\"name\":\"Home\",\"item\":\"https:\/\/heliview.com\/cyber-security-experience\/\"},{\"@type\":\"ListItem\",\"position\":2,\"name\":\"Over het congres\"}]},{\"@type\":\"WebSite\",\"@id\":\"https:\/\/heliview.com\/cyber-security-experience\/#website\",\"url\":\"https:\/\/heliview.com\/cyber-security-experience\/\",\"name\":\"Cyber Security Experience\",\"description\":\"\",\"potentialAction\":[{\"@type\":\"SearchAction\",\"target\":{\"@type\":\"EntryPoint\",\"urlTemplate\":\"https:\/\/heliview.com\/cyber-security-experience\/?s={search_term_string}\"},\"query-input\":{\"@type\":\"PropertyValueSpecification\",\"valueRequired\":true,\"valueName\":\"search_term_string\"}}],\"inLanguage\":\"nl-NL\"}]}<\/script>\r\n<!-- \/ Yoast SEO plugin. -->","yoast_head_json":{"title":"Over het congres - Cyber Security Experience","robots":{"index":"index","follow":"follow","max-snippet":"max-snippet:-1","max-image-preview":"max-image-preview:large","max-video-preview":"max-video-preview:-1"},"canonical":"https:\/\/heliview.com\/cyber-security-experience\/over-het-event\/","og_locale":"nl_NL","og_type":"article","og_title":"Over het congres - Cyber Security Experience","og_description":"[vc_row full_width=&#8221;stretch_row_content&#8221; enable_full_screen=&#8221;yes&#8221; css=&#8221;.vc_custom_1578994807474{background-color: #ffffff !important;}&#8221;][vc_column][vc_row_inner][vc_column_inner width=&#8221;3\/5&#8243;][vc_column_text css=&#8221;&#8221;]Cybersecurity staat continu onder druk door technologische ontwikkelingen, veranderende dreigingen en steeds strengere regelgeving. Tijdens Cyber Security Experience krijg je in \u00e9\u00e9n dag een helder beeld van wat er \u00e9cht speelt binnen het vakgebied. Van strategie en governance tot weerbaarheid, organisatiecultuur en de praktische kant van security in [&hellip;]","og_url":"https:\/\/heliview.com\/cyber-security-experience\/over-het-event\/","og_site_name":"Cyber Security Experience","article_publisher":"https:\/\/www.facebook.com\/HeliviewCT","article_modified_time":"2026-03-24T07:08:34+00:00","og_image":[{"width":1200,"height":628,"url":"https:\/\/heliview.com\/cyber-security-experience\/wp-content\/uploads\/sites\/42\/2023\/07\/1200x628.jpg","type":"image\/jpeg"}],"twitter_card":"summary_large_image","twitter_image":"https:\/\/heliview.com\/cyber-security-experience\/wp-content\/uploads\/sites\/42\/2023\/07\/1200x628.jpg","twitter_site":"@HeliviewConf","twitter_misc":{"Geschatte leestijd":"3 minuten"},"schema":{"@context":"https:\/\/schema.org","@graph":[{"@type":"WebPage","@id":"https:\/\/heliview.com\/cyber-security-experience\/over-het-event\/","url":"https:\/\/heliview.com\/cyber-security-experience\/over-het-event\/","name":"Over het congres - Cyber Security Experience","isPartOf":{"@id":"https:\/\/heliview.com\/cyber-security-experience\/#website"},"datePublished":"2019-10-30T09:01:30+00:00","dateModified":"2026-03-24T07:08:34+00:00","breadcrumb":{"@id":"https:\/\/heliview.com\/cyber-security-experience\/over-het-event\/#breadcrumb"},"inLanguage":"nl-NL","potentialAction":[{"@type":"ReadAction","target":["https:\/\/heliview.com\/cyber-security-experience\/over-het-event\/"]}]},{"@type":"BreadcrumbList","@id":"https:\/\/heliview.com\/cyber-security-experience\/over-het-event\/#breadcrumb","itemListElement":[{"@type":"ListItem","position":1,"name":"Home","item":"https:\/\/heliview.com\/cyber-security-experience\/"},{"@type":"ListItem","position":2,"name":"Over het congres"}]},{"@type":"WebSite","@id":"https:\/\/heliview.com\/cyber-security-experience\/#website","url":"https:\/\/heliview.com\/cyber-security-experience\/","name":"Cyber Security Experience","description":"","potentialAction":[{"@type":"SearchAction","target":{"@type":"EntryPoint","urlTemplate":"https:\/\/heliview.com\/cyber-security-experience\/?s={search_term_string}"},"query-input":{"@type":"PropertyValueSpecification","valueRequired":true,"valueName":"search_term_string"}}],"inLanguage":"nl-NL"}]}},"acf":[],"_links":{"self":[{"href":"https:\/\/heliview.com\/cyber-security-experience\/wp-json\/wp\/v2\/pages\/3956","targetHints":{"allow":["GET"]}}],"collection":[{"href":"https:\/\/heliview.com\/cyber-security-experience\/wp-json\/wp\/v2\/pages"}],"about":[{"href":"https:\/\/heliview.com\/cyber-security-experience\/wp-json\/wp\/v2\/types\/page"}],"author":[{"embeddable":true,"href":"https:\/\/heliview.com\/cyber-security-experience\/wp-json\/wp\/v2\/users\/21"}],"replies":[{"embeddable":true,"href":"https:\/\/heliview.com\/cyber-security-experience\/wp-json\/wp\/v2\/comments?post=3956"}],"version-history":[{"count":7,"href":"https:\/\/heliview.com\/cyber-security-experience\/wp-json\/wp\/v2\/pages\/3956\/revisions"}],"predecessor-version":[{"id":7975,"href":"https:\/\/heliview.com\/cyber-security-experience\/wp-json\/wp\/v2\/pages\/3956\/revisions\/7975"}],"wp:attachment":[{"href":"https:\/\/heliview.com\/cyber-security-experience\/wp-json\/wp\/v2\/media?parent=3956"}],"curies":[{"name":"wp","href":"https:\/\/api.w.org\/{rel}","templated":true}]}}