{"id":23,"date":"2026-04-26T14:27:17","date_gmt":"2026-04-26T14:27:17","guid":{"rendered":"https:\/\/heliview.com\/finance-flow-conference-belgie\/?page_id=23"},"modified":"2026-05-07T22:19:42","modified_gmt":"2026-05-07T20:19:42","slug":"tickets","status":"publish","type":"page","link":"https:\/\/heliview.com\/finance-flow-conference-belgie\/tickets\/","title":{"rendered":"Inschrijven"},"content":{"rendered":"\n\n<section id=\"header-details-block_2c9aac7b0a4c8694f07d17a3dd1d0737\"\n         class=\"header-details-block relative overflow-visible rounded-b-[24px]\"\n         xmlns=\"http:\/\/www.w3.org\/1999\/html\"\n         style=\"background-color: #F0F8FF;\">\n  <div class=\"simple-header__bg-block absolute !-top-[300px] w-full h-full md:h-[500px] left-0\"\n       style=\"background-color: #F0F8FF;\"><\/div>\n    <div class=\"container relative z-10 py-12 md:py-20\">\n        <div class=\"grid grid-cols-1 gap-10 lg:grid-cols-12 lg:gap-0 lg:items-center\">\n            <div class=\"flex w-full flex-col lg:col-span-10 gap-2 md:gap-4\">\n                                    <h1 class=\"text-[48px]! leading-[58px] text-heading\">\n                        Sharing Knowledge &amp; Connecting People                    <\/h1>\n                \n                                    <div class=\"text-p-body text-body-text\">\n                        <p>Finance Flow Conference biedt de perfecte gelegenheid om in \u00e9\u00e9n dag je kennis te vergroten \u00e9n netwerk uit te breiden. Ontmoet professionals die met vergelijkbare vraagstukken werken. Met onze unieke Interest Based Matchmaking methode zetten we je gedurende de dag in contact met professionals met wie je inhoudelijk kunt sparren. Zo ontstaan gesprekken die verder gaan dan alleen kennismaken.<\/p>\n                    <\/div>\n                \n              \n                          <\/div>\n\n                    <\/div>\n    <\/div>\n<\/section>\n\n\n\n<section id=\"\" class=\"ticket-table-block ticket-table-block--tickets section bg-white\">\n    <div class=\"container\">\n        <div class=\"flex flex-col items-center text-center gap-5 mb-8\">\n            <h2 class=\"text-h2 text-header-text mb-0\">\n                Schrijf je nu in!            <\/h2>\n                            <p class=\"text-p-body text-body-text max-w-[1000px] mb-0!\">\n                    Finance Flow Conference is speciaal ontwikkeld voor professionals die binnen hun eigen organisatie (mede-)verantwoordelijk zijn voor de financi\u00eble processen. Voor deze professionals zijn de eindgebruikerstickets beschikbaar. Deze tickets zijn niet bedoeld voor leveranciers, consultants, aanbieders, mensen met een commerci\u00eble functie of overige functies.\r\n\r\n                <\/p>\n                    <\/div>\n        <div class=\"ticket-table__grid grid grid-cols-1 md:grid-cols-2  w-full gap-6 items-stretch\">\n                                                  <div class=\"ticket-table__card w-full max-w-full h-full! flex! flex-col justify-between bg-primary-blue-light p-6 rounded-[15px] \"\n                       style=\"--svg-fill-color: #FFEDEE;\">\n                    <div class=\"ticket-table__card-content\">\n                      <div class=\"flex flex-col gap-4\">\n                          <div class=\"flex flex-col gap-4\">\n                              <div class=\"flex flex-wrap items-center gap-4\">\n                                                                            <p class=\"text-h2 text-header-text mb-0!\">\n                                            \u20ac0                                        <\/p>\n                                    \n                                                                    <\/div>\n\n                              <div class=\"flex flex-wrap items-start gap-4\">\n                                                                        <p class=\"text-h3 text-header-text mb-0!\">\n                                          Gratis eindgebruikersticket                                      <\/p>\n                                                                <\/div>\n\n                                                        <\/div>\n\n                                                        <ul class=\"flex flex-col gap-4 list-none m-0 p-0 ticket-table__features\">\n                                                                                                              <li class=\"flex items-start gap-3\">\n                                          <span class=\"material-symbols-outlined text-[24px] leading-none text-cta-blue\">\n                                              check                                          <\/span>\n                                          <span class=\"text-p-body text-header-text\">\n                                              Persoonlijk programma samenstellen                                          <\/span>\n                                      <\/li>\n                                                                                                              <li class=\"flex items-start gap-3\">\n                                          <span class=\"material-symbols-outlined text-[24px] leading-none text-cta-blue\">\n                                              check                                          <\/span>\n                                          <span class=\"text-p-body text-header-text\">\n                                              Volledig verzorgd inclusief lunch en borrel                                          <\/span>\n                                      <\/li>\n                                                                                                              <li class=\"flex items-start gap-3\">\n                                          <span class=\"material-symbols-outlined text-[24px] leading-none text-cta-blue\">\n                                              check                                          <\/span>\n                                          <span class=\"text-p-body text-header-text\">\n                                              Certificaat van deelname                                          <\/span>\n                                      <\/li>\n                                                                                                              <li class=\"flex items-start gap-3\">\n                                          <span class=\"material-symbols-outlined text-[24px] leading-none text-cta-blue\">\n                                              check                                          <\/span>\n                                          <span class=\"text-p-body text-header-text\">\n                                              Netwerken met vakgenoten en congrespartners                                          <\/span>\n                                      <\/li>\n                                                                                                              <li class=\"flex items-start gap-3\">\n                                          <span class=\"material-symbols-outlined text-[24px] leading-none text-cta-blue\">\n                                              check                                          <\/span>\n                                          <span class=\"text-p-body text-header-text\">\n                                              Drie 1-op-1 gesprekken van 15 minuten op basis van jouw voorkeuren                                          <\/span>\n                                      <\/li>\n                                                                <\/ul>\n                                                <\/div>\n\n                                                <div class=\"flex flex-col gap-4 pt-4\">\n                                                        <\/div>\n                                          <\/div>\n\n                    <div class=\"ticket-table__card-bottom align-bottom\">\n                                          <a class=\"btn btn--primary btn--arrow-right w-full justify-center\" href=\"https:\/\/heliview.com\/finance-flow-conference-belgie\/gratis-eindgebruikersticket\/\" target=\"\">\n                        <span>Inschrijven<\/span>\n                      <\/a>\n                                        <\/div>\n\n                  <\/div>\n                                                  <div class=\"ticket-table__card w-full max-w-full h-full! flex! flex-col justify-between bg-primary-blue-light p-6 rounded-[15px] \"\n                       style=\"--svg-fill-color: #FFEDEE;\">\n                    <div class=\"ticket-table__card-content\">\n                      <div class=\"flex flex-col gap-4\">\n                          <div class=\"flex flex-col gap-4\">\n                              <div class=\"flex flex-wrap items-center gap-4\">\n                                                                            <p class=\"text-h2 text-header-text mb-0!\">\n                                            \u20ac349                                        <\/p>\n                                    \n                                                                    <\/div>\n\n                              <div class=\"flex flex-wrap items-start gap-4\">\n                                                                        <p class=\"text-h3 text-header-text mb-0!\">\n                                          Betaald eindgebruikersticket                                      <\/p>\n                                                                <\/div>\n\n                                                        <\/div>\n\n                                                        <ul class=\"flex flex-col gap-4 list-none m-0 p-0 ticket-table__features\">\n                                                                                                              <li class=\"flex items-start gap-3\">\n                                          <span class=\"material-symbols-outlined text-[24px] leading-none text-cta-blue\">\n                                              check                                          <\/span>\n                                          <span class=\"text-p-body text-header-text\">\n                                              Persoonlijk programma samenstellen                                          <\/span>\n                                      <\/li>\n                                                                                                              <li class=\"flex items-start gap-3\">\n                                          <span class=\"material-symbols-outlined text-[24px] leading-none text-cta-blue\">\n                                              check                                          <\/span>\n                                          <span class=\"text-p-body text-header-text\">\n                                              Volledig verzorgd inclusief lunch en borrel                                          <\/span>\n                                      <\/li>\n                                                                                                              <li class=\"flex items-start gap-3\">\n                                          <span class=\"material-symbols-outlined text-[24px] leading-none text-cta-blue\">\n                                              check                                          <\/span>\n                                          <span class=\"text-p-body text-header-text\">\n                                              Certificaat van deelname                                          <\/span>\n                                      <\/li>\n                                                                <\/ul>\n                                                <\/div>\n\n                                                <div class=\"flex flex-col gap-4 pt-4\">\n                                                                <div class=\"flex flex-col gap-2\">\n                                                                                <div class=\"flex items-center gap-2 text-body-text\">\n                                              <span class=\"text-p-body\">\n                                                  Alleen noodzakelijke gegevens worden gedeeld*                                              <\/span>\n                                            \n                                          <\/div>\n                                                                                                              <\/div>\n                                                        <\/div>\n                                          <\/div>\n\n                    <div class=\"ticket-table__card-bottom align-bottom\">\n                                          <a class=\"btn btn--primary btn--arrow-right w-full justify-center\" href=\"https:\/\/heliview.com\/finance-flow-conference-belgie\/betaald-eindgebruikersticket\/\" target=\"\">\n                        <span>Inschrijven<\/span>\n                      <\/a>\n                                        <\/div>\n\n                  <\/div>\n                      <\/div>\n\n                    <div class=\"flex justify-center mt-6 text-center\">\n                <div class=\"text-p-small! ticket-table-footer text-body-light mb-0\">\n                    <p>*Bekijk de <a href=\"https:\/\/heliview.com\/inschrijfvoorwaarden\/\" target=\"_blank\" rel=\"noopener\">inschrijfvoorwaarden<\/a> en <a href=\"https:\/\/heliview.com\/privacy-statement\/\" target=\"_blank\" rel=\"noopener\">privacy statement<\/a><\/p>\n                <\/div>\n            <\/div>\n            <\/div>\n<\/section>\n\n\n\n<section id=\"standard-content-block_e0a60a9e19a0aaf5771ac9a0ec91efe1\" class=\"standard-content-block w-full\">\n    <div class=\"container w-full px-4 md:px-6 lg:px-10 py-12 md:py-20\">\n        <div class=\"mx-auto flex w-full max-w-none flex-col text-left items-start\">\n                            <h2 class=\"mb-4 md:mb-6\">\n                    Geen eindgebruiker?                <\/h2>\n            \n                            <div class=\"text-p-body text-body-text [&#038;_p]:mb-0!\">\n                    <p>Ben je geen eindgebruiker zoals hierboven beschreven, maar wil je wel het programma bijwonen? Dan is het helaas niet mogelijk om gratis deel te nemen. Met onderstaand ticket kun je wel het programma volgen. Dit ticket is niet bedoeld voor commerci\u00eble doeleinden zoals het proactief voeren van commerci\u00eble gesprekken en het tonen van bedrijfsuitingen in welke vorm dan ook. Hiervoor kan je een partnership af te nemen. Neem hiervoor contact op met Lyanne Kerkstra op <a href=\"mailto:lyanne.kerkstra@heliview.com\">lyanne.kerkstra@heliview.com<\/a>.<\/p>\n                <\/div>\n            \n                            <div class=\"mt-6 flex w-full flex-row flex-wrap gap-4 justify-start\">\n                                            <a\n                            href=\"https:\/\/heliview.com\/finance-flow-conference-belgie\/niet-eindgebruikersticket\/\"\n                            class=\"btn btn--primary btn--arrow-right\"\n                                                    >\n                            Inschrijven: \u20ac799                        <\/a>\n                                    <\/div>\n                    <\/div>\n    <\/div>\n<\/section>\n\n","protected":false},"excerpt":{"rendered":"","protected":false},"author":6,"featured_media":0,"parent":0,"menu_order":0,"comment_status":"closed","ping_status":"closed","template":"","meta":{"_acf_changed":true,"footnotes":""},"class_list":["post-23","page","type-page","status-publish","hentry"],"acf":[],"yoast_head":"<!-- This site is optimized with the Yoast SEO plugin v27.5 - https:\/\/yoast.com\/product\/yoast-seo-wordpress\/ -->\n<title>Inschrijven - Finance Flow Conference Belgie<\/title>\n<meta name=\"robots\" content=\"index, follow, max-snippet:-1, max-image-preview:large, max-video-preview:-1\" \/>\n<link rel=\"canonical\" href=\"https:\/\/heliview.com\/finance-flow-conference-belgie\/tickets\/\" \/>\n<meta property=\"og:locale\" content=\"nl_NL\" \/>\n<meta property=\"og:type\" content=\"article\" \/>\n<meta property=\"og:title\" content=\"Inschrijven - Finance Flow Conference Belgie\" \/>\n<meta property=\"og:url\" content=\"https:\/\/heliview.com\/finance-flow-conference-belgie\/tickets\/\" \/>\n<meta property=\"og:site_name\" content=\"Finance Flow Conference Belgie\" \/>\n<meta property=\"article:modified_time\" content=\"2026-05-07T20:19:42+00:00\" \/>\n<meta name=\"twitter:card\" content=\"summary_large_image\" \/>\n<script type=\"application\/ld+json\" class=\"yoast-schema-graph\">{\"@context\":\"https:\\\/\\\/schema.org\",\"@graph\":[{\"@type\":\"WebPage\",\"@id\":\"https:\\\/\\\/heliview.com\\\/finance-flow-conference-belgie\\\/tickets\\\/\",\"url\":\"https:\\\/\\\/heliview.com\\\/finance-flow-conference-belgie\\\/tickets\\\/\",\"name\":\"Inschrijven - Finance Flow Conference Belgie\",\"isPartOf\":{\"@id\":\"https:\\\/\\\/heliview.com\\\/finance-flow-conference-belgie\\\/#website\"},\"datePublished\":\"2026-04-26T14:27:17+00:00\",\"dateModified\":\"2026-05-07T20:19:42+00:00\",\"breadcrumb\":{\"@id\":\"https:\\\/\\\/heliview.com\\\/finance-flow-conference-belgie\\\/tickets\\\/#breadcrumb\"},\"inLanguage\":\"nl-NL\",\"potentialAction\":[{\"@type\":\"ReadAction\",\"target\":[\"https:\\\/\\\/heliview.com\\\/finance-flow-conference-belgie\\\/tickets\\\/\"]}]},{\"@type\":\"BreadcrumbList\",\"@id\":\"https:\\\/\\\/heliview.com\\\/finance-flow-conference-belgie\\\/tickets\\\/#breadcrumb\",\"itemListElement\":[{\"@type\":\"ListItem\",\"position\":1,\"name\":\"Home\",\"item\":\"https:\\\/\\\/heliview.com\\\/finance-flow-conference-belgie\\\/\"},{\"@type\":\"ListItem\",\"position\":2,\"name\":\"Inschrijven\"}]},{\"@type\":\"WebSite\",\"@id\":\"https:\\\/\\\/heliview.com\\\/finance-flow-conference-belgie\\\/#website\",\"url\":\"https:\\\/\\\/heliview.com\\\/finance-flow-conference-belgie\\\/\",\"name\":\"Finance Flow Conference Belgie\",\"description\":\"\",\"potentialAction\":[{\"@type\":\"SearchAction\",\"target\":{\"@type\":\"EntryPoint\",\"urlTemplate\":\"https:\\\/\\\/heliview.com\\\/finance-flow-conference-belgie\\\/?s={search_term_string}\"},\"query-input\":{\"@type\":\"PropertyValueSpecification\",\"valueRequired\":true,\"valueName\":\"search_term_string\"}}],\"inLanguage\":\"nl-NL\"}]}<\/script>\n<!-- \/ Yoast SEO plugin. -->","yoast_head_json":{"title":"Inschrijven - Finance Flow Conference Belgie","robots":{"index":"index","follow":"follow","max-snippet":"max-snippet:-1","max-image-preview":"max-image-preview:large","max-video-preview":"max-video-preview:-1"},"canonical":"https:\/\/heliview.com\/finance-flow-conference-belgie\/tickets\/","og_locale":"nl_NL","og_type":"article","og_title":"Inschrijven - Finance Flow Conference Belgie","og_url":"https:\/\/heliview.com\/finance-flow-conference-belgie\/tickets\/","og_site_name":"Finance Flow Conference Belgie","article_modified_time":"2026-05-07T20:19:42+00:00","twitter_card":"summary_large_image","schema":{"@context":"https:\/\/schema.org","@graph":[{"@type":"WebPage","@id":"https:\/\/heliview.com\/finance-flow-conference-belgie\/tickets\/","url":"https:\/\/heliview.com\/finance-flow-conference-belgie\/tickets\/","name":"Inschrijven - Finance Flow Conference Belgie","isPartOf":{"@id":"https:\/\/heliview.com\/finance-flow-conference-belgie\/#website"},"datePublished":"2026-04-26T14:27:17+00:00","dateModified":"2026-05-07T20:19:42+00:00","breadcrumb":{"@id":"https:\/\/heliview.com\/finance-flow-conference-belgie\/tickets\/#breadcrumb"},"inLanguage":"nl-NL","potentialAction":[{"@type":"ReadAction","target":["https:\/\/heliview.com\/finance-flow-conference-belgie\/tickets\/"]}]},{"@type":"BreadcrumbList","@id":"https:\/\/heliview.com\/finance-flow-conference-belgie\/tickets\/#breadcrumb","itemListElement":[{"@type":"ListItem","position":1,"name":"Home","item":"https:\/\/heliview.com\/finance-flow-conference-belgie\/"},{"@type":"ListItem","position":2,"name":"Inschrijven"}]},{"@type":"WebSite","@id":"https:\/\/heliview.com\/finance-flow-conference-belgie\/#website","url":"https:\/\/heliview.com\/finance-flow-conference-belgie\/","name":"Finance Flow Conference Belgie","description":"","potentialAction":[{"@type":"SearchAction","target":{"@type":"EntryPoint","urlTemplate":"https:\/\/heliview.com\/finance-flow-conference-belgie\/?s={search_term_string}"},"query-input":{"@type":"PropertyValueSpecification","valueRequired":true,"valueName":"search_term_string"}}],"inLanguage":"nl-NL"}]}},"_links":{"self":[{"href":"https:\/\/heliview.com\/finance-flow-conference-belgie\/wp-json\/wp\/v2\/pages\/23","targetHints":{"allow":["GET"]}}],"collection":[{"href":"https:\/\/heliview.com\/finance-flow-conference-belgie\/wp-json\/wp\/v2\/pages"}],"about":[{"href":"https:\/\/heliview.com\/finance-flow-conference-belgie\/wp-json\/wp\/v2\/types\/page"}],"author":[{"embeddable":true,"href":"https:\/\/heliview.com\/finance-flow-conference-belgie\/wp-json\/wp\/v2\/users\/6"}],"replies":[{"embeddable":true,"href":"https:\/\/heliview.com\/finance-flow-conference-belgie\/wp-json\/wp\/v2\/comments?post=23"}],"version-history":[{"count":0,"href":"https:\/\/heliview.com\/finance-flow-conference-belgie\/wp-json\/wp\/v2\/pages\/23\/revisions"}],"wp:attachment":[{"href":"https:\/\/heliview.com\/finance-flow-conference-belgie\/wp-json\/wp\/v2\/media?parent=23"}],"curies":[{"name":"wp","href":"https:\/\/api.w.org\/{rel}","templated":true}]}}