{"id":1912,"date":"2018-09-30T15:48:10","date_gmt":"2018-09-30T15:48:10","guid":{"rendered":"http:\/\/logichunt.net\/demo\/wordpress\/emeet\/home-banner-main-copy\/"},"modified":"2026-02-11T14:33:47","modified_gmt":"2026-02-11T12:33:47","slug":"home","status":"publish","type":"page","link":"https:\/\/heliview.com\/industrial-safety-sweden\/","title":{"rendered":"Home"},"content":{"rendered":"<div class=\"wpb-content-wrapper\">[vc_row full_width=&#8221;stretch_row_content&#8221; enable_full_screen=&#8221;yes&#8221; css=&#8221;.vc_custom_1746625553552{background-image: url(https:\/\/heliview.com\/industrial-safety-sweden\/wp-content\/uploads\/sites\/64\/2025\/05\/Industrie-2.jpg?id=6651) !important;background-position: center !important;background-repeat: no-repeat !important;background-size: cover !important;}&#8221;][vc_column][vc_row_inner][vc_column_inner css=&#8221;.vc_custom_1572806846026{padding-top: 30px !important;}&#8221;]<div id=\"lgx-header-banner\"  class=\"lgx-header-banner lgx-header-default lgx-header-color-default\">\r\n    \r\n                    \r\n                    \r\n                    <div class=\"lgx-header-inner-sm\">  \r\n                        <div class=\"lgx-container-fixed\">  \r\n                    \r\n                        <div class=\"lgx-banner-info   lgx-banner-info-center \"  >\r\n                   \r\n                                                                         \r\n                                                                    \r\n                            <h2 class=\"title varieties-title\"> Industrial Safety 2026<\/h2>                                        \r\n                              \r\n                            <div class=\"location-area\">                                    \r\n                            <h3 class=\"location\"><i class=\"fa fa-map-marker\"><\/i> Lindholmen Conference Centre G\u00f6teborg<\/h3>      \r\n                            <h3 class=\"location\"> den 12 november 2026<\/h3>      \r\n                            \r\n                           <\/div>  \r\n                            <div class=\"action-area vcx-action-area\">                 \r\n                                 <ul class=\"list-inline vcx-action-list\">\r\n                                    <li><\/li>\r\n                                    <li><\/li>\r\n                                    <li><\/li>\r\n                                <\/ul>                                    \r\n                                \r\n                            <\/div> <!-- \/\/ .ACTION -->\r\n                            \r\n                              \r\n                            \r\n                            <\/div> <!-- \/\/ .WRAPPER -->\r\n                            \r\n                        <\/div> <!-- \/\/ .container --> \r\n                                                 \r\n                    <\/div><!-- \/\/ .INNER -->\r\n                <\/div>[\/vc_column_inner][\/vc_row_inner][\/vc_column][\/vc_row][vc_row full_width=&#8221;stretch_row_content&#8221; enable_full_screen=&#8221;yes&#8221; el_class=&#8221;lgx-inner&#8221; css=&#8221;.vc_custom_1747051312159{padding-top: 30px !important;padding-right: 30px !important;padding-bottom: 30px !important;padding-left: 30px !important;background-color: #FFFFFF !important;}&#8221;][vc_column width=&#8221;2\/3&#8243;]<div class=\"lgx-heading  \" >\r\n                    <h2 class=\"heading\">Innovation versus Safety: A balancing act?<\/h2>\r\n                    <h3 class=\"subheading\"><\/h3>              \r\n              <\/div>[vc_column_text css=&#8221;&#8221;]<strong>S\u00e4kerhet b\u00f6rjar med dig sj\u00e4lv!<\/strong><\/p>\n<p>Under konferensen <em>Industrial Safety<\/em> den 12 november i G\u00f6teborg st\u00e5r kunskapsdelning och m\u00f6ten mellan yrkesverksamma inom industriell s\u00e4kerhet i fokus. Detta unika evenemang samlar s\u00e4kerhetsexperter, SHEQ-chefer och kvalitetschefer fr\u00e5n olika industrisektorer f\u00f6r en inspirerande dag full av insikter, l\u00f6sningar och kontakter.\u200b<\/p>\n<p><em>Industrial Safety<\/em> presenterar de senaste utvecklingarna inom process\u00e4kerhet, explosionss\u00e4kerhet, personlig skyddsutrustning och s\u00e4kerhetsmedvetenhet p\u00e5 arbetsplatsen. Fokus ligger p\u00e5 praktisk till\u00e4mpning, innovationer och samspelet mellan teknik, m\u00e4nniska och organisation.\u200b<\/p>\n<p>Konferensen erbjuder ett m\u00e5ngsidigt och h\u00f6gkvalitativt program med framst\u00e5ende talare fr\u00e5n industrin. \u00c4mnena str\u00e4cker sig fr\u00e5n s\u00e4kerhetskultur och beteendef\u00f6r\u00e4ndring till riskanalys och p\u00e5verkan av lagstiftning. S\u00e4rskild uppm\u00e4rksamhet \u00e4gnas \u00e5t tolkningen av nyckelbegrepp som <em>Risk<\/em> och <em>S\u00e4kerhet<\/em> inom industriell kontext.\u200b<\/p>\n<p><em>Industrial Safety<\/em> \u00e4r den sj\u00e4lvklara platsen f\u00f6r att h\u00e5lla sig uppdaterad om aktuella trender, dela b\u00e4sta praxis med kollegor och bygga en s\u00e4krare industriell framtid. Missa inte denna f\u00f6rsta upplaga!\u200b[\/vc_column_text][vc_cta h2=&#8221;&#8221; h4=&#8221;Fokusomr\u00e5den&#8221; color=&#8221;black&#8221; css=&#8221;&#8221;]\n<ul class=\"checklist\">\n<li><span style=\"color: #000000\">Process\u00e4kerhet, automation och instrumentering<\/span><\/li>\n<li><span style=\"color: #000000\">ATEX &amp; farliga \u00e4mnen<\/span><\/li>\n<li><span style=\"color: #000000\">S\u00e4kerhetssimulering &amp; scenariomodellering<\/span><\/li>\n<li><span style=\"color: #000000\">Personlig skyddsutrustning (PPE)<\/span><\/li>\n<li><span style=\"color: #000000\">Standarder, lagstiftning, inspektion &amp; certfiering<\/span><\/li>\n<li><span style=\"color: #000000\">S\u00e4kerhetskultur &amp; beteende<\/span><\/li>\n<li><span style=\"color: #000000\">Skyltning, visualisering &amp; dokumentation<\/span><\/li>\n<li><span style=\"color: #000000\">S\u00e4kerhetsledningssytem, utbildning &amp; kompetensutveckling<\/span><\/li>\n<li><span style=\"color: #000000\">Maskins\u00e4kerhet<\/span><\/li>\n<li><span style=\"color: #000000\">Brands\u00e4kerhet och Fire Safety Engineering<\/span><\/li>\n<\/ul>\n[\/vc_cta][\/vc_column][vc_column width=&#8221;1\/3&#8243;][vc_empty_space][vc_single_image image=&#8221;6936&#8243; img_size=&#8221;&#8221; css=&#8221;&#8221;][vc_empty_space]<div class=\"lgx-brand-btn-area text-left\">\r\n                    <a class=\"lgx-btn btn-df  lgx-btn-brand\" href=\"https:\/\/heliview.com\/industrial-safety-sweden\/programme\/\" target=\"_blank\"><span>Till programmet<\/span><\/a>\r\n                    \r\n               \r\n                <\/div>[\/vc_column][\/vc_row][vc_row enable_full_screen=&#8221;yes&#8221; css=&#8221;.vc_custom_1747051434263{background-color: #1B273D !important;}&#8221;][vc_column][vc_row_inner][vc_column_inner width=&#8221;1\/2&#8243;][vc_empty_space][vc_empty_space][vc_cta h2=&#8221;&#8221; h4=&#8221;Dela med dig av din expertis!&#8221; css=&#8221;&#8221;]\n<ul class=\"checklist\">\n<li>Process\u00e4kerhet, automation och instrumentering<\/li>\n<li>ATEX &amp; farliga \u00e4mnen<\/li>\n<li>S\u00e4kerhetssimulering &amp; scenariomodellering<\/li>\n<li>Personlig skyddsutrustning (PPE)<\/li>\n<li>Standarder, lagstiftning, inspektion &amp; certifiering<\/li>\n<li>S\u00e4kerhetskultur &amp; beteende<\/li>\n<li>Skyltning, visualisering &amp; dokumentation<\/li>\n<li>S\u00e4kerhetsledningssystem, utbildning &amp; kompetensutveckling<\/li>\n<li>Maskins\u00e4kerhet<\/li>\n<li>Brands\u00e4kerhet och Fire Safety Engineering<\/li>\n<\/ul>\n[\/vc_cta][\/vc_column_inner][vc_column_inner width=&#8221;1\/2&#8243;]<div class=\"lgx-heading  \" >\r\n                    <h2 class=\"heading\">Section Title<\/h2>\r\n                    <h3 class=\"subheading\">Inbjudan till talare - Bidra till programmet<\/h3>              \r\n              <\/div>[vc_column_text css=&#8221;&#8221;]<span style=\"color: #ffffff\">\u00c4r du en expert, innovat\u00f6r eller praktiker med en v\u00e4rdefull ber\u00e4ttelse att dela med dig av? Vi h\u00e5ller f\u00f6r n\u00e4rvarande p\u00e5 att sammanst\u00e4lla programmet f\u00f6r Industrial Safety Sweden Conference och v\u00e4lkomnar f\u00f6rslag fr\u00e5n yrkesverksamma som kan bidra med meningsfulla insikter, erfarenheter fr\u00e5n verkligheten eller fram\u00e5tblickande id\u00e9er.<\/span><\/p>\n<p><span style=\"color: #ffffff\">Oavsett om ditt perspektiv \u00e4r strategiskt, tekniskt, policydrivet eller operativt &#8211; vi letar efter sessioner som informerar, utmanar och engagerar v\u00e5r publik.<\/span>[\/vc_column_text]<div class=\"lgx-brand-btn-area text-left\">\r\n                    <a class=\"lgx-btn btn-df  lgx-btn-brand\" href=\"mailto:dick.de.laat@heliview.com\" target=\"_blank\"><span>Kontakta mig<\/span><\/a>\r\n                    \r\n               \r\n                <\/div>[\/vc_column_inner][\/vc_row_inner][vc_empty_space][\/vc_column][\/vc_row][vc_row enable_full_screen=&#8221;yes&#8221; css=&#8221;.vc_custom_1758806155096{background-color: #FFF9E5 !important;}&#8221;][vc_column][vc_row_inner][vc_column_inner]<div class=\"lgx-heading  \" >\r\n                    <h2 class=\"heading\"><\/h2>\r\n                    <h3 class=\"subheading\">Experterna talar p\u00e5 Industrial Safety 2025<\/h3>              \r\n              <\/div>[\/vc_column_inner][\/vc_row_inner][vc_row_inner][vc_column_inner width=&#8221;1\/4&#8243;]\r\n\r\n    <div class=\"lgx-single-speaker lgx-single-speaker-one \">\r\n        <figure>\r\n            <a class=\"profile-img\" href=\"https:\/\/heliview.com\/industrial-safety-sweden\/speaker\/anna-gruffman\/\">\r\n                <img decoding=\"async\" src=\"https:\/\/heliview.com\/industrial-safety-sweden\/wp-content\/uploads\/sites\/64\/2025\/09\/Anna-Gruffman.png\" alt=\"Anna Gruffman\"\/>\r\n            <\/a>\r\n\r\n            <figcaption>\r\n                <div class=\"social-group\">\r\n                                                                                                                                                            <\/div>\r\n                <div class=\"speaker-info\">\r\n                    <h3 class=\"title\"><a href=\"https:\/\/heliview.com\/industrial-safety-sweden\/speaker\/anna-gruffman\/\">Anna Gruffman<\/a><\/h3>\r\n                    <h4 class=\"subtitle\">Vice President Health & Safety of Vattenfall AB<\/h4>                <\/div>\r\n            <\/figcaption>\r\n        <\/figure>\r\n    <\/div>\r\n\r\n\r\n\r\n    [\/vc_column_inner][vc_column_inner width=&#8221;1\/4&#8243;]\r\n\r\n    <div class=\"lgx-single-speaker lgx-single-speaker-one \">\r\n        <figure>\r\n            <a class=\"profile-img\" href=\"https:\/\/heliview.com\/industrial-safety-sweden\/speaker\/sixten-dahlbom\/\">\r\n                <img decoding=\"async\" src=\"https:\/\/heliview.com\/industrial-safety-sweden\/wp-content\/uploads\/sites\/64\/2025\/09\/Sixten-Dahlbom.png\" alt=\"Sixten Dahlbom\"\/>\r\n            <\/a>\r\n\r\n            <figcaption>\r\n                <div class=\"social-group\">\r\n                                                                                                                                                            <\/div>\r\n                <div class=\"speaker-info\">\r\n                    <h3 class=\"title\"><a href=\"https:\/\/heliview.com\/industrial-safety-sweden\/speaker\/sixten-dahlbom\/\">Sixten Dahlbom<\/a><\/h3>\r\n                    <h4 class=\"subtitle\">Forskare och Projektledare of RISE Research Institutes of Sweden<\/h4>                <\/div>\r\n            <\/figcaption>\r\n        <\/figure>\r\n    <\/div>\r\n\r\n\r\n\r\n    [\/vc_column_inner][vc_column_inner width=&#8221;1\/4&#8243;]\r\n\r\n    <div class=\"lgx-single-speaker lgx-single-speaker-one \">\r\n        <figure>\r\n            <a class=\"profile-img\" href=\"https:\/\/heliview.com\/industrial-safety-sweden\/speaker\/ann-axelsson\/\">\r\n                <img decoding=\"async\" src=\"https:\/\/heliview.com\/industrial-safety-sweden\/wp-content\/uploads\/sites\/64\/2025\/07\/Ann-Axelsson.png\" alt=\"Ann Axelsson\"\/>\r\n            <\/a>\r\n\r\n            <figcaption>\r\n                <div class=\"social-group\">\r\n                                                                                <a class=\"sp-in\" target=\"_blank\" href=\"https:\/\/www.linkedin.com\/in\/ann-axelsson-80a204116\"><i class=\"fa fa-linkedin\"><\/i><\/a>                                                                            <\/div>\r\n                <div class=\"speaker-info\">\r\n                    <h3 class=\"title\"><a href=\"https:\/\/heliview.com\/industrial-safety-sweden\/speaker\/ann-axelsson\/\">Ann Axelsson<\/a><\/h3>\r\n                    <h4 class=\"subtitle\">Safety machine Specialist of Siemens Energy AB<\/h4>                <\/div>\r\n            <\/figcaption>\r\n        <\/figure>\r\n    <\/div>\r\n\r\n\r\n\r\n    [\/vc_column_inner][vc_column_inner width=&#8221;1\/4&#8243;]\r\n\r\n    <div class=\"lgx-single-speaker lgx-single-speaker-one \">\r\n        <figure>\r\n            <a class=\"profile-img\" href=\"https:\/\/heliview.com\/industrial-safety-sweden\/speaker\/lasse-gustavsson\/\">\r\n                <img decoding=\"async\" src=\"https:\/\/heliview.com\/industrial-safety-sweden\/wp-content\/uploads\/sites\/64\/2025\/07\/Ontwerp-zonder-titel-2025-07-14T114128.590.png\" alt=\"Lasse Gustavsson\"\/>\r\n            <\/a>\r\n\r\n            <figcaption>\r\n                <div class=\"social-group\">\r\n                                                                                <a class=\"sp-in\" target=\"_blank\" href=\"https:\/\/www.linkedin.com\/in\/lassebrandmannengustavsson\"><i class=\"fa fa-linkedin\"><\/i><\/a>                                                                            <\/div>\r\n                <div class=\"speaker-info\">\r\n                    <h3 class=\"title\"><a href=\"https:\/\/heliview.com\/industrial-safety-sweden\/speaker\/lasse-gustavsson\/\">Lasse Gustavsson<\/a><\/h3>\r\n                    <h4 class=\"subtitle\">Educator & Keynote Speaker of Pan Inspiration<\/h4>                <\/div>\r\n            <\/figcaption>\r\n        <\/figure>\r\n    <\/div>\r\n\r\n\r\n\r\n    [\/vc_column_inner][\/vc_row_inner][vc_row_inner][vc_column_inner]<div class=\"lgx-brand-btn-area text-left\">\r\n                    <a class=\"lgx-btn btn-df  lgx-btn-brand\" href=\"https:\/\/heliview.com\/industrial-safety-sweden\/programme\/\" target=\"_blank\"><span>Se programmet<\/span><\/a>\r\n                    <a class=\"lgx-btn btn-df  lgx-btn-brand2\" href=\"https:\/\/heliview.com\/industrial-safety-sweden\/speakers\/\" target=\"_blank\"><span>Se alla talare<\/span><\/a>\r\n               \r\n                <\/div>[\/vc_column_inner][\/vc_row_inner][vc_empty_space][\/vc_column][\/vc_row][vc_row enable_full_screen=&#8221;yes&#8221; css=&#8221;.vc_custom_1758805498322{background-color: #FFFFFF !important;}&#8221;][vc_column]<div class=\"lgx-heading  \" >\r\n                    <h2 class=\"heading\"><\/h2>\r\n                    <h3 class=\"subheading\">Tr\u00e4ffa experter och kollegor fr\u00e5n<\/h3>              \r\n              <\/div>[vc_row_inner][vc_column_inner][vc_media_grid style=&#8221;load-more&#8221; items_per_page=&#8221;8&#8243; element_width=&#8221;3&#8243; gap=&#8221;15&#8243; css=&#8221;.vc_custom_1770813223245{background-color: #FFFFFF !important;}&#8221; btn_title=&#8221;Ladda mer&#8221; btn_color=&#8221;sky&#8221; btn_size=&#8221;sm&#8221; initial_loading_animation=&#8221;none&#8221; grid_id=&#8221;vc_gid:1770813192984-37d584d9-ad6c-3&#8243; include=&#8221;6871,6863,6858,6825,6875,6876,6877,6878,6879,6880,6881&#8243;][\/vc_column_inner][\/vc_row_inner][\/vc_column][\/vc_row]\n<\/div>","protected":false},"excerpt":{"rendered":"<p>[vc_row full_width=&#8221;stretch_row_content&#8221; enable_full_screen=&#8221;yes&#8221; css=&#8221;.vc_custom_1746625553552{background-image: url(https:\/\/heliview.com\/industrial-safety-sweden\/wp-content\/uploads\/sites\/64\/2025\/05\/Industrie-2.jpg?id=6651) !important;background-position: center !important;background-repeat: no-repeat !important;background-size: cover !important;}&#8221;][vc_column][vc_row_inner][vc_column_inner css=&#8221;.vc_custom_1572806846026{padding-top: 30px !important;}&#8221;][\/vc_column_inner][\/vc_row_inner][\/vc_column][\/vc_row][vc_row full_width=&#8221;stretch_row_content&#8221; enable_full_screen=&#8221;yes&#8221; el_class=&#8221;lgx-inner&#8221; css=&#8221;.vc_custom_1747051312159{padding-top: 30px !important;padding-right: 30px !important;padding-bottom: 30px !important;padding-left: 30px !important;background-color: #FFFFFF !important;}&#8221;][vc_column width=&#8221;2\/3&#8243;][vc_column_text css=&#8221;&#8221;]S\u00e4kerhet b\u00f6rjar med dig sj\u00e4lv! Under konferensen Industrial Safety den 12 november i G\u00f6teborg st\u00e5r kunskapsdelning och m\u00f6ten mellan yrkesverksamma inom industriell s\u00e4kerhet i fokus. [&hellip;]<\/p>\n","protected":false},"author":21,"featured_media":0,"parent":0,"menu_order":0,"comment_status":"closed","ping_status":"closed","template":"page-template\/tpl-home-page-default.php","meta":{"_acf_changed":false,"footnotes":""},"class_list":["post-1912","page","type-page","status-publish","hentry"],"yoast_head":"<!-- This site is optimized with the Yoast SEO plugin v25.3.1 - https:\/\/yoast.com\/wordpress\/plugins\/seo\/ -->\r\n<title>Industrial Safety Sweden 2025<\/title>\r\n<meta name=\"description\" content=\"Under konferensen kommer flera talare fr\u00e5n ledande organisationer att ber\u00e4tta om hur de har lagt upp sina strategier. Bli inspirerad och informerad.\" \/>\r\n<meta name=\"robots\" content=\"index, follow, max-snippet:-1, max-image-preview:large, max-video-preview:-1\" \/>\r\n<link rel=\"canonical\" href=\"https:\/\/heliview.com\/industrial-safety-sweden\/\" \/>\r\n<meta property=\"og:locale\" content=\"en_US\" \/>\r\n<meta property=\"og:type\" content=\"article\" \/>\r\n<meta property=\"og:title\" content=\"Industrial Safety Sweden 2025\" \/>\r\n<meta property=\"og:description\" content=\"Under konferensen kommer flera talare fr\u00e5n ledande organisationer att ber\u00e4tta om hur de har lagt upp sina strategier. Bli inspirerad och informerad.\" \/>\r\n<meta property=\"og:url\" content=\"https:\/\/heliview.com\/industrial-safety-sweden\/\" \/>\r\n<meta property=\"og:site_name\" content=\"Industrial Safety Sweden\" \/>\r\n<meta property=\"article:publisher\" content=\"https:\/\/www.facebook.com\/HeliviewCT\" \/>\r\n<meta property=\"article:modified_time\" content=\"2026-02-11T12:33:47+00:00\" \/>\r\n<meta name=\"twitter:card\" content=\"summary_large_image\" \/>\r\n<meta name=\"twitter:site\" content=\"@HeliviewConf\" \/>\r\n<meta name=\"twitter:label1\" content=\"Est. reading time\" \/>\n\t<meta name=\"twitter:data1\" content=\"5 minutes\" \/>\r\n<script type=\"application\/ld+json\" class=\"yoast-schema-graph\">{\"@context\":\"https:\/\/schema.org\",\"@graph\":[{\"@type\":\"WebPage\",\"@id\":\"https:\/\/heliview.com\/industrial-safety-sweden\/\",\"url\":\"https:\/\/heliview.com\/industrial-safety-sweden\/\",\"name\":\"Industrial Safety Sweden 2025\",\"isPartOf\":{\"@id\":\"https:\/\/heliview.com\/industrial-safety-sweden\/#website\"},\"datePublished\":\"2018-09-30T15:48:10+00:00\",\"dateModified\":\"2026-02-11T12:33:47+00:00\",\"description\":\"Under konferensen kommer flera talare fr\u00e5n ledande organisationer att ber\u00e4tta om hur de har lagt upp sina strategier. Bli inspirerad och informerad.\",\"breadcrumb\":{\"@id\":\"https:\/\/heliview.com\/industrial-safety-sweden\/#breadcrumb\"},\"inLanguage\":\"en-US\",\"potentialAction\":[{\"@type\":\"ReadAction\",\"target\":[\"https:\/\/heliview.com\/industrial-safety-sweden\/\"]}]},{\"@type\":\"BreadcrumbList\",\"@id\":\"https:\/\/heliview.com\/industrial-safety-sweden\/#breadcrumb\",\"itemListElement\":[{\"@type\":\"ListItem\",\"position\":1,\"name\":\"Home\",\"item\":\"https:\/\/heliview.com\/industrial-safety-sweden\/\"},{\"@type\":\"ListItem\",\"position\":2,\"name\":\"Home\"}]},{\"@type\":\"WebSite\",\"@id\":\"https:\/\/heliview.com\/industrial-safety-sweden\/#website\",\"url\":\"https:\/\/heliview.com\/industrial-safety-sweden\/\",\"name\":\"Industrial Safety Sweden\",\"description\":\"\",\"potentialAction\":[{\"@type\":\"SearchAction\",\"target\":{\"@type\":\"EntryPoint\",\"urlTemplate\":\"https:\/\/heliview.com\/industrial-safety-sweden\/?s={search_term_string}\"},\"query-input\":{\"@type\":\"PropertyValueSpecification\",\"valueRequired\":true,\"valueName\":\"search_term_string\"}}],\"inLanguage\":\"en-US\"}]}<\/script>\r\n<!-- \/ Yoast SEO plugin. -->","yoast_head_json":{"title":"Industrial Safety Sweden 2025","description":"Under konferensen kommer flera talare fr\u00e5n ledande organisationer att ber\u00e4tta om hur de har lagt upp sina strategier. Bli inspirerad och informerad.","robots":{"index":"index","follow":"follow","max-snippet":"max-snippet:-1","max-image-preview":"max-image-preview:large","max-video-preview":"max-video-preview:-1"},"canonical":"https:\/\/heliview.com\/industrial-safety-sweden\/","og_locale":"en_US","og_type":"article","og_title":"Industrial Safety Sweden 2025","og_description":"Under konferensen kommer flera talare fr\u00e5n ledande organisationer att ber\u00e4tta om hur de har lagt upp sina strategier. Bli inspirerad och informerad.","og_url":"https:\/\/heliview.com\/industrial-safety-sweden\/","og_site_name":"Industrial Safety Sweden","article_publisher":"https:\/\/www.facebook.com\/HeliviewCT","article_modified_time":"2026-02-11T12:33:47+00:00","twitter_card":"summary_large_image","twitter_site":"@HeliviewConf","twitter_misc":{"Est. reading time":"5 minutes"},"schema":{"@context":"https:\/\/schema.org","@graph":[{"@type":"WebPage","@id":"https:\/\/heliview.com\/industrial-safety-sweden\/","url":"https:\/\/heliview.com\/industrial-safety-sweden\/","name":"Industrial Safety Sweden 2025","isPartOf":{"@id":"https:\/\/heliview.com\/industrial-safety-sweden\/#website"},"datePublished":"2018-09-30T15:48:10+00:00","dateModified":"2026-02-11T12:33:47+00:00","description":"Under konferensen kommer flera talare fr\u00e5n ledande organisationer att ber\u00e4tta om hur de har lagt upp sina strategier. Bli inspirerad och informerad.","breadcrumb":{"@id":"https:\/\/heliview.com\/industrial-safety-sweden\/#breadcrumb"},"inLanguage":"en-US","potentialAction":[{"@type":"ReadAction","target":["https:\/\/heliview.com\/industrial-safety-sweden\/"]}]},{"@type":"BreadcrumbList","@id":"https:\/\/heliview.com\/industrial-safety-sweden\/#breadcrumb","itemListElement":[{"@type":"ListItem","position":1,"name":"Home","item":"https:\/\/heliview.com\/industrial-safety-sweden\/"},{"@type":"ListItem","position":2,"name":"Home"}]},{"@type":"WebSite","@id":"https:\/\/heliview.com\/industrial-safety-sweden\/#website","url":"https:\/\/heliview.com\/industrial-safety-sweden\/","name":"Industrial Safety Sweden","description":"","potentialAction":[{"@type":"SearchAction","target":{"@type":"EntryPoint","urlTemplate":"https:\/\/heliview.com\/industrial-safety-sweden\/?s={search_term_string}"},"query-input":{"@type":"PropertyValueSpecification","valueRequired":true,"valueName":"search_term_string"}}],"inLanguage":"en-US"}]}},"acf":[],"_links":{"self":[{"href":"https:\/\/heliview.com\/industrial-safety-sweden\/wp-json\/wp\/v2\/pages\/1912","targetHints":{"allow":["GET"]}}],"collection":[{"href":"https:\/\/heliview.com\/industrial-safety-sweden\/wp-json\/wp\/v2\/pages"}],"about":[{"href":"https:\/\/heliview.com\/industrial-safety-sweden\/wp-json\/wp\/v2\/types\/page"}],"author":[{"embeddable":true,"href":"https:\/\/heliview.com\/industrial-safety-sweden\/wp-json\/wp\/v2\/users\/21"}],"replies":[{"embeddable":true,"href":"https:\/\/heliview.com\/industrial-safety-sweden\/wp-json\/wp\/v2\/comments?post=1912"}],"version-history":[{"count":12,"href":"https:\/\/heliview.com\/industrial-safety-sweden\/wp-json\/wp\/v2\/pages\/1912\/revisions"}],"predecessor-version":[{"id":6977,"href":"https:\/\/heliview.com\/industrial-safety-sweden\/wp-json\/wp\/v2\/pages\/1912\/revisions\/6977"}],"wp:attachment":[{"href":"https:\/\/heliview.com\/industrial-safety-sweden\/wp-json\/wp\/v2\/media?parent=1912"}],"curies":[{"name":"wp","href":"https:\/\/api.w.org\/{rel}","templated":true}]}}