{"id":2444,"date":"2018-10-04T11:37:03","date_gmt":"2018-10-04T11:37:03","guid":{"rendered":"http:\/\/logichunt.net\/demo\/wordpress\/emeet\/home-banner-twelve-copy\/"},"modified":"2025-12-08T12:36:34","modified_gmt":"2025-12-08T10:36:34","slug":"bli-partner","status":"publish","type":"page","link":"https:\/\/heliview.com\/industrial-safety-sweden\/bli-partner\/","title":{"rendered":"Bli partner"},"content":{"rendered":"<div class=\"wpb-content-wrapper\">[vc_row full_width=&#8221;stretch_row&#8221; css=&#8221;.vc_custom_1617373986261{background-color: #ffffff !important;}&#8221;][vc_column width=&#8221;1\/3&#8243;]<div class=\"lgx-heading  \" >\r\n                    <h2 class=\"heading\"><\/h2>\r\n                    <h3 class=\"subheading\">D\u00e4rf\u00f6r b\u00f6r du inte missa v\u00e5ra konferenser<\/h3>              \r\n              <\/div>[vc_column_text]\n<ul class=\"checklist\">\n<li>Generera leads bland en kvalificerad m\u00e5lgrupp<\/li>\n<li>Garanterad interaktion med potentiella kunder<\/li>\n<li>V\u00e4rdefull matchmaking under 1-mot-1-intervjuerna baserat p\u00e5 dina och deltagarnas preferenser<\/li>\n<li>Och mycket mer!<\/li>\n<\/ul>\n[\/vc_column_text][vc_row_inner][vc_column_inner][vc_single_image image=&#8221;6513&#8243; img_size=&#8221;200&#215;200&#8243; css=&#8221;&#8221;][vc_column_text css=&#8221;&#8221;]\n<h5>Dick de Laat<\/h5>\n<p>Fyll i formul\u00e4ret s\u00e5 kontaktar jag dig s\u00e5 snart som m\u00f6jligt![\/vc_column_text][\/vc_column_inner][\/vc_row_inner][\/vc_column][vc_column width=&#8221;2\/3&#8243;]<div class=\"lgx-heading  \" >\r\n                    <h2 class=\"heading\"><\/h2>\r\n                    <h3 class=\"subheading\">Kontakta mig<\/h3>              \r\n              <\/div>\n<div class=\"wpcf7 no-js\" id=\"wpcf7-f4792-o1\" lang=\"nl-NL\" dir=\"ltr\" data-wpcf7-id=\"4792\">\n<div class=\"screen-reader-response\"><p role=\"status\" aria-live=\"polite\" aria-atomic=\"true\"><\/p> <ul><\/ul><\/div>\n<form action=\"\/industrial-safety-sweden\/wp-json\/wp\/v2\/pages\/2444#wpcf7-f4792-o1\" method=\"post\" class=\"wpcf7-form init\" aria-label=\"Contactformulier\" novalidate=\"novalidate\" data-status=\"init\">\n<div style=\"display: none;\">\n<input type=\"hidden\" name=\"_wpcf7\" value=\"4792\" \/>\n<input type=\"hidden\" name=\"_wpcf7_version\" value=\"6.0.6\" \/>\n<input type=\"hidden\" name=\"_wpcf7_locale\" value=\"nl_NL\" \/>\n<input type=\"hidden\" name=\"_wpcf7_unit_tag\" value=\"wpcf7-f4792-o1\" \/>\n<input type=\"hidden\" name=\"_wpcf7_container_post\" value=\"0\" \/>\n<input type=\"hidden\" name=\"_wpcf7_posted_data_hash\" value=\"\" \/>\n<input type=\"hidden\" name=\"_wpcf7cf_hidden_group_fields\" value=\"[]\" \/>\n<input type=\"hidden\" name=\"_wpcf7cf_hidden_groups\" value=\"[]\" \/>\n<input type=\"hidden\" name=\"_wpcf7cf_visible_groups\" value=\"[]\" \/>\n<input type=\"hidden\" name=\"_wpcf7cf_repeaters\" value=\"[]\" \/>\n<input type=\"hidden\" name=\"_wpcf7cf_steps\" value=\"{}\" \/>\n<input type=\"hidden\" name=\"_wpcf7cf_options\" value=\"{&quot;form_id&quot;:4792,&quot;conditions&quot;:[],&quot;settings&quot;:{&quot;animation&quot;:&quot;yes&quot;,&quot;animation_intime&quot;:200,&quot;animation_outtime&quot;:200,&quot;conditions_ui&quot;:&quot;normal&quot;,&quot;notice_dismissed&quot;:false}}\" \/>\n<input type=\"hidden\" name=\"_wpcf7_recaptcha_response\" value=\"\" \/>\n<\/div>\n<p><label> Ert namn*<br \/>\n<span class=\"wpcf7-form-control-wrap\" data-name=\"your-name\"><input size=\"40\" maxlength=\"400\" class=\"wpcf7-form-control wpcf7-text wpcf7-validates-as-required\" aria-required=\"true\" aria-invalid=\"false\" value=\"\" type=\"text\" name=\"your-name\" \/><\/span> <\/label>\n<\/p>\n<p><label> Organisationens namn*<br \/>\n<span class=\"wpcf7-form-control-wrap\" data-name=\"your-company\"><input size=\"40\" maxlength=\"400\" class=\"wpcf7-form-control wpcf7-text wpcf7-validates-as-required\" aria-required=\"true\" aria-invalid=\"false\" value=\"\" type=\"text\" name=\"your-company\" \/><\/span> <\/label>\n<\/p>\n<p><label> Telefonnummer*<br \/>\n<span class=\"wpcf7-form-control-wrap\" data-name=\"your-phone\"><input size=\"40\" maxlength=\"400\" class=\"wpcf7-form-control wpcf7-tel wpcf7-validates-as-required wpcf7-text wpcf7-validates-as-tel\" aria-required=\"true\" aria-invalid=\"false\" value=\"\" type=\"tel\" name=\"your-phone\" \/><\/span> <\/label>\n<\/p>\n<p><label> E-postadress*<br \/>\n<span class=\"wpcf7-form-control-wrap\" data-name=\"your-email\"><input size=\"40\" maxlength=\"400\" class=\"wpcf7-form-control wpcf7-email wpcf7-validates-as-required wpcf7-text wpcf7-validates-as-email\" aria-required=\"true\" aria-invalid=\"false\" value=\"\" type=\"email\" name=\"your-email\" \/><\/span> <\/label>\n<\/p>\n<p><label> Din fr\u00e5ga eller kommentar<br \/>\n<span class=\"wpcf7-form-control-wrap\" data-name=\"your-message\"><textarea cols=\"40\" rows=\"10\" maxlength=\"2000\" class=\"wpcf7-form-control wpcf7-textarea\" aria-invalid=\"false\" name=\"your-message\"><\/textarea><\/span> <\/label>\n<\/p>\n<p><input class=\"wpcf7-form-control wpcf7-submit has-spinner\" type=\"submit\" value=\"Skicka\" \/>\n<\/p><div class=\"wpcf7-response-output\" aria-hidden=\"true\"><\/div>\n<\/form>\n<\/div>\n[\/vc_column][\/vc_row][vc_row css=&#8221;.vc_custom_1617375157121{background-color: #f2f2f2 !important;}&#8221;][vc_column]<div class=\"lgx-heading  \" >\r\n                    <h2 class=\"heading\"><\/h2>\r\n                    <h3 class=\"subheading\">Hur ser en Heliview-kongress ut?<\/h3>              \r\n              <\/div>[vc_row_inner css=&#8221;.vc_custom_1617375137183{background-color: #f2f2f2 !important;}&#8221;][vc_column_inner width=&#8221;1\/2&#8243;][vc_video link=&#8221;https:\/\/youtu.be\/7bzPjLfBwW8&#8243;][\/vc_column_inner][vc_column_inner width=&#8221;1\/2&#8243;][vc_empty_space height=&#8221;64px&#8221;][vc_column_text]\n<blockquote><p>Heliview har skapat ett v\u00e4lorganiserat evenemang som k\u00e4nns som att komma hem varje \u00e5r, men som ocks\u00e5 ger nya kundsamtal och leads varje \u00e5r.<\/p>\n<p>\u2013 Marloes van Ettten \u2013 ITAM Solutions<\/p><\/blockquote>\n[\/vc_column_text][\/vc_column_inner][\/vc_row_inner][\/vc_column][\/vc_row][vc_row full_width=&#8221;stretch_row&#8221; css=&#8221;.vc_custom_1617373986261{background-color: #ffffff !important;}&#8221;][vc_column]<div class=\"lgx-heading  \" >\r\n                    <h2 class=\"heading\"><\/h2>\r\n                    <h3 class=\"subheading\">Kvalificerade leads f\u00f6r ditt f\u00f6retag<\/h3>              \r\n              <\/div>[vc_column_text]Dela kunskap och skapa kontakter mellan m\u00e4nniskor. Det \u00e4r vad Heliview Conferences &amp; Training st\u00e5r f\u00f6r. Genom v\u00e5r strikta intr\u00e4despolicy kommer vi att s\u00e4tta dig i kontakt med Heliview och Marketing Qualified Leads p\u00e5 olika s\u00e4tt under evenemanget.[\/vc_column_text][\/vc_column][\/vc_row][vc_row full_width=&#8221;stretch_row&#8221; css=&#8221;.vc_custom_1617376329012{background-color: #ffffff !important;}&#8221; el_id=&#8221;2&#8243;][vc_column width=&#8221;1\/12&#8243;][vc_single_image image=&#8221;5550&#8243;][\/vc_column][vc_column width=&#8221;11\/12&#8243;][vc_column_text]En Marketing Qualified Lead (MQL) \u00e4r en kvalificerad slutanv\u00e4ndare med en roll i Decision Making Unit (DMU) inom en slutanv\u00e4ndarorganisation med minst 20 heltidsekvivalenter, som f\u00f6rutom att vara intresserad av evenemangets \u00e4mne ocks\u00e5 \u00e4r s\u00e4rskilt intresserad av 1-mot-1-konversationer med din organisation och\/eller intresserad av ditt inneh\u00e5llsbidrag till evenemanget.<\/p>\n[\/vc_column_text][\/vc_column][\/vc_row][vc_row el_id=&#8221;3&#8243;][vc_column]<div class=\"lgx-heading  \" >\r\n                    <h2 class=\"heading\"><\/h2>\r\n                    <h3 class=\"subheading\">1 till 1-konversationer<\/h3>              \r\n              <\/div>[vc_column_text]Att etablera personliga och aff\u00e4rsm\u00e4ssiga kontakter \u00e4r grunden f\u00f6r v\u00e5ra evenemang. Under n\u00e4tverks- och expertsamtalen matchar vi partners och deltagare utifr\u00e5n de omr\u00e5den d\u00e4r du \u00e4r verksam och deltagarens intresseomr\u00e5den.<\/p>\n<ul class=\"checklist\">\n<li>Du bjuder in intressanta deltagare baserat p\u00e5 funktion, organisation, bransch med mera<\/li>\n<li>Vi planerar in f\u00f6rel\u00e4sningarna f\u00f6r dig utifr\u00e5n din och deltagarnas tillg\u00e4nglighet<\/li>\n<li>Deltagarna kan ocks\u00e5 bjuda in dig till en diskussion<\/li>\n<li>I genomsnitt f\u00e5r intervjuerna betyget 7,5<\/li>\n<\/ul>\n[\/vc_column_text][\/vc_column][\/vc_row][vc_row full_width=&#8221;stretch_row&#8221; css=&#8221;.vc_custom_1617374933652{background-color: #ffffff !important;}&#8221;][vc_column]<div class=\"lgx-heading  \" >\r\n                    <h2 class=\"heading\"><\/h2>\r\n                    <h3 class=\"subheading\">Ledarskap f\u00f6r t\u00e4nkare<\/h3>              \r\n              <\/div>[vc_column_text]Under evenemanget erbjuder vi dig m\u00f6jlighet att bidra med inneh\u00e5ll till programmet. Oavsett om du vill h\u00e5lla en keynote under konferensdagen eller organisera ett live rundabordssamtal under online-eventet, ger det breda utbudet dig m\u00f6jlighet att v\u00e4lja det som b\u00e4st passar dina organisatoriska m\u00e5l. Detta g\u00f6r det m\u00f6jligt f\u00f6r dig att profilera din organisation som tankeledare, \u00f6verf\u00f6ra din kunskap och f\u00e5 kontakt med en kvalificerad m\u00e5lgrupp.[\/vc_column_text][\/vc_column][\/vc_row][vc_row full_width=&#8221;stretch_row&#8221; css=&#8221;.vc_custom_1620384934558{background-color: #f2f2f2 !important;}&#8221; el_id=&#8221;form&#8221;][vc_column]<div class=\"lgx-heading  \" >\r\n                    <h2 class=\"heading\"><\/h2>\r\n                    <h3 class=\"subheading\">F\u00e5r du ocks\u00e5 kvalificerade leads?<\/h3>              \r\n              <\/div>\n<div class=\"wpcf7 no-js\" id=\"wpcf7-f4792-o2\" lang=\"nl-NL\" dir=\"ltr\" data-wpcf7-id=\"4792\">\n<div class=\"screen-reader-response\"><p role=\"status\" aria-live=\"polite\" aria-atomic=\"true\"><\/p> <ul><\/ul><\/div>\n<form action=\"\/industrial-safety-sweden\/wp-json\/wp\/v2\/pages\/2444#wpcf7-f4792-o2\" method=\"post\" class=\"wpcf7-form init\" aria-label=\"Contactformulier\" novalidate=\"novalidate\" data-status=\"init\">\n<div style=\"display: none;\">\n<input type=\"hidden\" name=\"_wpcf7\" value=\"4792\" \/>\n<input type=\"hidden\" name=\"_wpcf7_version\" value=\"6.0.6\" \/>\n<input type=\"hidden\" name=\"_wpcf7_locale\" value=\"nl_NL\" \/>\n<input type=\"hidden\" name=\"_wpcf7_unit_tag\" value=\"wpcf7-f4792-o2\" \/>\n<input type=\"hidden\" name=\"_wpcf7_container_post\" value=\"0\" \/>\n<input type=\"hidden\" name=\"_wpcf7_posted_data_hash\" value=\"\" \/>\n<input type=\"hidden\" name=\"_wpcf7cf_hidden_group_fields\" value=\"[]\" \/>\n<input type=\"hidden\" name=\"_wpcf7cf_hidden_groups\" value=\"[]\" \/>\n<input type=\"hidden\" name=\"_wpcf7cf_visible_groups\" value=\"[]\" \/>\n<input type=\"hidden\" name=\"_wpcf7cf_repeaters\" value=\"[]\" \/>\n<input type=\"hidden\" name=\"_wpcf7cf_steps\" value=\"{}\" \/>\n<input type=\"hidden\" name=\"_wpcf7cf_options\" value=\"{&quot;form_id&quot;:4792,&quot;conditions&quot;:[],&quot;settings&quot;:{&quot;animation&quot;:&quot;yes&quot;,&quot;animation_intime&quot;:200,&quot;animation_outtime&quot;:200,&quot;conditions_ui&quot;:&quot;normal&quot;,&quot;notice_dismissed&quot;:false}}\" \/>\n<input type=\"hidden\" name=\"_wpcf7_recaptcha_response\" value=\"\" \/>\n<\/div>\n<p><label> Ert namn*<br \/>\n<span class=\"wpcf7-form-control-wrap\" data-name=\"your-name\"><input size=\"40\" maxlength=\"400\" class=\"wpcf7-form-control wpcf7-text wpcf7-validates-as-required\" aria-required=\"true\" aria-invalid=\"false\" value=\"\" type=\"text\" name=\"your-name\" \/><\/span> <\/label>\n<\/p>\n<p><label> Organisationens namn*<br \/>\n<span class=\"wpcf7-form-control-wrap\" data-name=\"your-company\"><input size=\"40\" maxlength=\"400\" class=\"wpcf7-form-control wpcf7-text wpcf7-validates-as-required\" aria-required=\"true\" aria-invalid=\"false\" value=\"\" type=\"text\" name=\"your-company\" \/><\/span> <\/label>\n<\/p>\n<p><label> Telefonnummer*<br \/>\n<span class=\"wpcf7-form-control-wrap\" data-name=\"your-phone\"><input size=\"40\" maxlength=\"400\" class=\"wpcf7-form-control wpcf7-tel wpcf7-validates-as-required wpcf7-text wpcf7-validates-as-tel\" aria-required=\"true\" aria-invalid=\"false\" value=\"\" type=\"tel\" name=\"your-phone\" \/><\/span> <\/label>\n<\/p>\n<p><label> E-postadress*<br \/>\n<span class=\"wpcf7-form-control-wrap\" data-name=\"your-email\"><input size=\"40\" maxlength=\"400\" class=\"wpcf7-form-control wpcf7-email wpcf7-validates-as-required wpcf7-text wpcf7-validates-as-email\" aria-required=\"true\" aria-invalid=\"false\" value=\"\" type=\"email\" name=\"your-email\" \/><\/span> <\/label>\n<\/p>\n<p><label> Din fr\u00e5ga eller kommentar<br \/>\n<span class=\"wpcf7-form-control-wrap\" data-name=\"your-message\"><textarea cols=\"40\" rows=\"10\" maxlength=\"2000\" class=\"wpcf7-form-control wpcf7-textarea\" aria-invalid=\"false\" name=\"your-message\"><\/textarea><\/span> <\/label>\n<\/p>\n<p><input class=\"wpcf7-form-control wpcf7-submit has-spinner\" type=\"submit\" value=\"Skicka\" \/>\n<\/p><div class=\"wpcf7-response-output\" aria-hidden=\"true\"><\/div>\n<\/form>\n<\/div>\n[\/vc_column][\/vc_row]\n<\/div>","protected":false},"excerpt":{"rendered":"<p>[vc_row full_width=&#8221;stretch_row&#8221; css=&#8221;.vc_custom_1617373986261{background-color: #ffffff !important;}&#8221;][vc_column width=&#8221;1\/3&#8243;][vc_column_text] Generera leads bland en kvalificerad m\u00e5lgrupp Garanterad interaktion med potentiella kunder V\u00e4rdefull matchmaking under 1-mot-1-intervjuerna baserat p\u00e5 dina och deltagarnas preferenser Och mycket mer! [\/vc_column_text][vc_row_inner][vc_column_inner][vc_single_image image=&#8221;6513&#8243; img_size=&#8221;200&#215;200&#8243; css=&#8221;&#8221;][vc_column_text css=&#8221;&#8221;] Dick de Laat Fyll i formul\u00e4ret s\u00e5 kontaktar jag dig s\u00e5 snart som m\u00f6jligt![\/vc_column_text][\/vc_column_inner][\/vc_row_inner][\/vc_column][vc_column width=&#8221;2\/3&#8243;][\/vc_column][\/vc_row][vc_row css=&#8221;.vc_custom_1617375157121{background-color: #f2f2f2 !important;}&#8221;][vc_column][vc_row_inner css=&#8221;.vc_custom_1617375137183{background-color: #f2f2f2 [&hellip;]<\/p>\n","protected":false},"author":7,"featured_media":0,"parent":0,"menu_order":0,"comment_status":"closed","ping_status":"closed","template":"","meta":{"_acf_changed":false,"footnotes":""},"class_list":["post-2444","page","type-page","status-publish","hentry"],"yoast_head":"<!-- This site is optimized with the Yoast SEO plugin v25.3.1 - https:\/\/yoast.com\/wordpress\/plugins\/seo\/ -->\r\n<title>Bli partner - Industrial Safety Sweden<\/title>\r\n<meta name=\"robots\" content=\"index, follow, max-snippet:-1, max-image-preview:large, max-video-preview:-1\" \/>\r\n<link rel=\"canonical\" href=\"https:\/\/heliview.com\/industrial-safety-sweden\/bli-partner\/\" \/>\r\n<meta property=\"og:locale\" content=\"en_US\" \/>\r\n<meta property=\"og:type\" content=\"article\" \/>\r\n<meta property=\"og:title\" content=\"Bli partner - Industrial Safety Sweden\" \/>\r\n<meta property=\"og:description\" content=\"[vc_row full_width=&#8221;stretch_row&#8221; css=&#8221;.vc_custom_1617373986261{background-color: #ffffff !important;}&#8221;][vc_column width=&#8221;1\/3&#8243;][vc_column_text] Generera leads bland en kvalificerad m\u00e5lgrupp Garanterad interaktion med potentiella kunder V\u00e4rdefull matchmaking under 1-mot-1-intervjuerna baserat p\u00e5 dina och deltagarnas preferenser Och mycket mer! [\/vc_column_text][vc_row_inner][vc_column_inner][vc_single_image image=&#8221;6513&#8243; img_size=&#8221;200&#215;200&#8243; css=&#8221;&#8221;][vc_column_text css=&#8221;&#8221;] Dick de Laat Fyll i formul\u00e4ret s\u00e5 kontaktar jag dig s\u00e5 snart som m\u00f6jligt![\/vc_column_text][\/vc_column_inner][\/vc_row_inner][\/vc_column][vc_column width=&#8221;2\/3&#8243;][\/vc_column][\/vc_row][vc_row css=&#8221;.vc_custom_1617375157121{background-color: #f2f2f2 !important;}&#8221;][vc_column][vc_row_inner css=&#8221;.vc_custom_1617375137183{background-color: #f2f2f2 [&hellip;]\" \/>\r\n<meta property=\"og:url\" content=\"https:\/\/heliview.com\/industrial-safety-sweden\/bli-partner\/\" \/>\r\n<meta property=\"og:site_name\" content=\"Industrial Safety Sweden\" \/>\r\n<meta property=\"article:publisher\" content=\"https:\/\/www.facebook.com\/HeliviewCT\" \/>\r\n<meta property=\"article:modified_time\" content=\"2025-12-08T10:36:34+00:00\" \/>\r\n<meta name=\"twitter:card\" content=\"summary_large_image\" \/>\r\n<meta name=\"twitter:site\" content=\"@HeliviewConf\" \/>\r\n<meta name=\"twitter:label1\" content=\"Est. reading time\" \/>\n\t<meta name=\"twitter:data1\" content=\"2 minutes\" \/>\r\n<script type=\"application\/ld+json\" class=\"yoast-schema-graph\">{\"@context\":\"https:\/\/schema.org\",\"@graph\":[{\"@type\":\"WebPage\",\"@id\":\"https:\/\/heliview.com\/industrial-safety-sweden\/bli-partner\/\",\"url\":\"https:\/\/heliview.com\/industrial-safety-sweden\/bli-partner\/\",\"name\":\"Bli partner - Industrial Safety Sweden\",\"isPartOf\":{\"@id\":\"https:\/\/heliview.com\/industrial-safety-sweden\/#website\"},\"datePublished\":\"2018-10-04T11:37:03+00:00\",\"dateModified\":\"2025-12-08T10:36:34+00:00\",\"breadcrumb\":{\"@id\":\"https:\/\/heliview.com\/industrial-safety-sweden\/bli-partner\/#breadcrumb\"},\"inLanguage\":\"en-US\",\"potentialAction\":[{\"@type\":\"ReadAction\",\"target\":[\"https:\/\/heliview.com\/industrial-safety-sweden\/bli-partner\/\"]}]},{\"@type\":\"BreadcrumbList\",\"@id\":\"https:\/\/heliview.com\/industrial-safety-sweden\/bli-partner\/#breadcrumb\",\"itemListElement\":[{\"@type\":\"ListItem\",\"position\":1,\"name\":\"Home\",\"item\":\"https:\/\/heliview.com\/industrial-safety-sweden\/\"},{\"@type\":\"ListItem\",\"position\":2,\"name\":\"Bli partner\"}]},{\"@type\":\"WebSite\",\"@id\":\"https:\/\/heliview.com\/industrial-safety-sweden\/#website\",\"url\":\"https:\/\/heliview.com\/industrial-safety-sweden\/\",\"name\":\"Industrial Safety Sweden\",\"description\":\"\",\"potentialAction\":[{\"@type\":\"SearchAction\",\"target\":{\"@type\":\"EntryPoint\",\"urlTemplate\":\"https:\/\/heliview.com\/industrial-safety-sweden\/?s={search_term_string}\"},\"query-input\":{\"@type\":\"PropertyValueSpecification\",\"valueRequired\":true,\"valueName\":\"search_term_string\"}}],\"inLanguage\":\"en-US\"}]}<\/script>\r\n<!-- \/ Yoast SEO plugin. -->","yoast_head_json":{"title":"Bli partner - Industrial Safety Sweden","robots":{"index":"index","follow":"follow","max-snippet":"max-snippet:-1","max-image-preview":"max-image-preview:large","max-video-preview":"max-video-preview:-1"},"canonical":"https:\/\/heliview.com\/industrial-safety-sweden\/bli-partner\/","og_locale":"en_US","og_type":"article","og_title":"Bli partner - Industrial Safety Sweden","og_description":"[vc_row full_width=&#8221;stretch_row&#8221; css=&#8221;.vc_custom_1617373986261{background-color: #ffffff !important;}&#8221;][vc_column width=&#8221;1\/3&#8243;][vc_column_text] Generera leads bland en kvalificerad m\u00e5lgrupp Garanterad interaktion med potentiella kunder V\u00e4rdefull matchmaking under 1-mot-1-intervjuerna baserat p\u00e5 dina och deltagarnas preferenser Och mycket mer! [\/vc_column_text][vc_row_inner][vc_column_inner][vc_single_image image=&#8221;6513&#8243; img_size=&#8221;200&#215;200&#8243; css=&#8221;&#8221;][vc_column_text css=&#8221;&#8221;] Dick de Laat Fyll i formul\u00e4ret s\u00e5 kontaktar jag dig s\u00e5 snart som m\u00f6jligt![\/vc_column_text][\/vc_column_inner][\/vc_row_inner][\/vc_column][vc_column width=&#8221;2\/3&#8243;][\/vc_column][\/vc_row][vc_row css=&#8221;.vc_custom_1617375157121{background-color: #f2f2f2 !important;}&#8221;][vc_column][vc_row_inner css=&#8221;.vc_custom_1617375137183{background-color: #f2f2f2 [&hellip;]","og_url":"https:\/\/heliview.com\/industrial-safety-sweden\/bli-partner\/","og_site_name":"Industrial Safety Sweden","article_publisher":"https:\/\/www.facebook.com\/HeliviewCT","article_modified_time":"2025-12-08T10:36:34+00:00","twitter_card":"summary_large_image","twitter_site":"@HeliviewConf","twitter_misc":{"Est. reading time":"2 minutes"},"schema":{"@context":"https:\/\/schema.org","@graph":[{"@type":"WebPage","@id":"https:\/\/heliview.com\/industrial-safety-sweden\/bli-partner\/","url":"https:\/\/heliview.com\/industrial-safety-sweden\/bli-partner\/","name":"Bli partner - Industrial Safety Sweden","isPartOf":{"@id":"https:\/\/heliview.com\/industrial-safety-sweden\/#website"},"datePublished":"2018-10-04T11:37:03+00:00","dateModified":"2025-12-08T10:36:34+00:00","breadcrumb":{"@id":"https:\/\/heliview.com\/industrial-safety-sweden\/bli-partner\/#breadcrumb"},"inLanguage":"en-US","potentialAction":[{"@type":"ReadAction","target":["https:\/\/heliview.com\/industrial-safety-sweden\/bli-partner\/"]}]},{"@type":"BreadcrumbList","@id":"https:\/\/heliview.com\/industrial-safety-sweden\/bli-partner\/#breadcrumb","itemListElement":[{"@type":"ListItem","position":1,"name":"Home","item":"https:\/\/heliview.com\/industrial-safety-sweden\/"},{"@type":"ListItem","position":2,"name":"Bli partner"}]},{"@type":"WebSite","@id":"https:\/\/heliview.com\/industrial-safety-sweden\/#website","url":"https:\/\/heliview.com\/industrial-safety-sweden\/","name":"Industrial Safety Sweden","description":"","potentialAction":[{"@type":"SearchAction","target":{"@type":"EntryPoint","urlTemplate":"https:\/\/heliview.com\/industrial-safety-sweden\/?s={search_term_string}"},"query-input":{"@type":"PropertyValueSpecification","valueRequired":true,"valueName":"search_term_string"}}],"inLanguage":"en-US"}]}},"acf":[],"_links":{"self":[{"href":"https:\/\/heliview.com\/industrial-safety-sweden\/wp-json\/wp\/v2\/pages\/2444","targetHints":{"allow":["GET"]}}],"collection":[{"href":"https:\/\/heliview.com\/industrial-safety-sweden\/wp-json\/wp\/v2\/pages"}],"about":[{"href":"https:\/\/heliview.com\/industrial-safety-sweden\/wp-json\/wp\/v2\/types\/page"}],"author":[{"embeddable":true,"href":"https:\/\/heliview.com\/industrial-safety-sweden\/wp-json\/wp\/v2\/users\/7"}],"replies":[{"embeddable":true,"href":"https:\/\/heliview.com\/industrial-safety-sweden\/wp-json\/wp\/v2\/comments?post=2444"}],"version-history":[{"count":8,"href":"https:\/\/heliview.com\/industrial-safety-sweden\/wp-json\/wp\/v2\/pages\/2444\/revisions"}],"predecessor-version":[{"id":6970,"href":"https:\/\/heliview.com\/industrial-safety-sweden\/wp-json\/wp\/v2\/pages\/2444\/revisions\/6970"}],"wp:attachment":[{"href":"https:\/\/heliview.com\/industrial-safety-sweden\/wp-json\/wp\/v2\/media?parent=2444"}],"curies":[{"name":"wp","href":"https:\/\/api.w.org\/{rel}","templated":true}]}}