{"id":5017,"date":"2020-01-28T10:01:05","date_gmt":"2020-01-28T10:01:05","guid":{"rendered":"https:\/\/heliview.com\/?page_id=5017"},"modified":"2025-12-08T12:44:19","modified_gmt":"2025-12-08T10:44:19","slug":"om-konferensen","status":"publish","type":"page","link":"https:\/\/heliview.com\/industrial-safety-sweden\/om-konferensen\/","title":{"rendered":"Om konferensen"},"content":{"rendered":"<div class=\"wpb-content-wrapper\">[vc_row enable_full_screen=&#8221;yes&#8221;][vc_column][vc_row_inner][vc_column_inner width=&#8221;2\/3&#8243;]<div class=\"lgx-heading  \" >\r\n                    <h2 class=\"heading\">Temat f\u00f6r 2025:<\/h2>\r\n                    <h3 class=\"subheading\">Innovation vs. S\u00e4kerhet; en balansakt?<\/h3>              \r\n              <\/div>[vc_column_text css=&#8221;&#8221;]I industrins dynamiska v\u00e4rld st\u00e4lls ofta innovation och s\u00e4kerhet mot varandra som motstridiga krafter. Teknologiska framsteg g\u00f6r det m\u00f6jligt att t\u00e4nja p\u00e5 gr\u00e4nser och n\u00e5 nya h\u00f6jder \u2013 men de inneb\u00e4r ocks\u00e5 nya utmaningar som inte f\u00e5r f\u00f6rbises.<\/p>\n<p>Under Industrial Safety den 20 november i G\u00f6teborg utforskar vi hur industrin kan forts\u00e4tta utvecklas utan att tumma p\u00e5 s\u00e4kerheten. Hur kan man hantera faktorer som h\u00f6g arbetsbelastning, sena f\u00f6r\u00e4ndringar i projekt eller bristande anv\u00e4ndning av testdata? Och hur s\u00e4kerst\u00e4ller man att ny teknik integreras p\u00e5 ett s\u00e4kert s\u00e4tt?<\/p>\n<p>Dessa fr\u00e5gor v\u00e4vs in i ett program d\u00e4r praktik, regelverk och teknik m\u00f6ts.[\/vc_column_text]<div class=\"lgx-brand-btn-area text-left\">\r\n                    <a class=\"lgx-btn btn-df  lgx-btn-brand\" href=\"https:\/\/heliview.com\/industrial-safety-sweden\/programme\/\" target=\"_self\"><span>Till programmet<\/span><\/a>\r\n                    <a class=\"lgx-btn btn-df  lgx-btn-brand2\" href=\"https:\/\/heliview.com\/industrial-safety-sweden\/registration-closed\/\" target=\"_self\"><span>Registrera<\/span><\/a>\r\n               \r\n                <\/div>[vc_empty_space][\/vc_column_inner][vc_column_inner width=&#8221;1\/3&#8243;][vc_empty_space][vc_raw_html css=&#8221;&#8221;]aHR0cHMlM0ElMkYlMkZ5b3V0dS5iZSUyRngyeE5LU28zOWRF[\/vc_raw_html][vc_empty_space][\/vc_column_inner][\/vc_row_inner][\/vc_column][\/vc_row][vc_row full_width=&#8221;stretch_row&#8221; css=&#8221;.vc_custom_1694695305421{background-color: #ffffff !important;}&#8221;][vc_column width=&#8221;1\/2&#8243;]<div class=\"lgx-heading  \" >\r\n                    <h2 class=\"heading\"><\/h2>\r\n                    <h3 class=\"subheading\">Fokus ligger p\u00e5 \u00e4mnen som utg\u00f6r grunden f\u00f6r ett robust s\u00e4kerhetsarbete inom industrin, s\u00e5som:<\/h3>              \r\n              <\/div>[vc_column_text css=&#8221;&#8221;]\n<ul class=\"checklist\">\n<li>Process\u00e4kerhet, automation och instrumentering<\/li>\n<li>ATEX &amp; farliga \u00e4mnen<\/li>\n<li>S\u00e4kerhetssimulering &amp; scenariomodellering<\/li>\n<li>Personlig skyddsutrustning (PPE)<\/li>\n<li>Standarder, lagstiftning, inspektion &amp; certifiering<\/li>\n<li>S\u00e4kerhetskultur &amp; beteende<\/li>\n<li>Skyltning, visualisering &amp; dokumentation<\/li>\n<li>S\u00e4kerhetsledningssystem, utbildning &amp; kompetensutveckling<\/li>\n<li>Maskins\u00e4kerhet<\/li>\n<li>Brands\u00e4kerhet och Fire Safety Engineering<\/li>\n<\/ul>\n[\/vc_column_text][\/vc_column][vc_column width=&#8221;1\/2&#8243;]<div class=\"lgx-heading  \" >\r\n                    <h2 class=\"heading\"><\/h2>\r\n                    <h3 class=\"subheading\">Varf\u00f6r du inte b\u00f6r missa konferensen<\/h3>              \r\n              <\/div>[vc_column_text css=&#8221;&#8221;]\n<ul class=\"checklist\">\n<li>Experter, yrkesverksamma och branschkollegor samlas<\/li>\n<li>Syftet \u00e4r att dela insikter och erfarenheter<\/li>\n<li>M\u00e5let \u00e4r att skapa f\u00f6ruts\u00e4ttningar f\u00f6r innovation<\/li>\n<li>Innovationen ska inte ske p\u00e5 bekostnad av s\u00e4kerheten<\/li>\n<\/ul>\n[\/vc_column_text][\/vc_column][\/vc_row][vc_row full_width=&#8221;stretch_row&#8221; css=&#8221;.vc_custom_1606141184118{background-color: #f2f2f2 !important;}&#8221;][vc_column]<div class=\"lgx-heading  \" >\r\n                    <h2 class=\"heading\"><\/h2>\r\n                    <h3 class=\"subheading\">Vem \u00e4r konferensen till f\u00f6r?<\/h3>              \r\n              <\/div>[vc_row_inner][vc_column_inner width=&#8221;1\/2&#8243;][vc_column_text css=&#8221;&#8221;]\n<ul class=\"checklist\">\n<li>S\u00e4kerhetssamordnare<\/li>\n<li>HSEQ-chefer och HSEQ-ansvariga<\/li>\n<li>Processingenj\u00f6rer \/ processdesigners<\/li>\n<li>Underh\u00e5lls- och driftchefer<\/li>\n<\/ul>\n[\/vc_column_text][\/vc_column_inner][vc_column_inner width=&#8221;1\/2&#8243;][vc_column_text css=&#8221;&#8221;]\n<ul class=\"checklist\">\n<li>Plats- och fabrikschefer<\/li>\n<li>FoU-chefer<\/li>\n<li>Ingenj\u00f6rer inom s\u00e4kerhet och arbetsmilj\u00f6<\/li>\n<li>Kvalitetschefer<\/li>\n<\/ul>\n[\/vc_column_text][\/vc_column_inner][\/vc_row_inner][\/vc_column][\/vc_row][vc_row full_width=&#8221;stretch_row&#8221; css=&#8221;.vc_custom_1580201991635{background-color: #ffffff !important;}&#8221;][vc_column]<div class=\"lgx-heading  \" >\r\n                    <h2 class=\"heading\"><\/h2>\r\n                    <h3 class=\"subheading\">N\u00e4r du kan delta<\/h3>              \r\n              <\/div>[vc_column_text css=&#8221;&#8221;]Vi st\u00e4ller f\u00f6ljande villkor f\u00f6r tilltr\u00e4de till kongressen:<\/p>\n<div class=\"wpb_text_column wpb_content_element \">\n<div class=\"wpb_wrapper\">\n<ul class=\"checklist\">\n<li>Om du tillh\u00f6r m\u00e5lgruppen<\/li>\n<li>Om du \u00e4r anst\u00e4lld av en organisation med minst 20 heltidsanst\u00e4llda<\/li>\n<li>Genom att samtycka till registreringsvillkoren<\/li>\n<\/ul>\n<\/div>\n<\/div>\n[\/vc_column_text][vc_row_inner][vc_column_inner width=&#8221;1\/2&#8243;]<div class=\"lgx-brand-btn-area text-left\">\r\n                    <a class=\"lgx-btn btn-df  lgx-btn-brand\" href=\"https:\/\/heliview.com\/en\/registration-conditions-sweden\/\" target=\"_blank\"><span>L\u00e4s de fullst\u00e4ndiga registreringsvillkoren<\/span><\/a>\r\n                    \r\n               \r\n                <\/div>[vc_empty_space height=&#8221;20px&#8221;][\/vc_column_inner][vc_column_inner width=&#8221;1\/2&#8243;]<div class=\"lgx-brand-btn-area text-left\">\r\n                    <a class=\"lgx-btn btn-df  lgx-btn-brand2\" href=\"https:\/\/heliview.com\/industrial-safety-sweden\/registration-closed\/\" target=\"_self\"><span>Registrera<\/span><\/a>\r\n                    \r\n               \r\n                <\/div>[vc_empty_space height=&#8221;20px&#8221;][\/vc_column_inner][\/vc_row_inner][\/vc_column][\/vc_row][vc_row][vc_column width=&#8221;1\/4&#8243;][vc_empty_space][vc_single_image image=&#8221;6712&#8243; img_size=&#8221;&#8221; css=&#8221;&#8221;][\/vc_column][vc_column width=&#8221;3\/4&#8243;]<div class=\"lgx-heading  \" >\r\n                    <h2 class=\"heading\"><\/h2>\r\n                    <h3 class=\"subheading\">Vill du bli v\u00e5r partner?<\/h3>              \r\n              <\/div>[vc_column_text css=&#8221;&#8221;]Vill du ha mer information om partnerpaketen och\/eller r\u00e5d om hur du kan delta som partner i konferensen? D\u00e5 \u00e4r du v\u00e4lkommen att kontakta Dick de Laat | <a href=\"mailto:dick.de.laat@heliview.com\">Dick de Laat<\/a> | + 31 76 548 40 25.[\/vc_column_text][\/vc_column][\/vc_row]\n<\/div>","protected":false},"excerpt":{"rendered":"<p>[vc_row enable_full_screen=&#8221;yes&#8221;][vc_column][vc_row_inner][vc_column_inner width=&#8221;2\/3&#8243;][vc_column_text css=&#8221;&#8221;]I industrins dynamiska v\u00e4rld st\u00e4lls ofta innovation och s\u00e4kerhet mot varandra som motstridiga krafter. Teknologiska framsteg g\u00f6r det m\u00f6jligt att t\u00e4nja p\u00e5 gr\u00e4nser och n\u00e5 nya h\u00f6jder \u2013 men de inneb\u00e4r ocks\u00e5 nya utmaningar som inte f\u00e5r f\u00f6rbises. Under Industrial Safety den 20 november i G\u00f6teborg utforskar vi hur industrin kan forts\u00e4tta [&hellip;]<\/p>\n","protected":false},"author":7,"featured_media":0,"parent":0,"menu_order":0,"comment_status":"closed","ping_status":"closed","template":"","meta":{"_acf_changed":false,"footnotes":""},"class_list":["post-5017","page","type-page","status-publish","hentry"],"yoast_head":"<!-- This site is optimized with the Yoast SEO plugin v25.3.1 - https:\/\/yoast.com\/wordpress\/plugins\/seo\/ -->\r\n<title>Om konferensen - Industrial Safety Sweden<\/title>\r\n<meta name=\"description\" content=\"H\u00e4r hittar du all information om v\u00e5r kongress igen\" \/>\r\n<meta name=\"robots\" content=\"index, follow, max-snippet:-1, max-image-preview:large, max-video-preview:-1\" \/>\r\n<link rel=\"canonical\" href=\"https:\/\/heliview.com\/industrial-safety-sweden\/om-konferensen\/\" \/>\r\n<meta property=\"og:locale\" content=\"en_US\" \/>\r\n<meta property=\"og:type\" content=\"article\" \/>\r\n<meta property=\"og:title\" content=\"Om konferensen - Industrial Safety Sweden\" \/>\r\n<meta property=\"og:description\" content=\"H\u00e4r hittar du all information om v\u00e5r kongress igen\" \/>\r\n<meta property=\"og:url\" content=\"https:\/\/heliview.com\/industrial-safety-sweden\/om-konferensen\/\" \/>\r\n<meta property=\"og:site_name\" content=\"Industrial Safety Sweden\" \/>\r\n<meta property=\"article:publisher\" content=\"https:\/\/www.facebook.com\/HeliviewCT\" \/>\r\n<meta property=\"article:modified_time\" content=\"2025-12-08T10:44:19+00:00\" \/>\r\n<meta name=\"twitter:card\" content=\"summary_large_image\" \/>\r\n<meta name=\"twitter:site\" content=\"@HeliviewConf\" \/>\r\n<meta name=\"twitter:label1\" content=\"Est. reading time\" \/>\n\t<meta name=\"twitter:data1\" content=\"2 minutes\" \/>\r\n<script type=\"application\/ld+json\" class=\"yoast-schema-graph\">{\"@context\":\"https:\/\/schema.org\",\"@graph\":[{\"@type\":\"WebPage\",\"@id\":\"https:\/\/heliview.com\/industrial-safety-sweden\/om-konferensen\/\",\"url\":\"https:\/\/heliview.com\/industrial-safety-sweden\/om-konferensen\/\",\"name\":\"Om konferensen - Industrial Safety Sweden\",\"isPartOf\":{\"@id\":\"https:\/\/heliview.com\/industrial-safety-sweden\/#website\"},\"datePublished\":\"2020-01-28T10:01:05+00:00\",\"dateModified\":\"2025-12-08T10:44:19+00:00\",\"description\":\"H\u00e4r hittar du all information om v\u00e5r kongress igen\",\"breadcrumb\":{\"@id\":\"https:\/\/heliview.com\/industrial-safety-sweden\/om-konferensen\/#breadcrumb\"},\"inLanguage\":\"en-US\",\"potentialAction\":[{\"@type\":\"ReadAction\",\"target\":[\"https:\/\/heliview.com\/industrial-safety-sweden\/om-konferensen\/\"]}]},{\"@type\":\"BreadcrumbList\",\"@id\":\"https:\/\/heliview.com\/industrial-safety-sweden\/om-konferensen\/#breadcrumb\",\"itemListElement\":[{\"@type\":\"ListItem\",\"position\":1,\"name\":\"Home\",\"item\":\"https:\/\/heliview.com\/industrial-safety-sweden\/\"},{\"@type\":\"ListItem\",\"position\":2,\"name\":\"Om konferensen\"}]},{\"@type\":\"WebSite\",\"@id\":\"https:\/\/heliview.com\/industrial-safety-sweden\/#website\",\"url\":\"https:\/\/heliview.com\/industrial-safety-sweden\/\",\"name\":\"Industrial Safety Sweden\",\"description\":\"\",\"potentialAction\":[{\"@type\":\"SearchAction\",\"target\":{\"@type\":\"EntryPoint\",\"urlTemplate\":\"https:\/\/heliview.com\/industrial-safety-sweden\/?s={search_term_string}\"},\"query-input\":{\"@type\":\"PropertyValueSpecification\",\"valueRequired\":true,\"valueName\":\"search_term_string\"}}],\"inLanguage\":\"en-US\"}]}<\/script>\r\n<!-- \/ Yoast SEO plugin. -->","yoast_head_json":{"title":"Om konferensen - Industrial Safety Sweden","description":"H\u00e4r hittar du all information om v\u00e5r kongress igen","robots":{"index":"index","follow":"follow","max-snippet":"max-snippet:-1","max-image-preview":"max-image-preview:large","max-video-preview":"max-video-preview:-1"},"canonical":"https:\/\/heliview.com\/industrial-safety-sweden\/om-konferensen\/","og_locale":"en_US","og_type":"article","og_title":"Om konferensen - Industrial Safety Sweden","og_description":"H\u00e4r hittar du all information om v\u00e5r kongress igen","og_url":"https:\/\/heliview.com\/industrial-safety-sweden\/om-konferensen\/","og_site_name":"Industrial Safety Sweden","article_publisher":"https:\/\/www.facebook.com\/HeliviewCT","article_modified_time":"2025-12-08T10:44:19+00:00","twitter_card":"summary_large_image","twitter_site":"@HeliviewConf","twitter_misc":{"Est. reading time":"2 minutes"},"schema":{"@context":"https:\/\/schema.org","@graph":[{"@type":"WebPage","@id":"https:\/\/heliview.com\/industrial-safety-sweden\/om-konferensen\/","url":"https:\/\/heliview.com\/industrial-safety-sweden\/om-konferensen\/","name":"Om konferensen - Industrial Safety Sweden","isPartOf":{"@id":"https:\/\/heliview.com\/industrial-safety-sweden\/#website"},"datePublished":"2020-01-28T10:01:05+00:00","dateModified":"2025-12-08T10:44:19+00:00","description":"H\u00e4r hittar du all information om v\u00e5r kongress igen","breadcrumb":{"@id":"https:\/\/heliview.com\/industrial-safety-sweden\/om-konferensen\/#breadcrumb"},"inLanguage":"en-US","potentialAction":[{"@type":"ReadAction","target":["https:\/\/heliview.com\/industrial-safety-sweden\/om-konferensen\/"]}]},{"@type":"BreadcrumbList","@id":"https:\/\/heliview.com\/industrial-safety-sweden\/om-konferensen\/#breadcrumb","itemListElement":[{"@type":"ListItem","position":1,"name":"Home","item":"https:\/\/heliview.com\/industrial-safety-sweden\/"},{"@type":"ListItem","position":2,"name":"Om konferensen"}]},{"@type":"WebSite","@id":"https:\/\/heliview.com\/industrial-safety-sweden\/#website","url":"https:\/\/heliview.com\/industrial-safety-sweden\/","name":"Industrial Safety Sweden","description":"","potentialAction":[{"@type":"SearchAction","target":{"@type":"EntryPoint","urlTemplate":"https:\/\/heliview.com\/industrial-safety-sweden\/?s={search_term_string}"},"query-input":{"@type":"PropertyValueSpecification","valueRequired":true,"valueName":"search_term_string"}}],"inLanguage":"en-US"}]}},"acf":[],"_links":{"self":[{"href":"https:\/\/heliview.com\/industrial-safety-sweden\/wp-json\/wp\/v2\/pages\/5017","targetHints":{"allow":["GET"]}}],"collection":[{"href":"https:\/\/heliview.com\/industrial-safety-sweden\/wp-json\/wp\/v2\/pages"}],"about":[{"href":"https:\/\/heliview.com\/industrial-safety-sweden\/wp-json\/wp\/v2\/types\/page"}],"author":[{"embeddable":true,"href":"https:\/\/heliview.com\/industrial-safety-sweden\/wp-json\/wp\/v2\/users\/7"}],"replies":[{"embeddable":true,"href":"https:\/\/heliview.com\/industrial-safety-sweden\/wp-json\/wp\/v2\/comments?post=5017"}],"version-history":[{"count":9,"href":"https:\/\/heliview.com\/industrial-safety-sweden\/wp-json\/wp\/v2\/pages\/5017\/revisions"}],"predecessor-version":[{"id":6971,"href":"https:\/\/heliview.com\/industrial-safety-sweden\/wp-json\/wp\/v2\/pages\/5017\/revisions\/6971"}],"wp:attachment":[{"href":"https:\/\/heliview.com\/industrial-safety-sweden\/wp-json\/wp\/v2\/media?parent=5017"}],"curies":[{"name":"wp","href":"https:\/\/api.w.org\/{rel}","templated":true}]}}