{"id":5029,"date":"2020-03-10T08:39:16","date_gmt":"2020-03-10T06:39:16","guid":{"rendered":"https:\/\/heliview.com\/?page_id=5029"},"modified":"2025-06-30T16:35:57","modified_gmt":"2025-06-30T14:35:57","slug":"registration-closed","status":"publish","type":"page","link":"https:\/\/heliview.com\/industrial-safety-sweden\/registration-closed\/","title":{"rendered":"Registreringen"},"content":{"rendered":"<div class=\"wpb-content-wrapper\">[vc_row full_width=&#8221;stretch_row&#8221; css=&#8221;.vc_custom_1580382228452{background-color: #ffffff !important;}&#8221;][vc_column]<div class=\"lgx-heading  \" >\r\n                    <h2 class=\"heading\"><\/h2>\r\n                    <h3 class=\"subheading\">Registrering \u00e4nnu inte m\u00f6jlig<\/h3>              \r\n              <\/div>[vc_column_text css=&#8221;&#8221;]Tyv\u00e4rr \u00e4r det (\u00e4nnu) inte m\u00f6jligt att anm\u00e4la sig till Industrial Safety Konferens i nul\u00e4get<\/p>\n<p>F\u00f6r fr\u00e5gor om anm\u00e4lningar till konferensen, v\u00e4nligen kontakta<\/p>\n<p><strong>Participants service<\/strong><br \/>\n+31 (0)76 &#8211; 548 40 20<br \/>\nparticipants@heliview.com[\/vc_column_text][\/vc_column][\/vc_row]\n<\/div>","protected":false},"excerpt":{"rendered":"<p>[vc_row full_width=&#8221;stretch_row&#8221; css=&#8221;.vc_custom_1580382228452{background-color: #ffffff !important;}&#8221;][vc_column][vc_column_text css=&#8221;&#8221;]Tyv\u00e4rr \u00e4r det (\u00e4nnu) inte m\u00f6jligt att anm\u00e4la sig till Industrial Safety Konferens i nul\u00e4get F\u00f6r fr\u00e5gor om anm\u00e4lningar till konferensen, v\u00e4nligen kontakta Participants service +31 (0)76 &#8211; 548 40 20 participants@heliview.com[\/vc_column_text][\/vc_column][\/vc_row]<\/p>\n","protected":false},"author":7,"featured_media":0,"parent":0,"menu_order":0,"comment_status":"closed","ping_status":"closed","template":"","meta":{"_acf_changed":false,"footnotes":""},"class_list":["post-5029","page","type-page","status-publish","hentry"],"yoast_head":"<!-- This site is optimized with the Yoast SEO plugin v25.3.1 - https:\/\/yoast.com\/wordpress\/plugins\/seo\/ -->\r\n<title>Registreringen - Industrial Safety Sweden<\/title>\r\n<meta name=\"robots\" content=\"index, follow, max-snippet:-1, max-image-preview:large, max-video-preview:-1\" \/>\r\n<link rel=\"canonical\" href=\"https:\/\/heliview.com\/industrial-safety-sweden\/registration-closed\/\" \/>\r\n<meta property=\"og:locale\" content=\"en_US\" \/>\r\n<meta property=\"og:type\" content=\"article\" \/>\r\n<meta property=\"og:title\" content=\"Registreringen - Industrial Safety Sweden\" \/>\r\n<meta property=\"og:description\" content=\"[vc_row full_width=&#8221;stretch_row&#8221; css=&#8221;.vc_custom_1580382228452{background-color: #ffffff !important;}&#8221;][vc_column][vc_column_text css=&#8221;&#8221;]Tyv\u00e4rr \u00e4r det (\u00e4nnu) inte m\u00f6jligt att anm\u00e4la sig till Industrial Safety Konferens i nul\u00e4get F\u00f6r fr\u00e5gor om anm\u00e4lningar till konferensen, v\u00e4nligen kontakta Participants service +31 (0)76 &#8211; 548 40 20 participants@heliview.com[\/vc_column_text][\/vc_column][\/vc_row]\" \/>\r\n<meta property=\"og:url\" content=\"https:\/\/heliview.com\/industrial-safety-sweden\/registration-closed\/\" \/>\r\n<meta property=\"og:site_name\" content=\"Industrial Safety Sweden\" \/>\r\n<meta property=\"article:publisher\" content=\"https:\/\/www.facebook.com\/HeliviewCT\" \/>\r\n<meta property=\"article:modified_time\" content=\"2025-06-30T14:35:57+00:00\" \/>\r\n<meta name=\"twitter:card\" content=\"summary_large_image\" \/>\r\n<meta name=\"twitter:site\" content=\"@HeliviewConf\" \/>\r\n<meta name=\"twitter:label1\" content=\"Est. reading time\" \/>\n\t<meta name=\"twitter:data1\" content=\"1 minute\" \/>\r\n<script type=\"application\/ld+json\" class=\"yoast-schema-graph\">{\"@context\":\"https:\/\/schema.org\",\"@graph\":[{\"@type\":\"WebPage\",\"@id\":\"https:\/\/heliview.com\/industrial-safety-sweden\/registration-closed\/\",\"url\":\"https:\/\/heliview.com\/industrial-safety-sweden\/registration-closed\/\",\"name\":\"Registreringen - Industrial Safety Sweden\",\"isPartOf\":{\"@id\":\"https:\/\/heliview.com\/industrial-safety-sweden\/#website\"},\"datePublished\":\"2020-03-10T06:39:16+00:00\",\"dateModified\":\"2025-06-30T14:35:57+00:00\",\"breadcrumb\":{\"@id\":\"https:\/\/heliview.com\/industrial-safety-sweden\/registration-closed\/#breadcrumb\"},\"inLanguage\":\"en-US\",\"potentialAction\":[{\"@type\":\"ReadAction\",\"target\":[\"https:\/\/heliview.com\/industrial-safety-sweden\/registration-closed\/\"]}]},{\"@type\":\"BreadcrumbList\",\"@id\":\"https:\/\/heliview.com\/industrial-safety-sweden\/registration-closed\/#breadcrumb\",\"itemListElement\":[{\"@type\":\"ListItem\",\"position\":1,\"name\":\"Home\",\"item\":\"https:\/\/heliview.com\/industrial-safety-sweden\/\"},{\"@type\":\"ListItem\",\"position\":2,\"name\":\"Registreringen\"}]},{\"@type\":\"WebSite\",\"@id\":\"https:\/\/heliview.com\/industrial-safety-sweden\/#website\",\"url\":\"https:\/\/heliview.com\/industrial-safety-sweden\/\",\"name\":\"Industrial Safety Sweden\",\"description\":\"\",\"potentialAction\":[{\"@type\":\"SearchAction\",\"target\":{\"@type\":\"EntryPoint\",\"urlTemplate\":\"https:\/\/heliview.com\/industrial-safety-sweden\/?s={search_term_string}\"},\"query-input\":{\"@type\":\"PropertyValueSpecification\",\"valueRequired\":true,\"valueName\":\"search_term_string\"}}],\"inLanguage\":\"en-US\"}]}<\/script>\r\n<!-- \/ Yoast SEO plugin. -->","yoast_head_json":{"title":"Registreringen - Industrial Safety Sweden","robots":{"index":"index","follow":"follow","max-snippet":"max-snippet:-1","max-image-preview":"max-image-preview:large","max-video-preview":"max-video-preview:-1"},"canonical":"https:\/\/heliview.com\/industrial-safety-sweden\/registration-closed\/","og_locale":"en_US","og_type":"article","og_title":"Registreringen - Industrial Safety Sweden","og_description":"[vc_row full_width=&#8221;stretch_row&#8221; css=&#8221;.vc_custom_1580382228452{background-color: #ffffff !important;}&#8221;][vc_column][vc_column_text css=&#8221;&#8221;]Tyv\u00e4rr \u00e4r det (\u00e4nnu) inte m\u00f6jligt att anm\u00e4la sig till Industrial Safety Konferens i nul\u00e4get F\u00f6r fr\u00e5gor om anm\u00e4lningar till konferensen, v\u00e4nligen kontakta Participants service +31 (0)76 &#8211; 548 40 20 participants@heliview.com[\/vc_column_text][\/vc_column][\/vc_row]","og_url":"https:\/\/heliview.com\/industrial-safety-sweden\/registration-closed\/","og_site_name":"Industrial Safety Sweden","article_publisher":"https:\/\/www.facebook.com\/HeliviewCT","article_modified_time":"2025-06-30T14:35:57+00:00","twitter_card":"summary_large_image","twitter_site":"@HeliviewConf","twitter_misc":{"Est. reading time":"1 minute"},"schema":{"@context":"https:\/\/schema.org","@graph":[{"@type":"WebPage","@id":"https:\/\/heliview.com\/industrial-safety-sweden\/registration-closed\/","url":"https:\/\/heliview.com\/industrial-safety-sweden\/registration-closed\/","name":"Registreringen - Industrial Safety Sweden","isPartOf":{"@id":"https:\/\/heliview.com\/industrial-safety-sweden\/#website"},"datePublished":"2020-03-10T06:39:16+00:00","dateModified":"2025-06-30T14:35:57+00:00","breadcrumb":{"@id":"https:\/\/heliview.com\/industrial-safety-sweden\/registration-closed\/#breadcrumb"},"inLanguage":"en-US","potentialAction":[{"@type":"ReadAction","target":["https:\/\/heliview.com\/industrial-safety-sweden\/registration-closed\/"]}]},{"@type":"BreadcrumbList","@id":"https:\/\/heliview.com\/industrial-safety-sweden\/registration-closed\/#breadcrumb","itemListElement":[{"@type":"ListItem","position":1,"name":"Home","item":"https:\/\/heliview.com\/industrial-safety-sweden\/"},{"@type":"ListItem","position":2,"name":"Registreringen"}]},{"@type":"WebSite","@id":"https:\/\/heliview.com\/industrial-safety-sweden\/#website","url":"https:\/\/heliview.com\/industrial-safety-sweden\/","name":"Industrial Safety Sweden","description":"","potentialAction":[{"@type":"SearchAction","target":{"@type":"EntryPoint","urlTemplate":"https:\/\/heliview.com\/industrial-safety-sweden\/?s={search_term_string}"},"query-input":{"@type":"PropertyValueSpecification","valueRequired":true,"valueName":"search_term_string"}}],"inLanguage":"en-US"}]}},"acf":[],"_links":{"self":[{"href":"https:\/\/heliview.com\/industrial-safety-sweden\/wp-json\/wp\/v2\/pages\/5029","targetHints":{"allow":["GET"]}}],"collection":[{"href":"https:\/\/heliview.com\/industrial-safety-sweden\/wp-json\/wp\/v2\/pages"}],"about":[{"href":"https:\/\/heliview.com\/industrial-safety-sweden\/wp-json\/wp\/v2\/types\/page"}],"author":[{"embeddable":true,"href":"https:\/\/heliview.com\/industrial-safety-sweden\/wp-json\/wp\/v2\/users\/7"}],"replies":[{"embeddable":true,"href":"https:\/\/heliview.com\/industrial-safety-sweden\/wp-json\/wp\/v2\/comments?post=5029"}],"version-history":[{"count":5,"href":"https:\/\/heliview.com\/industrial-safety-sweden\/wp-json\/wp\/v2\/pages\/5029\/revisions"}],"predecessor-version":[{"id":6690,"href":"https:\/\/heliview.com\/industrial-safety-sweden\/wp-json\/wp\/v2\/pages\/5029\/revisions\/6690"}],"wp:attachment":[{"href":"https:\/\/heliview.com\/industrial-safety-sweden\/wp-json\/wp\/v2\/media?parent=5029"}],"curies":[{"name":"wp","href":"https:\/\/api.w.org\/{rel}","templated":true}]}}