{"id":725,"date":"2018-09-11T08:25:28","date_gmt":"2018-09-11T08:25:28","guid":{"rendered":"http:\/\/logichunt.net\/demo\/wordpress\/emeet\/?page_id=725"},"modified":"2025-12-08T12:35:25","modified_gmt":"2025-12-08T10:35:25","slug":"partners","status":"publish","type":"page","link":"https:\/\/heliview.com\/industrial-safety-sweden\/partners\/","title":{"rendered":"Partner"},"content":{"rendered":"<div class=\"wpb-content-wrapper\">[vc_row full_width=&#8221;stretch_row&#8221; css=&#8221;.vc_custom_1577094270928{background-color: #ffffff !important;}&#8221;][vc_column][vc_row_inner][vc_column_inner]<div class=\"lgx-heading  \" >\r\n                    <h2 class=\"heading\"><\/h2>\r\n                    <h3 class=\"subheading\">Se 2025 \u00e5rs partners<\/h3>              \r\n              <\/div>    <div class=\"vcx-sponsored-wrapper sponsors-area sponsors-area-border-thin sponsors-area-nogap  sponsors-area-noshadow  vcx-spwrap-item6 sponsor-anim-zoom \">\r\n\r\n        <div class=\"vcx-sponsored-title\"><h3 class=\"sponsored-heading first-heading\" style=\"color:#DD9933;\">Gold partner<\/h3><\/div>\r\n        <div class=\"sponsors-area\">\r\n                <div class=\"single single-border-thin lgx-item6\">\r\n                    <a class=\"Gold partner\" href=\"https:\/\/www.troax.com\/sv\/\" target=\"_blank\" ><img decoding=\"async\" src=\"https:\/\/heliview.com\/industrial-safety-sweden\/wp-content\/uploads\/sites\/64\/2025\/09\/upright-security-1.png\" alt=\"Sponsor\"\/><\/a>\r\n                <\/div> <!--\/\/single-->\r\n\r\n            <\/div>    <\/div>\r\n        <div class=\"vcx-sponsored-wrapper sponsors-area sponsors-area-border-thin sponsors-area-nogap  sponsors-area-noshadow  vcx-spwrap-item6 sponsor-anim-zoom \">\r\n\r\n        <div class=\"vcx-sponsored-title\"><h3 class=\"sponsored-heading first-heading\" style=\"color:#383838;\">Silver partners<\/h3><\/div>\r\n        <div class=\"sponsors-area\">\r\n                <div class=\"single single-border-thin lgx-item6\">\r\n                    <a class=\"Silver partners\" href=\"https:\/\/www.brady.se\/\" target=\"_blank\" ><img decoding=\"async\" src=\"https:\/\/heliview.com\/industrial-safety-sweden\/wp-content\/uploads\/sites\/64\/2025\/05\/Brady-SE.png\" alt=\"Sponsor\"\/><\/a>\r\n                <\/div> <!--\/\/single-->\r\n\r\n            \r\n                <div class=\"single single-border-thin lgx-item6\">\r\n                    <a class=\"Silver partners\" href=\"https:\/\/www.flowsparks.com\/\" target=\"_blank\" ><img decoding=\"async\" src=\"https:\/\/heliview.com\/industrial-safety-sweden\/wp-content\/uploads\/sites\/64\/2025\/07\/Flowsparks.png\" alt=\"Sponsor\"\/><\/a>\r\n                <\/div> <!--\/\/single-->\r\n\r\n            <\/div>    <\/div>\r\n        <div class=\"vcx-sponsored-wrapper sponsors-area sponsors-area-border-thin sponsors-area-nogap  sponsors-area-noshadow  vcx-spwrap-item6 sponsor-anim-zoom \">\r\n\r\n        <div class=\"vcx-sponsored-title\"><h3 class=\"sponsored-heading first-heading\" style=\"color:#383838;\">Brons partners<\/h3><\/div>\r\n        <div class=\"sponsors-area\">\r\n                <div class=\"single single-border-thin lgx-item6\">\r\n                    <a class=\"Brons partners\" href=\"https:\/\/123atex.eu\/\" target=\"_blank\" ><img decoding=\"async\" src=\"https:\/\/heliview.com\/industrial-safety-sweden\/wp-content\/uploads\/sites\/64\/2025\/05\/123Atex.eu_.png\" alt=\"Sponsor\"\/><\/a>\r\n                <\/div> <!--\/\/single-->\r\n\r\n            \r\n                <div class=\"single single-border-thin lgx-item6\">\r\n                    <a class=\"Brons partners\" href=\"https:\/\/www.moldex-europe.com\/nl\/\" target=\"_blank\" ><img decoding=\"async\" src=\"https:\/\/heliview.com\/industrial-safety-sweden\/wp-content\/uploads\/sites\/64\/2025\/05\/Moldex.jpg\" alt=\"Sponsor\"\/><\/a>\r\n                <\/div> <!--\/\/single-->\r\n\r\n            \r\n                <div class=\"single single-border-thin lgx-item6\">\r\n                    <a class=\"Brons partners\" href=\"https:\/\/r-stahl.com\/en\/global\/home\/\" target=\"_blank\" ><img decoding=\"async\" src=\"https:\/\/heliview.com\/industrial-safety-sweden\/wp-content\/uploads\/sites\/64\/2025\/08\/R-Stahl.png\" alt=\"Sponsor\"\/><\/a>\r\n                <\/div> <!--\/\/single-->\r\n\r\n            \r\n                <div class=\"single single-border-thin lgx-item6\">\r\n                    <a class=\"Brons partners\" href=\"https:\/\/www.tranemoworkwear.com\/\" target=\"_blank\" ><img decoding=\"async\" src=\"https:\/\/heliview.com\/industrial-safety-sweden\/wp-content\/uploads\/sites\/64\/2025\/06\/Tranemo.jpg\" alt=\"Sponsor\"\/><\/a>\r\n                <\/div> <!--\/\/single-->\r\n\r\n            \r\n                <div class=\"single single-border-thin lgx-item6\">\r\n                    <a class=\"Brons partners\" href=\"https:\/\/www.schmersal.se\/startsida\" target=\"_blank\" ><img decoding=\"async\" src=\"https:\/\/heliview.com\/industrial-safety-sweden\/wp-content\/uploads\/sites\/64\/2025\/10\/Schmersal-.png\" alt=\"Sponsor\"\/><\/a>\r\n                <\/div> <!--\/\/single-->\r\n\r\n            <\/div>    <\/div>\r\n        <div class=\"vcx-sponsored-wrapper sponsors-area sponsors-area-border-thin sponsors-area-nogap  sponsors-area-noshadow  vcx-spwrap-item6 sponsor-anim-zoom \">\r\n\r\n        <div class=\"vcx-sponsored-title\"><h3 class=\"sponsored-heading first-heading\" style=\"color:#383838;\">Kunskapspartners<\/h3><\/div>\r\n        <div class=\"sponsors-area\">\r\n                <div class=\"single single-border-thin lgx-item6\">\r\n                    <a class=\"Kunskapspartners\" href=\"https:\/\/www.ikem.se\/\" target=\"_blank\" ><img decoding=\"async\" src=\"https:\/\/heliview.com\/industrial-safety-sweden\/wp-content\/uploads\/sites\/64\/2025\/05\/Ikem-Sweden.png\" alt=\"Sponsor\"\/><\/a>\r\n                <\/div> <!--\/\/single-->\r\n\r\n            \r\n                <div class=\"single single-border-thin lgx-item6\">\r\n                    <a class=\"Kunskapspartners\" href=\"javascript:void(0)\" target=\"_blank\" ><img decoding=\"async\" src=\"https:\/\/heliview.com\/industrial-safety-sweden\/wp-content\/uploads\/sites\/64\/2025\/09\/Madison-Event.png\" alt=\"Sponsor\"\/><\/a>\r\n                <\/div> <!--\/\/single-->\r\n\r\n            \r\n                <div class=\"single single-border-thin lgx-item6\">\r\n                    <a class=\"Kunskapspartners\" href=\"https:\/\/www.gexcon.com\/\" target=\"_blank\" ><img decoding=\"async\" src=\"https:\/\/heliview.com\/industrial-safety-sweden\/wp-content\/uploads\/sites\/64\/2025\/10\/GEXCON.png\" alt=\"Sponsor\"\/><\/a>\r\n                <\/div> <!--\/\/single-->\r\n\r\n            <\/div>    <\/div>\r\n    <div class=\"lgx-brand-btn-area text-right\">\r\n                    <a class=\"lgx-btn btn-df  lgx-btn-brand\" href=\"https:\/\/heliview.com\/industrial-safety-sweden\/bli-partner\/\" target=\"_self\"><span>Bli partner?<\/span><\/a>\r\n                    \r\n               \r\n                <\/div>[vc_empty_space height=&#8221;20px&#8221;][\/vc_column_inner][\/vc_row_inner][\/vc_column][\/vc_row][vc_row][vc_column width=&#8221;1\/6&#8243;][vc_empty_space][vc_single_image image=&#8221;6712&#8243; img_size=&#8221;&#8221; css=&#8221;&#8221;][\/vc_column][vc_column width=&#8221;5\/6&#8243;]<div class=\"lgx-heading  \" >\r\n                    <h2 class=\"heading\"><\/h2>\r\n                    <h3 class=\"subheading\">Har du en fr\u00e5ga om programmet eller vill du sj\u00e4lv komma till tals? Kontakta d\u00e5 Dick de Laat s\u00e5 tittar vi p\u00e5 v\u00e5ra alternativ tillsammans<\/h3>              \r\n              <\/div>[vc_btn title=&#8221;Kontakta mig&#8221; color=&#8221;primary&#8221; i_icon_fontawesome=&#8221;fa fa-regular fa-envelope&#8221; css=&#8221;&#8221; add_icon=&#8221;true&#8221; link=&#8221;url:mailto%3Adick.de.laat%40heliview.com&#8221;][\/vc_column][\/vc_row]\n<\/div>","protected":false},"excerpt":{"rendered":"<p>[vc_row full_width=&#8221;stretch_row&#8221; css=&#8221;.vc_custom_1577094270928{background-color: #ffffff !important;}&#8221;][vc_column][vc_row_inner][vc_column_inner][vc_empty_space height=&#8221;20px&#8221;][\/vc_column_inner][\/vc_row_inner][\/vc_column][\/vc_row][vc_row][vc_column width=&#8221;1\/6&#8243;][vc_empty_space][vc_single_image image=&#8221;6712&#8243; img_size=&#8221;&#8221; css=&#8221;&#8221;][\/vc_column][vc_column width=&#8221;5\/6&#8243;][vc_btn title=&#8221;Kontakta mig&#8221; color=&#8221;primary&#8221; i_icon_fontawesome=&#8221;fa fa-regular fa-envelope&#8221; css=&#8221;&#8221; add_icon=&#8221;true&#8221; link=&#8221;url:mailto%3Adick.de.laat%40heliview.com&#8221;][\/vc_column][\/vc_row]<\/p>\n","protected":false},"author":21,"featured_media":0,"parent":0,"menu_order":0,"comment_status":"closed","ping_status":"closed","template":"","meta":{"_acf_changed":false,"footnotes":""},"class_list":["post-725","page","type-page","status-publish","hentry"],"yoast_head":"<!-- This site is optimized with the Yoast SEO plugin v25.3.1 - https:\/\/yoast.com\/wordpress\/plugins\/seo\/ -->\r\n<title>Partner - Industrial Safety Sweden<\/title>\r\n<meta name=\"robots\" content=\"index, follow, max-snippet:-1, max-image-preview:large, max-video-preview:-1\" \/>\r\n<link rel=\"canonical\" href=\"https:\/\/heliview.com\/industrial-safety-sweden\/partners\/\" \/>\r\n<meta property=\"og:locale\" content=\"en_US\" \/>\r\n<meta property=\"og:type\" content=\"article\" \/>\r\n<meta property=\"og:title\" content=\"Partner - Industrial Safety Sweden\" \/>\r\n<meta property=\"og:description\" content=\"[vc_row full_width=&#8221;stretch_row&#8221; css=&#8221;.vc_custom_1577094270928{background-color: #ffffff !important;}&#8221;][vc_column][vc_row_inner][vc_column_inner][vc_empty_space height=&#8221;20px&#8221;][\/vc_column_inner][\/vc_row_inner][\/vc_column][\/vc_row][vc_row][vc_column width=&#8221;1\/6&#8243;][vc_empty_space][vc_single_image image=&#8221;6712&#8243; img_size=&#8221;&#8221; css=&#8221;&#8221;][\/vc_column][vc_column width=&#8221;5\/6&#8243;][vc_btn title=&#8221;Kontakta mig&#8221; color=&#8221;primary&#8221; i_icon_fontawesome=&#8221;fa fa-regular fa-envelope&#8221; css=&#8221;&#8221; add_icon=&#8221;true&#8221; link=&#8221;url:mailto%3Adick.de.laat%40heliview.com&#8221;][\/vc_column][\/vc_row]\" \/>\r\n<meta property=\"og:url\" content=\"https:\/\/heliview.com\/industrial-safety-sweden\/partners\/\" \/>\r\n<meta property=\"og:site_name\" content=\"Industrial Safety Sweden\" \/>\r\n<meta property=\"article:publisher\" content=\"https:\/\/www.facebook.com\/HeliviewCT\" \/>\r\n<meta property=\"article:modified_time\" content=\"2025-12-08T10:35:25+00:00\" \/>\r\n<meta name=\"twitter:card\" content=\"summary_large_image\" \/>\r\n<meta name=\"twitter:site\" content=\"@HeliviewConf\" \/>\r\n<meta name=\"twitter:label1\" content=\"Est. reading time\" \/>\n\t<meta name=\"twitter:data1\" content=\"1 minute\" \/>\r\n<script type=\"application\/ld+json\" class=\"yoast-schema-graph\">{\"@context\":\"https:\/\/schema.org\",\"@graph\":[{\"@type\":\"WebPage\",\"@id\":\"https:\/\/heliview.com\/industrial-safety-sweden\/partners\/\",\"url\":\"https:\/\/heliview.com\/industrial-safety-sweden\/partners\/\",\"name\":\"Partner - Industrial Safety Sweden\",\"isPartOf\":{\"@id\":\"https:\/\/heliview.com\/industrial-safety-sweden\/#website\"},\"datePublished\":\"2018-09-11T08:25:28+00:00\",\"dateModified\":\"2025-12-08T10:35:25+00:00\",\"breadcrumb\":{\"@id\":\"https:\/\/heliview.com\/industrial-safety-sweden\/partners\/#breadcrumb\"},\"inLanguage\":\"en-US\",\"potentialAction\":[{\"@type\":\"ReadAction\",\"target\":[\"https:\/\/heliview.com\/industrial-safety-sweden\/partners\/\"]}]},{\"@type\":\"BreadcrumbList\",\"@id\":\"https:\/\/heliview.com\/industrial-safety-sweden\/partners\/#breadcrumb\",\"itemListElement\":[{\"@type\":\"ListItem\",\"position\":1,\"name\":\"Home\",\"item\":\"https:\/\/heliview.com\/industrial-safety-sweden\/\"},{\"@type\":\"ListItem\",\"position\":2,\"name\":\"Partner\"}]},{\"@type\":\"WebSite\",\"@id\":\"https:\/\/heliview.com\/industrial-safety-sweden\/#website\",\"url\":\"https:\/\/heliview.com\/industrial-safety-sweden\/\",\"name\":\"Industrial Safety Sweden\",\"description\":\"\",\"potentialAction\":[{\"@type\":\"SearchAction\",\"target\":{\"@type\":\"EntryPoint\",\"urlTemplate\":\"https:\/\/heliview.com\/industrial-safety-sweden\/?s={search_term_string}\"},\"query-input\":{\"@type\":\"PropertyValueSpecification\",\"valueRequired\":true,\"valueName\":\"search_term_string\"}}],\"inLanguage\":\"en-US\"}]}<\/script>\r\n<!-- \/ Yoast SEO plugin. -->","yoast_head_json":{"title":"Partner - Industrial Safety Sweden","robots":{"index":"index","follow":"follow","max-snippet":"max-snippet:-1","max-image-preview":"max-image-preview:large","max-video-preview":"max-video-preview:-1"},"canonical":"https:\/\/heliview.com\/industrial-safety-sweden\/partners\/","og_locale":"en_US","og_type":"article","og_title":"Partner - Industrial Safety Sweden","og_description":"[vc_row full_width=&#8221;stretch_row&#8221; css=&#8221;.vc_custom_1577094270928{background-color: #ffffff !important;}&#8221;][vc_column][vc_row_inner][vc_column_inner][vc_empty_space height=&#8221;20px&#8221;][\/vc_column_inner][\/vc_row_inner][\/vc_column][\/vc_row][vc_row][vc_column width=&#8221;1\/6&#8243;][vc_empty_space][vc_single_image image=&#8221;6712&#8243; img_size=&#8221;&#8221; css=&#8221;&#8221;][\/vc_column][vc_column width=&#8221;5\/6&#8243;][vc_btn title=&#8221;Kontakta mig&#8221; color=&#8221;primary&#8221; i_icon_fontawesome=&#8221;fa fa-regular fa-envelope&#8221; css=&#8221;&#8221; add_icon=&#8221;true&#8221; link=&#8221;url:mailto%3Adick.de.laat%40heliview.com&#8221;][\/vc_column][\/vc_row]","og_url":"https:\/\/heliview.com\/industrial-safety-sweden\/partners\/","og_site_name":"Industrial Safety Sweden","article_publisher":"https:\/\/www.facebook.com\/HeliviewCT","article_modified_time":"2025-12-08T10:35:25+00:00","twitter_card":"summary_large_image","twitter_site":"@HeliviewConf","twitter_misc":{"Est. reading time":"1 minute"},"schema":{"@context":"https:\/\/schema.org","@graph":[{"@type":"WebPage","@id":"https:\/\/heliview.com\/industrial-safety-sweden\/partners\/","url":"https:\/\/heliview.com\/industrial-safety-sweden\/partners\/","name":"Partner - Industrial Safety Sweden","isPartOf":{"@id":"https:\/\/heliview.com\/industrial-safety-sweden\/#website"},"datePublished":"2018-09-11T08:25:28+00:00","dateModified":"2025-12-08T10:35:25+00:00","breadcrumb":{"@id":"https:\/\/heliview.com\/industrial-safety-sweden\/partners\/#breadcrumb"},"inLanguage":"en-US","potentialAction":[{"@type":"ReadAction","target":["https:\/\/heliview.com\/industrial-safety-sweden\/partners\/"]}]},{"@type":"BreadcrumbList","@id":"https:\/\/heliview.com\/industrial-safety-sweden\/partners\/#breadcrumb","itemListElement":[{"@type":"ListItem","position":1,"name":"Home","item":"https:\/\/heliview.com\/industrial-safety-sweden\/"},{"@type":"ListItem","position":2,"name":"Partner"}]},{"@type":"WebSite","@id":"https:\/\/heliview.com\/industrial-safety-sweden\/#website","url":"https:\/\/heliview.com\/industrial-safety-sweden\/","name":"Industrial Safety Sweden","description":"","potentialAction":[{"@type":"SearchAction","target":{"@type":"EntryPoint","urlTemplate":"https:\/\/heliview.com\/industrial-safety-sweden\/?s={search_term_string}"},"query-input":{"@type":"PropertyValueSpecification","valueRequired":true,"valueName":"search_term_string"}}],"inLanguage":"en-US"}]}},"acf":[],"_links":{"self":[{"href":"https:\/\/heliview.com\/industrial-safety-sweden\/wp-json\/wp\/v2\/pages\/725","targetHints":{"allow":["GET"]}}],"collection":[{"href":"https:\/\/heliview.com\/industrial-safety-sweden\/wp-json\/wp\/v2\/pages"}],"about":[{"href":"https:\/\/heliview.com\/industrial-safety-sweden\/wp-json\/wp\/v2\/types\/page"}],"author":[{"embeddable":true,"href":"https:\/\/heliview.com\/industrial-safety-sweden\/wp-json\/wp\/v2\/users\/21"}],"replies":[{"embeddable":true,"href":"https:\/\/heliview.com\/industrial-safety-sweden\/wp-json\/wp\/v2\/comments?post=725"}],"version-history":[{"count":12,"href":"https:\/\/heliview.com\/industrial-safety-sweden\/wp-json\/wp\/v2\/pages\/725\/revisions"}],"predecessor-version":[{"id":6968,"href":"https:\/\/heliview.com\/industrial-safety-sweden\/wp-json\/wp\/v2\/pages\/725\/revisions\/6968"}],"wp:attachment":[{"href":"https:\/\/heliview.com\/industrial-safety-sweden\/wp-json\/wp\/v2\/media?parent=725"}],"curies":[{"name":"wp","href":"https:\/\/api.w.org\/{rel}","templated":true}]}}