{"id":735,"date":"2018-09-11T08:30:26","date_gmt":"2018-09-11T08:30:26","guid":{"rendered":"http:\/\/logichunt.net\/demo\/wordpress\/emeet\/?page_id=735"},"modified":"2025-12-08T12:47:26","modified_gmt":"2025-12-08T10:47:26","slug":"contact-venue","status":"publish","type":"page","link":"https:\/\/heliview.com\/industrial-safety-sweden\/contact-venue\/","title":{"rendered":"Contact and venue"},"content":{"rendered":"<div class=\"wpb-content-wrapper\">[vc_row full_width=&#8221;stretch_row_content&#8221; enable_full_screen=&#8221;yes&#8221; el_class=&#8221;lgx-inner lgx-inner-topgap&#8221; css=&#8221;.vc_custom_1572811396108{padding-top: 20px !important;padding-bottom: 20px !important;background-color: #ffffff !important;background-position: center !important;background-repeat: no-repeat !important;background-size: cover !important;}&#8221;][vc_column][\/vc_column][\/vc_row][vc_row][vc_column]<div class=\"lgx-heading  \" >\r\n                    <h2 class=\"heading\">Fr\u00e5gor om konferensen?<\/h2>\r\n                    <h3 class=\"subheading\">H\u00f6r av dig till oss!<\/h3>              \r\n              <\/div>[vc_row_inner][vc_column_inner width=&#8221;1\/5&#8243;][vc_single_image image=&#8221;6697&#8243; img_size=&#8221;full&#8221; css=&#8221;&#8221;][vc_column_text css=&#8221;&#8221;]\n<h5 style=\"text-align: center\"><strong>Dick de Laat | Conference Producer<\/strong><strong>\u00a0<\/strong><\/h5>\n<p style=\"text-align: center\">Har du en fr\u00e5ga om programmet eller \u00e4r du intresserad av att tala sj\u00e4lv?<\/p>\n[\/vc_column_text][vc_btn title=&#8221;Kontakta mig&#8221; align=&#8221;center&#8221; css=&#8221;&#8221; button_block=&#8221;true&#8221; link=&#8221;url:mailto%3Adick.de.laat%40heliview.com&#8221;][\/vc_column_inner][vc_column_inner width=&#8221;1\/5&#8243;][vc_single_image image=&#8221;6696&#8243; img_size=&#8221;full&#8221; css=&#8221;&#8221;][vc_column_text css=&#8221;&#8221;]\n<h5 style=\"text-align: center\"><strong>Laurens Mathijssen | <\/strong><strong>Sales executive\u00a0<\/strong><\/h5>\n<p style=\"text-align: center\">Har du en fr\u00e5ga om partnerskap eller samarbete?<\/p>\n[\/vc_column_text][vc_empty_space height=&#8221;26px&#8221;][vc_btn title=&#8221;Kontakta mig&#8221; align=&#8221;center&#8221; css=&#8221;&#8221; button_block=&#8221;true&#8221; link=&#8221;url:mailto%3Alaurens.mathijssen%40heliview.com&#8221;][\/vc_column_inner][vc_column_inner width=&#8221;1\/5&#8243;][vc_single_image image=&#8221;6911&#8243; img_size=&#8221;full&#8221; css=&#8221;&#8221;][vc_column_text css=&#8221;&#8221;]\n<h5 style=\"text-align: center\"><strong>Miki Malkic | Marketing<\/strong><\/h5>\n<p style=\"text-align: center\">Har du en fr\u00e5ga om marknadsf\u00f6ring eller samarbete?<\/p>\n[\/vc_column_text][vc_empty_space height=&#8221;26px&#8221;][vc_btn title=&#8221;Kontakta mig&#8221; align=&#8221;center&#8221; css=&#8221;&#8221; button_block=&#8221;true&#8221; link=&#8221;url:mailto%3Amiki.malkic%40heliview.com&#8221;][\/vc_column_inner][vc_column_inner width=&#8221;1\/5&#8243;][vc_single_image image=&#8221;6912&#8243; img_size=&#8221;full&#8221; css=&#8221;&#8221;][vc_column_text css=&#8221;&#8221;]\n<h5 style=\"text-align: center\"><strong>Frederique Mahieu | Conference Delivery<\/strong><\/h5>\n<p style=\"text-align: center\">Har du en fr\u00e5ga om logistiken och\/eller planeringen av denna konferens?<\/p>\n[\/vc_column_text][vc_btn title=&#8221;Kontakta mig&#8221; align=&#8221;center&#8221; css=&#8221;&#8221; button_block=&#8221;true&#8221; link=&#8221;url:mailto%3Afrederique.mahieu%40heliview.com&#8221;][\/vc_column_inner][vc_column_inner width=&#8221;1\/5&#8243;][vc_single_image image=&#8221;6705&#8243; img_size=&#8221;full&#8221; css=&#8221;&#8221;][vc_column_text css=&#8221;&#8221;]\n<h5 style=\"text-align: center\"><strong>Wilma Mathijssen | Participant Services<\/strong><\/h5>\n<p style=\"text-align: center\">Har du en fr\u00e5ga om ett bidrag eller din medverkan?<\/p>\n[\/vc_column_text][vc_empty_space height=&#8221;26px&#8221;][vc_btn title=&#8221;Kontakta mig&#8221; align=&#8221;center&#8221; css=&#8221;&#8221; button_block=&#8221;true&#8221; link=&#8221;url:mailto%3Aparticipants%40heliview.com&#8221;][\/vc_column_inner][\/vc_row_inner][\/vc_column][\/vc_row][vc_row][vc_column][vc_separator css=&#8221;&#8221;][\/vc_column][\/vc_row][vc_row][vc_column width=&#8221;1\/2&#8243;]<div class=\"lgx-heading  \" >\r\n                    <h2 class=\"heading\">Platsen<\/h2>\r\n                    <h3 class=\"subheading\"><\/h3>              \r\n              <\/div>[vc_column_text css=&#8221;&#8221;]Lindholmen Conference Centre at Lindholmen Science Park<\/p>\n<p>Lindholmspiren 5, 417 56 G\u00f6teborg, Zweden[\/vc_column_text][vc_single_image image=&#8221;6719&#8243; img_size=&#8221;full&#8221; css=&#8221;&#8221;][vc_column_text css=&#8221;&#8221;]<em><strong>Kommer du med b\u00e5t?<\/strong><\/em><\/p>\n<ul>\n<li>F\u00e4rjan \u201d\u00c4lvsnabbare\u201d erbjuder gratis turer och avg\u00e5r var tionde minut fr\u00e5n Stenpiren och Lindholmspiren. Resan tar ett par minuter och \u00e4r tillg\u00e4nglig mellan kl. 07.00 och 18.00. H\u00e5llplatsen \u201dLindholmspiren\u201d ligger precis framf\u00f6r omr\u00e5det Lindholmen Science Park. Det finns \u00e4ven en betalf\u00e4rja som heter \u201d\u00c4lvsnabben\u201d som g\u00e5r mellan Stenpiren \u2013 Lundby Strand \u2013 Lindholmspiren \u2013 Slottsberget \u2013 Eriksberg \u2013 Klippan.<\/li>\n<\/ul>\n<p><em><strong>Kommer du med cykel?<\/strong><\/em><\/p>\n<ul>\n<li>Det \u00e4r en fin cykeltur till Lindholmen, fr\u00e5n centrum tar du G\u00f6ta \u00c4lvbron och f\u00f6ljer skyltarna mot Lindholmen. Fr\u00e5n Centralstationen tar det ca 20 minuter till Lindholmen med cykel. Det g\u00e5r ocks\u00e5 bra att cykla till Rosenlund eller Lilla Bommen och sedan ta med cykeln p\u00e5 f\u00e4rjan.<\/li>\n<\/ul>\n[\/vc_column_text][\/vc_column][vc_column width=&#8221;1\/2&#8243;]<div class=\"lgx-heading  \" >\r\n                    <h2 class=\"heading\">V\u00e4gbeskrivning<\/h2>\r\n                    <h3 class=\"subheading\"><\/h3>              \r\n              <\/div>[vc_column_text css=&#8221;&#8221;]<em><strong>Kommer du med bil? <\/strong><\/em><\/p>\n<p>Lindholmen Science Park \u00e4r bel\u00e4get n\u00e4ra G\u00f6teborgs centrum. Det tar ca 5-10 minuter fr\u00e5n centrum till Lindholmen med bil.<\/p>\n<p><strong>Fr\u00e5n Hisingsbron eller tunnlarna Marieholmstunneln eller Tingstadstunneln?<\/strong><\/p>\n<ul>\n<li>K\u00f6r mot Norra \u00c4lvstranden till Lindholmsmotet. Sv\u00e4ng v\u00e4nster under j\u00e4rnv\u00e4gen, mot Lindholmen. Ta sedan f\u00f6rsta v\u00e4nster in p\u00e5 Lindholmsall\u00e9n. Detta \u00e4r huvudv\u00e4gen som leder upp till Lindholmen Science Park.<\/li>\n<\/ul>\n<p><strong>Fr\u00e5n E6 i norrg\u00e5ende riktning, E20 eller motorv\u00e4g 45?<\/strong><\/p>\n<ul>\n<li>Fr\u00e5n Stockholm, k\u00f6r mot Oslo och f\u00f6lj skyltarna mot Hisingen\/Hamnar och Norra \u00c4lvstranden. Ta v\u00e4nster under j\u00e4rnv\u00e4gen, mot Lindholmen. Sv\u00e4ng v\u00e4nster igen in p\u00e5 Lindholmsall\u00e9n. Detta \u00e4r huvudv\u00e4gen som leder upp till Lindholmen Science Park.Fr\u00e5n E6 s\u00f6derut f\u00f6ljer du helt enkelt skylten Norra \u00c4lvstranden och sedan Lindholmen.<\/li>\n<\/ul>\n<p><strong>Fr\u00e5n \u00c4lvsborgsbron?<\/strong><\/p>\n<ul>\n<li>K\u00f6r mot Norra \u00c4lvstranden genom tunneln \u201dLundbytunneln\u201d. F\u00f6lj skyltarna mot Norra \u00c4lvstranden och senare Lindholmen.<\/li>\n<\/ul>\n<p><em><strong>Parkeringsplats<\/strong><\/em><\/p>\n<ul>\n<li>Parkering intill Lindholmen Conference Centre finns utanf\u00f6r huvudbyggnaden, Lindholmspiren 3-5. Det kostar 12 kr per timme mellan kl. 08.00-22.00, \u00f6vrig tid 2 kr per timme.Det finns \u00e4ven m\u00f6jlighet att parkera p\u00e5 f\u00f6rsta och andra v\u00e5ningen i parkeringsgaraget intill huvudbyggnaden.<\/li>\n<\/ul>\n[\/vc_column_text][\/vc_column][\/vc_row][vc_row full_width=&#8221;stretch_row_content&#8221; enable_full_screen=&#8221;yes&#8221; el_class=&#8221;lgx-inner lgx-inner-topgap&#8221; css=&#8221;.vc_custom_1572811396108{padding-top: 20px !important;padding-bottom: 20px !important;background-color: #ffffff !important;background-position: center !important;background-repeat: no-repeat !important;background-size: cover !important;}&#8221;][vc_column]<div class=\"lgx-heading  \" >\r\n                    <h2 class=\"heading\">Annan fr\u00e5ga?<\/h2>\r\n                    <h3 class=\"subheading\">V\u00e4lkommen att kontakta oss!<\/h3>              \r\n              <\/div>\n<div class=\"wpcf7 no-js\" id=\"wpcf7-f4717-o1\" lang=\"nl-NL\" dir=\"ltr\" data-wpcf7-id=\"4717\">\n<div class=\"screen-reader-response\"><p role=\"status\" aria-live=\"polite\" aria-atomic=\"true\"><\/p> <ul><\/ul><\/div>\n<form action=\"\/industrial-safety-sweden\/wp-json\/wp\/v2\/pages\/735#wpcf7-f4717-o1\" method=\"post\" class=\"wpcf7-form init\" aria-label=\"Contactformulier\" novalidate=\"novalidate\" data-status=\"init\">\n<div style=\"display: none;\">\n<input type=\"hidden\" name=\"_wpcf7\" value=\"4717\" \/>\n<input type=\"hidden\" name=\"_wpcf7_version\" value=\"6.0.6\" \/>\n<input type=\"hidden\" name=\"_wpcf7_locale\" value=\"nl_NL\" \/>\n<input type=\"hidden\" name=\"_wpcf7_unit_tag\" value=\"wpcf7-f4717-o1\" \/>\n<input type=\"hidden\" name=\"_wpcf7_container_post\" value=\"0\" \/>\n<input type=\"hidden\" name=\"_wpcf7_posted_data_hash\" value=\"\" \/>\n<input type=\"hidden\" name=\"_wpcf7cf_hidden_group_fields\" value=\"[]\" \/>\n<input type=\"hidden\" name=\"_wpcf7cf_hidden_groups\" value=\"[]\" \/>\n<input type=\"hidden\" name=\"_wpcf7cf_visible_groups\" value=\"[]\" \/>\n<input type=\"hidden\" name=\"_wpcf7cf_repeaters\" value=\"[]\" \/>\n<input type=\"hidden\" name=\"_wpcf7cf_steps\" value=\"{}\" \/>\n<input type=\"hidden\" name=\"_wpcf7cf_options\" value=\"{&quot;form_id&quot;:4717,&quot;conditions&quot;:[],&quot;settings&quot;:{&quot;animation&quot;:&quot;yes&quot;,&quot;animation_intime&quot;:200,&quot;animation_outtime&quot;:200,&quot;conditions_ui&quot;:&quot;normal&quot;,&quot;notice_dismissed&quot;:false}}\" \/>\n<input type=\"hidden\" name=\"_wpcf7_recaptcha_response\" value=\"\" \/>\n<\/div>\n<p><label> Ert namn*<br \/>\n<span class=\"wpcf7-form-control-wrap\" data-name=\"your-name\"><input size=\"40\" maxlength=\"400\" class=\"wpcf7-form-control wpcf7-text wpcf7-validates-as-required\" aria-required=\"true\" aria-invalid=\"false\" value=\"\" type=\"text\" name=\"your-name\" \/><\/span> <\/label>\n<\/p>\n<p><label> E-postadress*<br \/>\n<span class=\"wpcf7-form-control-wrap\" data-name=\"your-email\"><input size=\"40\" maxlength=\"400\" class=\"wpcf7-form-control wpcf7-email wpcf7-validates-as-required wpcf7-text wpcf7-validates-as-email\" aria-required=\"true\" aria-invalid=\"false\" value=\"\" type=\"email\" name=\"your-email\" \/><\/span> <\/label>\n<\/p>\n<p><label> Telefonnummer*<br \/>\n<span class=\"wpcf7-form-control-wrap\" data-name=\"your-phone\"><input size=\"40\" maxlength=\"400\" class=\"wpcf7-form-control wpcf7-tel wpcf7-validates-as-required wpcf7-text wpcf7-validates-as-tel\" aria-required=\"true\" aria-invalid=\"false\" value=\"\" type=\"tel\" name=\"your-phone\" \/><\/span> <\/label>\n<\/p>\n<p><label> Din fr\u00e5ga eller kommentar*<br \/>\n<span class=\"wpcf7-form-control-wrap\" data-name=\"your-message\"><textarea cols=\"40\" rows=\"10\" maxlength=\"2000\" class=\"wpcf7-form-control wpcf7-textarea wpcf7-validates-as-required\" aria-required=\"true\" aria-invalid=\"false\" name=\"your-message\"><\/textarea><\/span> <\/label>\n<\/p>\n<p><input class=\"wpcf7-form-control wpcf7-submit has-spinner\" type=\"submit\" value=\"Skicka\" \/>\n<\/p><div class=\"wpcf7-response-output\" aria-hidden=\"true\"><\/div>\n<\/form>\n<\/div>\n[\/vc_column][\/vc_row][vc_row][vc_column][vc_column_text css=&#8221;&#8221;]Om du har n\u00e5gra fr\u00e5gor om konferensen eller om din anm\u00e4lan, v\u00e4nligen kontakta Industrial Safety Sweden-teamet[\/vc_column_text][\/vc_column][\/vc_row]\n<\/div>","protected":false},"excerpt":{"rendered":"<p>[vc_row full_width=&#8221;stretch_row_content&#8221; enable_full_screen=&#8221;yes&#8221; el_class=&#8221;lgx-inner lgx-inner-topgap&#8221; css=&#8221;.vc_custom_1572811396108{padding-top: 20px !important;padding-bottom: 20px !important;background-color: #ffffff !important;background-position: center !important;background-repeat: no-repeat !important;background-size: cover !important;}&#8221;][vc_column][\/vc_column][\/vc_row][vc_row][vc_column][vc_row_inner][vc_column_inner width=&#8221;1\/5&#8243;][vc_single_image image=&#8221;6697&#8243; img_size=&#8221;full&#8221; css=&#8221;&#8221;][vc_column_text css=&#8221;&#8221;] Dick de Laat | Conference Producer\u00a0 Har du en fr\u00e5ga om programmet eller \u00e4r du intresserad av att tala sj\u00e4lv? [\/vc_column_text][vc_btn title=&#8221;Kontakta mig&#8221; align=&#8221;center&#8221; css=&#8221;&#8221; button_block=&#8221;true&#8221; link=&#8221;url:mailto%3Adick.de.laat%40heliview.com&#8221;][\/vc_column_inner][vc_column_inner width=&#8221;1\/5&#8243;][vc_single_image image=&#8221;6696&#8243; img_size=&#8221;full&#8221; css=&#8221;&#8221;][vc_column_text css=&#8221;&#8221;] [&hellip;]<\/p>\n","protected":false},"author":7,"featured_media":0,"parent":0,"menu_order":0,"comment_status":"closed","ping_status":"closed","template":"","meta":{"_acf_changed":false,"footnotes":""},"class_list":["post-735","page","type-page","status-publish","hentry"],"yoast_head":"<!-- This site is optimized with the Yoast SEO plugin v25.3.1 - https:\/\/yoast.com\/wordpress\/plugins\/seo\/ -->\r\n<title>Contact and venue - Industrial Safety Sweden<\/title>\r\n<meta name=\"robots\" content=\"index, follow, max-snippet:-1, max-image-preview:large, max-video-preview:-1\" \/>\r\n<link rel=\"canonical\" href=\"https:\/\/heliview.com\/industrial-safety-sweden\/contact-venue\/\" \/>\r\n<meta property=\"og:locale\" content=\"en_US\" \/>\r\n<meta property=\"og:type\" content=\"article\" \/>\r\n<meta property=\"og:title\" content=\"Contact and venue - Industrial Safety Sweden\" \/>\r\n<meta property=\"og:description\" content=\"[vc_row full_width=&#8221;stretch_row_content&#8221; enable_full_screen=&#8221;yes&#8221; el_class=&#8221;lgx-inner lgx-inner-topgap&#8221; css=&#8221;.vc_custom_1572811396108{padding-top: 20px !important;padding-bottom: 20px !important;background-color: #ffffff !important;background-position: center !important;background-repeat: no-repeat !important;background-size: cover !important;}&#8221;][vc_column][\/vc_column][\/vc_row][vc_row][vc_column][vc_row_inner][vc_column_inner width=&#8221;1\/5&#8243;][vc_single_image image=&#8221;6697&#8243; img_size=&#8221;full&#8221; css=&#8221;&#8221;][vc_column_text css=&#8221;&#8221;] Dick de Laat | Conference Producer\u00a0 Har du en fr\u00e5ga om programmet eller \u00e4r du intresserad av att tala sj\u00e4lv? [\/vc_column_text][vc_btn title=&#8221;Kontakta mig&#8221; align=&#8221;center&#8221; css=&#8221;&#8221; button_block=&#8221;true&#8221; link=&#8221;url:mailto%3Adick.de.laat%40heliview.com&#8221;][\/vc_column_inner][vc_column_inner width=&#8221;1\/5&#8243;][vc_single_image image=&#8221;6696&#8243; img_size=&#8221;full&#8221; css=&#8221;&#8221;][vc_column_text css=&#8221;&#8221;] [&hellip;]\" \/>\r\n<meta property=\"og:url\" content=\"https:\/\/heliview.com\/industrial-safety-sweden\/contact-venue\/\" \/>\r\n<meta property=\"og:site_name\" content=\"Industrial Safety Sweden\" \/>\r\n<meta property=\"article:publisher\" content=\"https:\/\/www.facebook.com\/HeliviewCT\" \/>\r\n<meta property=\"article:modified_time\" content=\"2025-12-08T10:47:26+00:00\" \/>\r\n<meta name=\"twitter:card\" content=\"summary_large_image\" \/>\r\n<meta name=\"twitter:site\" content=\"@HeliviewConf\" \/>\r\n<meta name=\"twitter:label1\" content=\"Est. reading time\" \/>\n\t<meta name=\"twitter:data1\" content=\"3 minutes\" \/>\r\n<script type=\"application\/ld+json\" class=\"yoast-schema-graph\">{\"@context\":\"https:\/\/schema.org\",\"@graph\":[{\"@type\":\"WebPage\",\"@id\":\"https:\/\/heliview.com\/industrial-safety-sweden\/contact-venue\/\",\"url\":\"https:\/\/heliview.com\/industrial-safety-sweden\/contact-venue\/\",\"name\":\"Contact and venue - Industrial Safety Sweden\",\"isPartOf\":{\"@id\":\"https:\/\/heliview.com\/industrial-safety-sweden\/#website\"},\"datePublished\":\"2018-09-11T08:30:26+00:00\",\"dateModified\":\"2025-12-08T10:47:26+00:00\",\"breadcrumb\":{\"@id\":\"https:\/\/heliview.com\/industrial-safety-sweden\/contact-venue\/#breadcrumb\"},\"inLanguage\":\"en-US\",\"potentialAction\":[{\"@type\":\"ReadAction\",\"target\":[\"https:\/\/heliview.com\/industrial-safety-sweden\/contact-venue\/\"]}]},{\"@type\":\"BreadcrumbList\",\"@id\":\"https:\/\/heliview.com\/industrial-safety-sweden\/contact-venue\/#breadcrumb\",\"itemListElement\":[{\"@type\":\"ListItem\",\"position\":1,\"name\":\"Home\",\"item\":\"https:\/\/heliview.com\/industrial-safety-sweden\/\"},{\"@type\":\"ListItem\",\"position\":2,\"name\":\"Contact and venue\"}]},{\"@type\":\"WebSite\",\"@id\":\"https:\/\/heliview.com\/industrial-safety-sweden\/#website\",\"url\":\"https:\/\/heliview.com\/industrial-safety-sweden\/\",\"name\":\"Industrial Safety Sweden\",\"description\":\"\",\"potentialAction\":[{\"@type\":\"SearchAction\",\"target\":{\"@type\":\"EntryPoint\",\"urlTemplate\":\"https:\/\/heliview.com\/industrial-safety-sweden\/?s={search_term_string}\"},\"query-input\":{\"@type\":\"PropertyValueSpecification\",\"valueRequired\":true,\"valueName\":\"search_term_string\"}}],\"inLanguage\":\"en-US\"}]}<\/script>\r\n<!-- \/ Yoast SEO plugin. -->","yoast_head_json":{"title":"Contact and venue - Industrial Safety Sweden","robots":{"index":"index","follow":"follow","max-snippet":"max-snippet:-1","max-image-preview":"max-image-preview:large","max-video-preview":"max-video-preview:-1"},"canonical":"https:\/\/heliview.com\/industrial-safety-sweden\/contact-venue\/","og_locale":"en_US","og_type":"article","og_title":"Contact and venue - Industrial Safety Sweden","og_description":"[vc_row full_width=&#8221;stretch_row_content&#8221; enable_full_screen=&#8221;yes&#8221; el_class=&#8221;lgx-inner lgx-inner-topgap&#8221; css=&#8221;.vc_custom_1572811396108{padding-top: 20px !important;padding-bottom: 20px !important;background-color: #ffffff !important;background-position: center !important;background-repeat: no-repeat !important;background-size: cover !important;}&#8221;][vc_column][\/vc_column][\/vc_row][vc_row][vc_column][vc_row_inner][vc_column_inner width=&#8221;1\/5&#8243;][vc_single_image image=&#8221;6697&#8243; img_size=&#8221;full&#8221; css=&#8221;&#8221;][vc_column_text css=&#8221;&#8221;] Dick de Laat | Conference Producer\u00a0 Har du en fr\u00e5ga om programmet eller \u00e4r du intresserad av att tala sj\u00e4lv? [\/vc_column_text][vc_btn title=&#8221;Kontakta mig&#8221; align=&#8221;center&#8221; css=&#8221;&#8221; button_block=&#8221;true&#8221; link=&#8221;url:mailto%3Adick.de.laat%40heliview.com&#8221;][\/vc_column_inner][vc_column_inner width=&#8221;1\/5&#8243;][vc_single_image image=&#8221;6696&#8243; img_size=&#8221;full&#8221; css=&#8221;&#8221;][vc_column_text css=&#8221;&#8221;] [&hellip;]","og_url":"https:\/\/heliview.com\/industrial-safety-sweden\/contact-venue\/","og_site_name":"Industrial Safety Sweden","article_publisher":"https:\/\/www.facebook.com\/HeliviewCT","article_modified_time":"2025-12-08T10:47:26+00:00","twitter_card":"summary_large_image","twitter_site":"@HeliviewConf","twitter_misc":{"Est. reading time":"3 minutes"},"schema":{"@context":"https:\/\/schema.org","@graph":[{"@type":"WebPage","@id":"https:\/\/heliview.com\/industrial-safety-sweden\/contact-venue\/","url":"https:\/\/heliview.com\/industrial-safety-sweden\/contact-venue\/","name":"Contact and venue - Industrial Safety Sweden","isPartOf":{"@id":"https:\/\/heliview.com\/industrial-safety-sweden\/#website"},"datePublished":"2018-09-11T08:30:26+00:00","dateModified":"2025-12-08T10:47:26+00:00","breadcrumb":{"@id":"https:\/\/heliview.com\/industrial-safety-sweden\/contact-venue\/#breadcrumb"},"inLanguage":"en-US","potentialAction":[{"@type":"ReadAction","target":["https:\/\/heliview.com\/industrial-safety-sweden\/contact-venue\/"]}]},{"@type":"BreadcrumbList","@id":"https:\/\/heliview.com\/industrial-safety-sweden\/contact-venue\/#breadcrumb","itemListElement":[{"@type":"ListItem","position":1,"name":"Home","item":"https:\/\/heliview.com\/industrial-safety-sweden\/"},{"@type":"ListItem","position":2,"name":"Contact and venue"}]},{"@type":"WebSite","@id":"https:\/\/heliview.com\/industrial-safety-sweden\/#website","url":"https:\/\/heliview.com\/industrial-safety-sweden\/","name":"Industrial Safety Sweden","description":"","potentialAction":[{"@type":"SearchAction","target":{"@type":"EntryPoint","urlTemplate":"https:\/\/heliview.com\/industrial-safety-sweden\/?s={search_term_string}"},"query-input":{"@type":"PropertyValueSpecification","valueRequired":true,"valueName":"search_term_string"}}],"inLanguage":"en-US"}]}},"acf":[],"_links":{"self":[{"href":"https:\/\/heliview.com\/industrial-safety-sweden\/wp-json\/wp\/v2\/pages\/735","targetHints":{"allow":["GET"]}}],"collection":[{"href":"https:\/\/heliview.com\/industrial-safety-sweden\/wp-json\/wp\/v2\/pages"}],"about":[{"href":"https:\/\/heliview.com\/industrial-safety-sweden\/wp-json\/wp\/v2\/types\/page"}],"author":[{"embeddable":true,"href":"https:\/\/heliview.com\/industrial-safety-sweden\/wp-json\/wp\/v2\/users\/7"}],"replies":[{"embeddable":true,"href":"https:\/\/heliview.com\/industrial-safety-sweden\/wp-json\/wp\/v2\/comments?post=735"}],"version-history":[{"count":8,"href":"https:\/\/heliview.com\/industrial-safety-sweden\/wp-json\/wp\/v2\/pages\/735\/revisions"}],"predecessor-version":[{"id":6973,"href":"https:\/\/heliview.com\/industrial-safety-sweden\/wp-json\/wp\/v2\/pages\/735\/revisions\/6973"}],"wp:attachment":[{"href":"https:\/\/heliview.com\/industrial-safety-sweden\/wp-json\/wp\/v2\/media?parent=735"}],"curies":[{"name":"wp","href":"https:\/\/api.w.org\/{rel}","templated":true}]}}