{"id":3956,"date":"2019-10-30T09:01:30","date_gmt":"2019-10-30T09:01:30","guid":{"rendered":"https:\/\/heliview.com\/data-quality-conference\/?page_id=3956"},"modified":"2026-04-16T10:55:31","modified_gmt":"2026-04-16T08:55:31","slug":"over-het-congres","status":"publish","type":"page","link":"https:\/\/heliview.com\/industriele-veiligheid-belgie\/over-het-congres\/","title":{"rendered":"Over het congres"},"content":{"rendered":"<div class=\"wpb-content-wrapper\">[vc_row full_width=&#8221;stretch_row_content&#8221; enable_full_screen=&#8221;yes&#8221; css=&#8221;.vc_custom_1611064687804{background-color: #ffffff !important;}&#8221;][vc_column][vc_empty_space height=&#8221;55px&#8221;][vc_row_inner][vc_column_inner width=&#8221;1\/2&#8243;]<div class=\"lgx-heading  \" >\r\n                    <h2 class=\"heading\">Het thema van 2026: Vertrouwd Automatiseren \u2013 Wie houdt de vinger aan de knop?<\/h2>\r\n                    <h3 class=\"subheading\"><\/h3>              \r\n              <\/div>[vc_column_text css=&#8221;&#8221;]De Belgische industrie staat onder druk. Personeelstekorten, hoge energiekosten en geopolitieke onzekerheid dwingen bedrijven om zelfstandiger en veerkrachtiger te opereren. Automatisering is daarin geen luxe, maar noodzaak om processen draaiend te houden \u00e9n om de continu\u00efteit van onze industrie te waarborgen.<\/p>\n<p>Maar met meer automatisering nemen ook de veiligheidsrisico\u2019s toe. Slimme systemen, AI en cobots veranderen hoe we produceren, maar maken ons ook afhankelijker van technologie die foutloos moet functioneren. Bovendien zijn deze systemen steeds vaker verbonden met externe netwerken en cloudplatforms, waardoor digitale aanvallen een directe bedreiging vormen voor fysieke processen en mensen op de werkvloer.[\/vc_column_text][\/vc_column_inner][vc_column_inner width=&#8221;1\/2&#8243;][vc_empty_space][vc_images_carousel images=&#8221;9565,9564,9563,9562,9561,9560,9559,9558,9557,9556&#8243; img_size=&#8221;full&#8221; css=&#8221;&#8221;][\/vc_column_inner][\/vc_row_inner][vc_column_text css=&#8221;&#8221;]De rol van de mens verandert mee: van operator naar toezichthouder, van uitvoerder naar beslisser. Dat vraagt om duidelijke kaders, uitlegbare technologie en een werkomgeving waarin vertrouwen, controle en veiligheid centraal staan.<\/p>\n<p>Onder het thema \u201cVertrouwd Automatiseren\u201d onderzoeken we hoe we de Belgische industrie slimmer \u00e9n veiliger maken met technologie die werkt v\u00f3\u00f3r mensen, niet omgekeerd.<\/p>\n<p>Machineverordening, Safety Culture, ATEX, Nieuwe innovaties en nog veel meer. Schrijf je nu in voor Industri\u00eble Veiligheid op 29 oktober in Antwerpen.[\/vc_column_text][vc_empty_space height=&#8221;20px&#8221;][\/vc_column][\/vc_row][vc_row][vc_column]<div class=\"lgx-heading  \" >\r\n                    <h2 class=\"heading\"><\/h2>\r\n                    <h3 class=\"subheading\">Behoort u tot de doelgroep? Dan kunt u gratis deelnemen aan het congres!<\/h3>              \r\n              <\/div>[vc_column_text css=&#8221;&#8221;]Met onze congressen brengen wij waardevolle zakelijke contacten tot stand. Op het netwerkplein en tijdens de 1-op-1 gesprekken legt u op eenvoudige en informele manier contact met professionals in uw werkveld. Het programma van deze dag kunt u 3 weken voor het congres inplannen in uw EventManager.<\/p>\n<p>Industri\u00eble Veiligheid Belgi\u00eb is een vakinhoudelijk congres ontwikkeld voor de volgende doelgroep:[\/vc_column_text][\/vc_column][\/vc_row][vc_row][vc_column width=&#8221;1\/2&#8243;][vc_column_text]Industri\u00eble Veiligheid Belgi\u00eb is er voor zowel de ontwerpers, de bouwers, de onderhouders als de gebruikers van industri\u00eble machines en installaties, met als verbindende factor veiligheid. Industri\u00eble Veiligheid richt zich op zowel productveiligheid als productieveiligheid binnen zowel de procesindustrie als de maakindustrie. Het congres richt zich op de volgende functies:[\/vc_column_text][vc_row_inner][vc_column_inner width=&#8221;1\/2&#8243;][vc_empty_space height=&#8221;20px&#8221;][\/vc_column_inner][vc_column_inner width=&#8221;1\/2&#8243;][\/vc_column_inner][\/vc_row_inner][\/vc_column][vc_column width=&#8221;1\/2&#8243;][vc_column_text css=&#8221;&#8221;]\n<ul class=\"checklist\">\n<li>Preventieadviseurs niveau 1,2 &amp; 3<\/li>\n<li>Engineers \/ Ontwerpers \/ Constructeurs<\/li>\n<li>Veiligheidsfunctionarissen \/ Preventiemanagers<\/li>\n<li>(Q)HSE Managers<\/li>\n<li>Kwaliteitsmanagers<\/li>\n<li>Plant Managers \/ vestigingsmanagers<\/li>\n<li>R&amp;D Managers<\/li>\n<li>Operations Manager<\/li>\n<li>Manager Technische Dienst &amp; Onderhoud<\/li>\n<li>Managers Industri\u00eble Automatisering<\/li>\n<li>Technische Projectmanagers<\/li>\n<li>Managers Risk &amp; Crisis Control<\/li>\n<\/ul>\n[\/vc_column_text][\/vc_column][\/vc_row][vc_section full_width=&#8221;stretch_row&#8221; css=&#8221;.vc_custom_1752590352958{background-color: #FFFFFF !important;}&#8221;][vc_row css=&#8221;.vc_custom_1752578396220{background-color: #FFFFFF !important;}&#8221;][vc_column width=&#8221;1\/2&#8243;][vc_single_image image=&#8221;8715&#8243; img_size=&#8221;1600&#215;300&#8243; css=&#8221;&#8221;]<div class=\"lgx-brand-btn-area text-left\">\r\n                    <a class=\"lgx-btn btn-df  lgx-btn-brand\" href=\"https:\/\/heliview.com\/industriele-veiligheid-belgie\/deelname-attest\/\" target=\"_blank\"><span>Meer lezen<\/span><\/a>\r\n                    \r\n               \r\n                <\/div>[\/vc_column][vc_column width=&#8221;1\/2&#8243;][vc_column_text css=&#8221;&#8221;]\n<p data-start=\"172\" data-end=\"480\"><strong data-start=\"172\" data-end=\"252\">Verdien uw offici\u00eble deelname attest \u2013 waardevol voor elke preventieadviseur<\/strong><\/p>\n<p data-start=\"172\" data-end=\"480\">Als professional in veiligheid weet u hoe belangrijk het is om uw kennis en betrokkenheid aan te tonen. Dankzij ORA Group ontvangen deelnemers aan het congres Industri\u00eble Veiligheid Belgi\u00eb een officieel bewijs van deelname.<\/p>\n<p data-start=\"715\" data-end=\"851\">Zo toont u niet alleen uw aanwezigheid, maar ook uw actieve inzet voor blijvende deskundigheid op het gebied van industri\u00eble veiligheid.<\/p>\n[\/vc_column_text][\/vc_column][\/vc_row][\/vc_section][vc_row][vc_column]<div class=\"lgx-heading  \" >\r\n                    <h2 class=\"heading\"><\/h2>\r\n                    <h3 class=\"subheading\">Wanneer kunt u gratis deelnemen?<\/h3>              \r\n              <\/div>[vc_column_text css=&#8221;&#8221;]\n<ul class=\"checklist\">\n<li>U behoort tot de doelgroep zoals hierboven beschreven<\/li>\n<li>U gaat akkoord met de inschrijfvoorwaarden<\/li>\n<\/ul>\n[\/vc_column_text]<div class=\"lgx-brand-btn-area text-left\">\r\n                    <a class=\"lgx-btn btn-df  lgx-btn-brand\" href=\"\/inschrijfvoorwaarden\" target=\"_blank\"><span>Lees de inschrijfvoorwaarden<\/span><\/a>\r\n                    \r\n               \r\n                <\/div>[vc_empty_space][vc_empty_space][\/vc_column][\/vc_row][vc_section][vc_row full_width=&#8221;stretch_row&#8221; enable_full_screen=&#8221;yes&#8221; css=&#8221;.vc_custom_1753104929636{background-color: #FFFFFF !important;}&#8221;][vc_column]<div class=\"lgx-heading  \" >\r\n                    <h2 class=\"heading\"><\/h2>\r\n                    <h3 class=\"subheading\">De programmacommissie<\/h3>              \r\n              <\/div>[vc_row_inner][vc_column_inner width=&#8221;1\/4&#8243;]\r\n\r\n    <div class=\"lgx-single-speaker lgx-single-speaker-one vcx-speaker-nogap\">\r\n        <figure>\r\n            <a class=\"profile-img\" href=\"https:\/\/heliview.com\/industriele-veiligheid-belgie\/speaker\/joop-hermans\/\">\r\n                <img decoding=\"async\" src=\"https:\/\/heliview.com\/industriele-veiligheid-belgie\/wp-content\/uploads\/sites\/63\/2025\/07\/JOOP.jpg\" alt=\"Joop Hermans\"\/>\r\n            <\/a>\r\n\r\n            <figcaption>\r\n                <div class=\"social-group\">\r\n                                                                                <a class=\"sp-in\" target=\"_blank\" href=\"https:\/\/www.linkedin.com\/in\/joophermans97\/\"><i class=\"fa fa-linkedin\"><\/i><\/a>                                                                            <\/div>\r\n                <div class=\"speaker-info\">\r\n                    <h3 class=\"title\"><a href=\"https:\/\/heliview.com\/industriele-veiligheid-belgie\/speaker\/joop-hermans\/\">Joop Hermans<\/a><\/h3>\r\n                    <h4 class=\"subtitle\">Congres Producer, Heliview<\/h4>                <\/div>\r\n            <\/figcaption>\r\n        <\/figure>\r\n    <\/div>\r\n\r\n\r\n\r\n    [\/vc_column_inner][vc_column_inner width=&#8221;1\/4&#8243;]\r\n\r\n    <div class=\"lgx-single-speaker lgx-single-speaker-one vcx-speaker-nogap\">\r\n        <figure>\r\n            <a class=\"profile-img\" href=\"https:\/\/heliview.com\/industriele-veiligheid-belgie\/speaker\/bart-vanraes-3\/\">\r\n                <img decoding=\"async\" src=\"https:\/\/heliview.com\/industriele-veiligheid-belgie\/wp-content\/uploads\/sites\/63\/2025\/07\/Ibrahim-Akdogan.jpg\" alt=\"Ibrahim Akdogan\"\/>\r\n            <\/a>\r\n\r\n            <figcaption>\r\n                <div class=\"social-group\">\r\n                                                                                <a class=\"sp-in\" target=\"_blank\" href=\"https:\/\/www.linkedin.com\/in\/ibrahimakdogan\/\"><i class=\"fa fa-linkedin\"><\/i><\/a>                                                                            <\/div>\r\n                <div class=\"speaker-info\">\r\n                    <h3 class=\"title\"><a href=\"https:\/\/heliview.com\/industriele-veiligheid-belgie\/speaker\/bart-vanraes-3\/\">Ibrahim Akdogan<\/a><\/h3>\r\n                    <h4 class=\"subtitle\">Eigenaar AS training<\/h4>                <\/div>\r\n            <\/figcaption>\r\n        <\/figure>\r\n    <\/div>\r\n\r\n\r\n\r\n    [\/vc_column_inner][vc_column_inner width=&#8221;1\/4&#8243;]\r\n\r\n    <div class=\"lgx-single-speaker lgx-single-speaker-one \">\r\n        <figure>\r\n            <a class=\"profile-img\" href=\"https:\/\/heliview.com\/industriele-veiligheid-belgie\/speaker\/bart-vanraes\/\">\r\n                <img decoding=\"async\" src=\"https:\/\/heliview.com\/industriele-veiligheid-belgie\/wp-content\/uploads\/sites\/63\/2025\/07\/Bart-Vanraes.jpg\" alt=\"Bart Vanraes\"\/>\r\n            <\/a>\r\n\r\n            <figcaption>\r\n                <div class=\"social-group\">\r\n                                                                                <a class=\"sp-in\" target=\"_blank\" href=\"https:\/\/www.linkedin.com\/in\/bart-vanraes\"><i class=\"fa fa-linkedin\"><\/i><\/a>                                                                            <\/div>\r\n                <div class=\"speaker-info\">\r\n                    <h3 class=\"title\"><a href=\"https:\/\/heliview.com\/industriele-veiligheid-belgie\/speaker\/bart-vanraes\/\">Bart Vanraes<\/a><\/h3>\r\n                    <h4 class=\"subtitle\">Safety manager, Fix The Firedoor<\/h4>                <\/div>\r\n            <\/figcaption>\r\n        <\/figure>\r\n    <\/div>\r\n\r\n\r\n\r\n    [\/vc_column_inner][vc_column_inner width=&#8221;1\/4&#8243;][\/vc_column_inner][\/vc_row_inner][\/vc_column][\/vc_row][\/vc_section]\n<\/div>","protected":false},"excerpt":{"rendered":"<p>[vc_row full_width=&#8221;stretch_row_content&#8221; enable_full_screen=&#8221;yes&#8221; css=&#8221;.vc_custom_1611064687804{background-color: #ffffff !important;}&#8221;][vc_column][vc_empty_space height=&#8221;55px&#8221;][vc_row_inner][vc_column_inner width=&#8221;1\/2&#8243;][vc_column_text css=&#8221;&#8221;]De Belgische industrie staat onder druk. Personeelstekorten, hoge energiekosten en geopolitieke onzekerheid dwingen bedrijven om zelfstandiger en veerkrachtiger te opereren. Automatisering is daarin geen luxe, maar noodzaak om processen draaiend te houden \u00e9n om de continu\u00efteit van onze industrie te waarborgen. Maar met meer automatisering nemen ook [&hellip;]<\/p>\n","protected":false},"author":21,"featured_media":0,"parent":0,"menu_order":0,"comment_status":"closed","ping_status":"closed","template":"","meta":{"_acf_changed":false,"footnotes":""},"class_list":["post-3956","page","type-page","status-publish","hentry"],"yoast_head":"<!-- This site is optimized with the Yoast SEO plugin v25.3.1 - https:\/\/yoast.com\/wordpress\/plugins\/seo\/ -->\r\n<title>Over het congres - Industri\u00eble Veiligheid Belgi\u00eb<\/title>\r\n<meta name=\"robots\" content=\"index, follow, max-snippet:-1, max-image-preview:large, max-video-preview:-1\" \/>\r\n<link rel=\"canonical\" href=\"https:\/\/heliview.com\/industriele-veiligheid-belgie\/over-het-congres\/\" \/>\r\n<meta property=\"og:locale\" content=\"nl_NL\" \/>\r\n<meta property=\"og:type\" content=\"article\" \/>\r\n<meta property=\"og:title\" content=\"Over het congres - Industri\u00eble Veiligheid Belgi\u00eb\" \/>\r\n<meta property=\"og:description\" content=\"[vc_row full_width=&#8221;stretch_row_content&#8221; enable_full_screen=&#8221;yes&#8221; css=&#8221;.vc_custom_1611064687804{background-color: #ffffff !important;}&#8221;][vc_column][vc_empty_space height=&#8221;55px&#8221;][vc_row_inner][vc_column_inner width=&#8221;1\/2&#8243;][vc_column_text css=&#8221;&#8221;]De Belgische industrie staat onder druk. Personeelstekorten, hoge energiekosten en geopolitieke onzekerheid dwingen bedrijven om zelfstandiger en veerkrachtiger te opereren. Automatisering is daarin geen luxe, maar noodzaak om processen draaiend te houden \u00e9n om de continu\u00efteit van onze industrie te waarborgen. Maar met meer automatisering nemen ook [&hellip;]\" \/>\r\n<meta property=\"og:url\" content=\"https:\/\/heliview.com\/industriele-veiligheid-belgie\/over-het-congres\/\" \/>\r\n<meta property=\"og:site_name\" content=\"Industri\u00eble Veiligheid Belgi\u00eb\" \/>\r\n<meta property=\"article:publisher\" content=\"https:\/\/www.facebook.com\/HeliviewCT\" \/>\r\n<meta property=\"article:modified_time\" content=\"2026-04-16T08:55:31+00:00\" \/>\r\n<meta name=\"twitter:card\" content=\"summary_large_image\" \/>\r\n<meta name=\"twitter:site\" content=\"@HeliviewConf\" \/>\r\n<meta name=\"twitter:label1\" content=\"Geschatte leestijd\" \/>\n\t<meta name=\"twitter:data1\" content=\"5 minuten\" \/>\r\n<script type=\"application\/ld+json\" class=\"yoast-schema-graph\">{\"@context\":\"https:\/\/schema.org\",\"@graph\":[{\"@type\":\"WebPage\",\"@id\":\"https:\/\/heliview.com\/industriele-veiligheid-belgie\/over-het-congres\/\",\"url\":\"https:\/\/heliview.com\/industriele-veiligheid-belgie\/over-het-congres\/\",\"name\":\"Over het congres - Industri\u00eble Veiligheid Belgi\u00eb\",\"isPartOf\":{\"@id\":\"https:\/\/heliview.com\/industriele-veiligheid-belgie\/#website\"},\"datePublished\":\"2019-10-30T09:01:30+00:00\",\"dateModified\":\"2026-04-16T08:55:31+00:00\",\"breadcrumb\":{\"@id\":\"https:\/\/heliview.com\/industriele-veiligheid-belgie\/over-het-congres\/#breadcrumb\"},\"inLanguage\":\"nl-NL\",\"potentialAction\":[{\"@type\":\"ReadAction\",\"target\":[\"https:\/\/heliview.com\/industriele-veiligheid-belgie\/over-het-congres\/\"]}]},{\"@type\":\"BreadcrumbList\",\"@id\":\"https:\/\/heliview.com\/industriele-veiligheid-belgie\/over-het-congres\/#breadcrumb\",\"itemListElement\":[{\"@type\":\"ListItem\",\"position\":1,\"name\":\"Home\",\"item\":\"https:\/\/heliview.com\/industriele-veiligheid-belgie\/\"},{\"@type\":\"ListItem\",\"position\":2,\"name\":\"Over het congres\"}]},{\"@type\":\"WebSite\",\"@id\":\"https:\/\/heliview.com\/industriele-veiligheid-belgie\/#website\",\"url\":\"https:\/\/heliview.com\/industriele-veiligheid-belgie\/\",\"name\":\"Industri\u00eble Veiligheid Belgi\u00eb\",\"description\":\"\",\"potentialAction\":[{\"@type\":\"SearchAction\",\"target\":{\"@type\":\"EntryPoint\",\"urlTemplate\":\"https:\/\/heliview.com\/industriele-veiligheid-belgie\/?s={search_term_string}\"},\"query-input\":{\"@type\":\"PropertyValueSpecification\",\"valueRequired\":true,\"valueName\":\"search_term_string\"}}],\"inLanguage\":\"nl-NL\"}]}<\/script>\r\n<!-- \/ Yoast SEO plugin. -->","yoast_head_json":{"title":"Over het congres - Industri\u00eble Veiligheid Belgi\u00eb","robots":{"index":"index","follow":"follow","max-snippet":"max-snippet:-1","max-image-preview":"max-image-preview:large","max-video-preview":"max-video-preview:-1"},"canonical":"https:\/\/heliview.com\/industriele-veiligheid-belgie\/over-het-congres\/","og_locale":"nl_NL","og_type":"article","og_title":"Over het congres - Industri\u00eble Veiligheid Belgi\u00eb","og_description":"[vc_row full_width=&#8221;stretch_row_content&#8221; enable_full_screen=&#8221;yes&#8221; css=&#8221;.vc_custom_1611064687804{background-color: #ffffff !important;}&#8221;][vc_column][vc_empty_space height=&#8221;55px&#8221;][vc_row_inner][vc_column_inner width=&#8221;1\/2&#8243;][vc_column_text css=&#8221;&#8221;]De Belgische industrie staat onder druk. Personeelstekorten, hoge energiekosten en geopolitieke onzekerheid dwingen bedrijven om zelfstandiger en veerkrachtiger te opereren. Automatisering is daarin geen luxe, maar noodzaak om processen draaiend te houden \u00e9n om de continu\u00efteit van onze industrie te waarborgen. Maar met meer automatisering nemen ook [&hellip;]","og_url":"https:\/\/heliview.com\/industriele-veiligheid-belgie\/over-het-congres\/","og_site_name":"Industri\u00eble Veiligheid Belgi\u00eb","article_publisher":"https:\/\/www.facebook.com\/HeliviewCT","article_modified_time":"2026-04-16T08:55:31+00:00","twitter_card":"summary_large_image","twitter_site":"@HeliviewConf","twitter_misc":{"Geschatte leestijd":"5 minuten"},"schema":{"@context":"https:\/\/schema.org","@graph":[{"@type":"WebPage","@id":"https:\/\/heliview.com\/industriele-veiligheid-belgie\/over-het-congres\/","url":"https:\/\/heliview.com\/industriele-veiligheid-belgie\/over-het-congres\/","name":"Over het congres - Industri\u00eble Veiligheid Belgi\u00eb","isPartOf":{"@id":"https:\/\/heliview.com\/industriele-veiligheid-belgie\/#website"},"datePublished":"2019-10-30T09:01:30+00:00","dateModified":"2026-04-16T08:55:31+00:00","breadcrumb":{"@id":"https:\/\/heliview.com\/industriele-veiligheid-belgie\/over-het-congres\/#breadcrumb"},"inLanguage":"nl-NL","potentialAction":[{"@type":"ReadAction","target":["https:\/\/heliview.com\/industriele-veiligheid-belgie\/over-het-congres\/"]}]},{"@type":"BreadcrumbList","@id":"https:\/\/heliview.com\/industriele-veiligheid-belgie\/over-het-congres\/#breadcrumb","itemListElement":[{"@type":"ListItem","position":1,"name":"Home","item":"https:\/\/heliview.com\/industriele-veiligheid-belgie\/"},{"@type":"ListItem","position":2,"name":"Over het congres"}]},{"@type":"WebSite","@id":"https:\/\/heliview.com\/industriele-veiligheid-belgie\/#website","url":"https:\/\/heliview.com\/industriele-veiligheid-belgie\/","name":"Industri\u00eble Veiligheid Belgi\u00eb","description":"","potentialAction":[{"@type":"SearchAction","target":{"@type":"EntryPoint","urlTemplate":"https:\/\/heliview.com\/industriele-veiligheid-belgie\/?s={search_term_string}"},"query-input":{"@type":"PropertyValueSpecification","valueRequired":true,"valueName":"search_term_string"}}],"inLanguage":"nl-NL"}]}},"acf":[],"_links":{"self":[{"href":"https:\/\/heliview.com\/industriele-veiligheid-belgie\/wp-json\/wp\/v2\/pages\/3956","targetHints":{"allow":["GET"]}}],"collection":[{"href":"https:\/\/heliview.com\/industriele-veiligheid-belgie\/wp-json\/wp\/v2\/pages"}],"about":[{"href":"https:\/\/heliview.com\/industriele-veiligheid-belgie\/wp-json\/wp\/v2\/types\/page"}],"author":[{"embeddable":true,"href":"https:\/\/heliview.com\/industriele-veiligheid-belgie\/wp-json\/wp\/v2\/users\/21"}],"replies":[{"embeddable":true,"href":"https:\/\/heliview.com\/industriele-veiligheid-belgie\/wp-json\/wp\/v2\/comments?post=3956"}],"version-history":[{"count":12,"href":"https:\/\/heliview.com\/industriele-veiligheid-belgie\/wp-json\/wp\/v2\/pages\/3956\/revisions"}],"predecessor-version":[{"id":9579,"href":"https:\/\/heliview.com\/industriele-veiligheid-belgie\/wp-json\/wp\/v2\/pages\/3956\/revisions\/9579"}],"wp:attachment":[{"href":"https:\/\/heliview.com\/industriele-veiligheid-belgie\/wp-json\/wp\/v2\/media?parent=3956"}],"curies":[{"name":"wp","href":"https:\/\/api.w.org\/{rel}","templated":true}]}}