{"id":8317,"date":"2025-04-29T14:57:40","date_gmt":"2025-04-29T12:57:40","guid":{"rendered":"https:\/\/heliview.com\/industriele-veiligheid-belgie\/?page_id=8317"},"modified":"2026-04-16T09:38:57","modified_gmt":"2026-04-16T07:38:57","slug":"sprekers","status":"publish","type":"page","link":"https:\/\/heliview.com\/industriele-veiligheid-belgie\/sprekers\/","title":{"rendered":"Sprekers"},"content":{"rendered":"<div class=\"wpb-content-wrapper\">[vc_row css=&#8221;.vc_custom_1572897276102{background-position: center !important;background-repeat: no-repeat !important;background-size: cover !important;}&#8221; el_class=&#8221;lgx-inner&#8221;][vc_column][vc_empty_space height=&#8221;55px&#8221;]<div class=\"lgx-heading  \" >\r\n                    <h2 class=\"heading\">Sprekersoverzicht<\/h2>\r\n                    <h3 class=\"subheading\">De inspirerende professionals van 2026<\/h3>              \r\n              <\/div>[\/vc_column][\/vc_row][vc_row css=&#8221;.vc_custom_1572896998857{background-position: center !important;background-repeat: no-repeat !important;background-size: cover !important;}&#8221; el_class=&#8221;lgx-inner&#8221;][vc_column offset=&#8221;vc_col-xs-8&#8243;][vc_row_inner][vc_column_inner offset=&#8221;vc_col-lg-3 vc_col-md-6&#8243;]\r\n\r\n    <div class=\"lgx-single-speaker lgx-single-speaker-one \">\r\n        <figure>\r\n            <a class=\"profile-img\" href=\"https:\/\/heliview.com\/industriele-veiligheid-belgie\/speaker\/cedric-dumont\/\">\r\n                <img decoding=\"async\" src=\"https:\/\/heliview.com\/industriele-veiligheid-belgie\/wp-content\/uploads\/sites\/63\/2026\/04\/cedric-dumont.jpg\" alt=\"Cedric Dumont\"\/>\r\n            <\/a>\r\n\r\n            <figcaption>\r\n                <div class=\"social-group\">\r\n                                                                                                                                                            <\/div>\r\n                <div class=\"speaker-info\">\r\n                    <h3 class=\"title\"><a href=\"https:\/\/heliview.com\/industriele-veiligheid-belgie\/speaker\/cedric-dumont\/\">Cedric Dumont<\/a><\/h3>\r\n                    <h4 class=\"subtitle\">Red Bull Athlete<\/h4>                <\/div>\r\n            <\/figcaption>\r\n        <\/figure>\r\n    <\/div>\r\n\r\n\r\n\r\n    [\/vc_column_inner][vc_column_inner offset=&#8221;vc_col-lg-3 vc_col-md-6&#8243;]\r\n\r\n    <div class=\"lgx-single-speaker lgx-single-speaker-one \">\r\n        <figure>\r\n            <a class=\"profile-img\" href=\"https:\/\/heliview.com\/industriele-veiligheid-belgie\/speaker\/costa-zamparakis\/\">\r\n                <img decoding=\"async\" src=\"https:\/\/heliview.com\/industriele-veiligheid-belgie\/wp-content\/uploads\/sites\/63\/2026\/04\/Costa-Zamparakis.jpg\" alt=\"Costa Zamparakis\"\/>\r\n            <\/a>\r\n\r\n            <figcaption>\r\n                <div class=\"social-group\">\r\n                                                                                <a class=\"sp-in\" target=\"_blank\" href=\"https:\/\/www.linkedin.com\/in\/costa-zamparakis-43a14412b\"><i class=\"fa fa-linkedin\"><\/i><\/a>                                                                            <\/div>\r\n                <div class=\"speaker-info\">\r\n                    <h3 class=\"title\"><a href=\"https:\/\/heliview.com\/industriele-veiligheid-belgie\/speaker\/costa-zamparakis\/\">Costa Zamparakis<\/a><\/h3>\r\n                    <h4 class=\"subtitle\">Regional Health & Safety Manager van Tiense Suikerrafinaderij<\/h4>                <\/div>\r\n            <\/figcaption>\r\n        <\/figure>\r\n    <\/div>\r\n\r\n\r\n\r\n    [\/vc_column_inner][vc_column_inner offset=&#8221;vc_col-lg-3 vc_col-md-6&#8243;]\r\n\r\n    <div class=\"lgx-single-speaker lgx-single-speaker-one \">\r\n        <figure>\r\n            <a class=\"profile-img\" href=\"https:\/\/heliview.com\/industriele-veiligheid-belgie\/speaker\/dirk-inghels\/\">\r\n                <img decoding=\"async\" src=\"https:\/\/heliview.com\/industriele-veiligheid-belgie\/wp-content\/uploads\/sites\/63\/2026\/04\/Dirk-Inghels-1.jpg\" alt=\"Dirk Inghels\"\/>\r\n            <\/a>\r\n\r\n            <figcaption>\r\n                <div class=\"social-group\">\r\n                                                                                <a class=\"sp-in\" target=\"_blank\" href=\"https:\/\/www.linkedin.com\/in\/dirk-inghels\"><i class=\"fa fa-linkedin\"><\/i><\/a>                                                                            <\/div>\r\n                <div class=\"speaker-info\">\r\n                    <h3 class=\"title\"><a href=\"https:\/\/heliview.com\/industriele-veiligheid-belgie\/speaker\/dirk-inghels\/\">Dirk Inghels<\/a><\/h3>\r\n                    <h4 class=\"subtitle\">Head of Health & Safety van Brussels Airport<\/h4>                <\/div>\r\n            <\/figcaption>\r\n        <\/figure>\r\n    <\/div>\r\n\r\n\r\n\r\n    [\/vc_column_inner][vc_column_inner offset=&#8221;vc_col-lg-3 vc_col-md-6&#8243;]\r\n\r\n    <div class=\"lgx-single-speaker lgx-single-speaker-one \">\r\n        <figure>\r\n            <a class=\"profile-img\" href=\"https:\/\/heliview.com\/industriele-veiligheid-belgie\/speaker\/franky-de-witte\/\">\r\n                <img decoding=\"async\" src=\"https:\/\/heliview.com\/industriele-veiligheid-belgie\/wp-content\/uploads\/sites\/63\/2026\/04\/Franky-de-Witte.jpg\" alt=\"Franky de Witte\"\/>\r\n            <\/a>\r\n\r\n            <figcaption>\r\n                <div class=\"social-group\">\r\n                                                                                <a class=\"sp-in\" target=\"_blank\" href=\"https:\/\/www.linkedin.com\/in\/frankydewitte\"><i class=\"fa fa-linkedin\"><\/i><\/a>                                                                            <\/div>\r\n                <div class=\"speaker-info\">\r\n                    <h3 class=\"title\"><a href=\"https:\/\/heliview.com\/industriele-veiligheid-belgie\/speaker\/franky-de-witte\/\">Franky de Witte<\/a><\/h3>\r\n                    <h4 class=\"subtitle\">Senior consultant en docent arbeidsveiligheid en machineveiligheid van ORA Management B.V.<\/h4>                <\/div>\r\n            <\/figcaption>\r\n        <\/figure>\r\n    <\/div>\r\n\r\n\r\n\r\n    [\/vc_column_inner][\/vc_row_inner][vc_row_inner][vc_column_inner offset=&#8221;vc_col-lg-3 vc_col-md-6&#8243;]\r\n\r\n    <div class=\"lgx-single-speaker lgx-single-speaker-one \">\r\n        <figure>\r\n            <a class=\"profile-img\" href=\"https:\/\/heliview.com\/industriele-veiligheid-belgie\/speaker\/bas-fleskens\/\">\r\n                <img decoding=\"async\" src=\"https:\/\/heliview.com\/industriele-veiligheid-belgie\/wp-content\/uploads\/sites\/63\/2026\/04\/Bas-Fleskens.jpg\" alt=\"Bas Fleskens\"\/>\r\n            <\/a>\r\n\r\n            <figcaption>\r\n                <div class=\"social-group\">\r\n                                                                                <a class=\"sp-in\" target=\"_blank\" href=\"https:\/\/www.linkedin.com\/in\/basfleskens\"><i class=\"fa fa-linkedin\"><\/i><\/a>                                                                            <\/div>\r\n                <div class=\"speaker-info\">\r\n                    <h3 class=\"title\"><a href=\"https:\/\/heliview.com\/industriele-veiligheid-belgie\/speaker\/bas-fleskens\/\">Bas Fleskens<\/a><\/h3>\r\n                    <h4 class=\"subtitle\">Algemeen Directeur Elacin International BV van Elacin International B.V.<\/h4>                <\/div>\r\n            <\/figcaption>\r\n        <\/figure>\r\n    <\/div>\r\n\r\n\r\n\r\n    [\/vc_column_inner][vc_column_inner offset=&#8221;vc_col-lg-3 vc_col-md-6&#8243;][\/vc_column_inner][vc_column_inner offset=&#8221;vc_col-lg-3 vc_col-md-6&#8243;][\/vc_column_inner][vc_column_inner offset=&#8221;vc_col-lg-3 vc_col-md-6&#8243;][\/vc_column_inner][\/vc_row_inner][\/vc_column][\/vc_row]\n<\/div>","protected":false},"excerpt":{"rendered":"<p>[vc_row css=&#8221;.vc_custom_1572897276102{background-position: center !important;background-repeat: no-repeat !important;background-size: cover !important;}&#8221; el_class=&#8221;lgx-inner&#8221;][vc_column][vc_empty_space height=&#8221;55px&#8221;][\/vc_column][\/vc_row][vc_row css=&#8221;.vc_custom_1572896998857{background-position: center !important;background-repeat: no-repeat !important;background-size: cover !important;}&#8221; el_class=&#8221;lgx-inner&#8221;][vc_column offset=&#8221;vc_col-xs-8&#8243;][vc_row_inner][vc_column_inner offset=&#8221;vc_col-lg-3 vc_col-md-6&#8243;][\/vc_column_inner][vc_column_inner offset=&#8221;vc_col-lg-3 vc_col-md-6&#8243;][\/vc_column_inner][vc_column_inner offset=&#8221;vc_col-lg-3 vc_col-md-6&#8243;][\/vc_column_inner][vc_column_inner offset=&#8221;vc_col-lg-3 vc_col-md-6&#8243;][\/vc_column_inner][\/vc_row_inner][vc_row_inner][vc_column_inner offset=&#8221;vc_col-lg-3 vc_col-md-6&#8243;][\/vc_column_inner][vc_column_inner offset=&#8221;vc_col-lg-3 vc_col-md-6&#8243;][\/vc_column_inner][vc_column_inner offset=&#8221;vc_col-lg-3 vc_col-md-6&#8243;][\/vc_column_inner][vc_column_inner offset=&#8221;vc_col-lg-3 vc_col-md-6&#8243;][\/vc_column_inner][\/vc_row_inner][\/vc_column][\/vc_row]<\/p>\n","protected":false},"author":25,"featured_media":0,"parent":0,"menu_order":0,"comment_status":"closed","ping_status":"closed","template":"","meta":{"_acf_changed":false,"footnotes":""},"class_list":["post-8317","page","type-page","status-publish","hentry"],"yoast_head":"<!-- This site is optimized with the Yoast SEO plugin v25.3.1 - https:\/\/yoast.com\/wordpress\/plugins\/seo\/ -->\r\n<title>Bekijk de toonaangevende sprekers - Industri\u00eble Veiligheid Belgi\u00eb<\/title>\r\n<meta name=\"description\" content=\"Bekijk hier de sprekers van Industri\u00eble Veiligheid. Leer van experts binnen uw vakgebied.\" \/>\r\n<meta name=\"robots\" content=\"index, follow, max-snippet:-1, max-image-preview:large, max-video-preview:-1\" \/>\r\n<link rel=\"canonical\" href=\"https:\/\/heliview.com\/industriele-veiligheid-belgie\/sprekers\/\" \/>\r\n<meta property=\"og:locale\" content=\"nl_NL\" \/>\r\n<meta property=\"og:type\" content=\"article\" \/>\r\n<meta property=\"og:title\" content=\"Bekijk de toonaangevende sprekers - Industri\u00eble Veiligheid Belgi\u00eb\" \/>\r\n<meta property=\"og:description\" content=\"Bekijk hier de sprekers van Industri\u00eble Veiligheid. Leer van experts binnen uw vakgebied.\" \/>\r\n<meta property=\"og:url\" content=\"https:\/\/heliview.com\/industriele-veiligheid-belgie\/sprekers\/\" \/>\r\n<meta property=\"og:site_name\" content=\"Industri\u00eble Veiligheid Belgi\u00eb\" \/>\r\n<meta property=\"article:publisher\" content=\"https:\/\/www.facebook.com\/HeliviewCT\" \/>\r\n<meta property=\"article:modified_time\" content=\"2026-04-16T07:38:57+00:00\" \/>\r\n<meta name=\"twitter:card\" content=\"summary_large_image\" \/>\r\n<meta name=\"twitter:site\" content=\"@HeliviewConf\" \/>\r\n<meta name=\"twitter:label1\" content=\"Geschatte leestijd\" \/>\n\t<meta name=\"twitter:data1\" content=\"1 minuut\" \/>\r\n<script type=\"application\/ld+json\" class=\"yoast-schema-graph\">{\"@context\":\"https:\/\/schema.org\",\"@graph\":[{\"@type\":\"WebPage\",\"@id\":\"https:\/\/heliview.com\/industriele-veiligheid-belgie\/sprekers\/\",\"url\":\"https:\/\/heliview.com\/industriele-veiligheid-belgie\/sprekers\/\",\"name\":\"Bekijk de toonaangevende sprekers - Industri\u00eble Veiligheid Belgi\u00eb\",\"isPartOf\":{\"@id\":\"https:\/\/heliview.com\/industriele-veiligheid-belgie\/#website\"},\"datePublished\":\"2025-04-29T12:57:40+00:00\",\"dateModified\":\"2026-04-16T07:38:57+00:00\",\"description\":\"Bekijk hier de sprekers van Industri\u00eble Veiligheid. Leer van experts binnen uw vakgebied.\",\"breadcrumb\":{\"@id\":\"https:\/\/heliview.com\/industriele-veiligheid-belgie\/sprekers\/#breadcrumb\"},\"inLanguage\":\"nl-NL\",\"potentialAction\":[{\"@type\":\"ReadAction\",\"target\":[\"https:\/\/heliview.com\/industriele-veiligheid-belgie\/sprekers\/\"]}]},{\"@type\":\"BreadcrumbList\",\"@id\":\"https:\/\/heliview.com\/industriele-veiligheid-belgie\/sprekers\/#breadcrumb\",\"itemListElement\":[{\"@type\":\"ListItem\",\"position\":1,\"name\":\"Home\",\"item\":\"https:\/\/heliview.com\/industriele-veiligheid-belgie\/\"},{\"@type\":\"ListItem\",\"position\":2,\"name\":\"Sprekers\"}]},{\"@type\":\"WebSite\",\"@id\":\"https:\/\/heliview.com\/industriele-veiligheid-belgie\/#website\",\"url\":\"https:\/\/heliview.com\/industriele-veiligheid-belgie\/\",\"name\":\"Industri\u00eble Veiligheid Belgi\u00eb\",\"description\":\"\",\"potentialAction\":[{\"@type\":\"SearchAction\",\"target\":{\"@type\":\"EntryPoint\",\"urlTemplate\":\"https:\/\/heliview.com\/industriele-veiligheid-belgie\/?s={search_term_string}\"},\"query-input\":{\"@type\":\"PropertyValueSpecification\",\"valueRequired\":true,\"valueName\":\"search_term_string\"}}],\"inLanguage\":\"nl-NL\"}]}<\/script>\r\n<!-- \/ Yoast SEO plugin. -->","yoast_head_json":{"title":"Bekijk de toonaangevende sprekers - Industri\u00eble Veiligheid Belgi\u00eb","description":"Bekijk hier de sprekers van Industri\u00eble Veiligheid. Leer van experts binnen uw vakgebied.","robots":{"index":"index","follow":"follow","max-snippet":"max-snippet:-1","max-image-preview":"max-image-preview:large","max-video-preview":"max-video-preview:-1"},"canonical":"https:\/\/heliview.com\/industriele-veiligheid-belgie\/sprekers\/","og_locale":"nl_NL","og_type":"article","og_title":"Bekijk de toonaangevende sprekers - Industri\u00eble Veiligheid Belgi\u00eb","og_description":"Bekijk hier de sprekers van Industri\u00eble Veiligheid. Leer van experts binnen uw vakgebied.","og_url":"https:\/\/heliview.com\/industriele-veiligheid-belgie\/sprekers\/","og_site_name":"Industri\u00eble Veiligheid Belgi\u00eb","article_publisher":"https:\/\/www.facebook.com\/HeliviewCT","article_modified_time":"2026-04-16T07:38:57+00:00","twitter_card":"summary_large_image","twitter_site":"@HeliviewConf","twitter_misc":{"Geschatte leestijd":"1 minuut"},"schema":{"@context":"https:\/\/schema.org","@graph":[{"@type":"WebPage","@id":"https:\/\/heliview.com\/industriele-veiligheid-belgie\/sprekers\/","url":"https:\/\/heliview.com\/industriele-veiligheid-belgie\/sprekers\/","name":"Bekijk de toonaangevende sprekers - Industri\u00eble Veiligheid Belgi\u00eb","isPartOf":{"@id":"https:\/\/heliview.com\/industriele-veiligheid-belgie\/#website"},"datePublished":"2025-04-29T12:57:40+00:00","dateModified":"2026-04-16T07:38:57+00:00","description":"Bekijk hier de sprekers van Industri\u00eble Veiligheid. Leer van experts binnen uw vakgebied.","breadcrumb":{"@id":"https:\/\/heliview.com\/industriele-veiligheid-belgie\/sprekers\/#breadcrumb"},"inLanguage":"nl-NL","potentialAction":[{"@type":"ReadAction","target":["https:\/\/heliview.com\/industriele-veiligheid-belgie\/sprekers\/"]}]},{"@type":"BreadcrumbList","@id":"https:\/\/heliview.com\/industriele-veiligheid-belgie\/sprekers\/#breadcrumb","itemListElement":[{"@type":"ListItem","position":1,"name":"Home","item":"https:\/\/heliview.com\/industriele-veiligheid-belgie\/"},{"@type":"ListItem","position":2,"name":"Sprekers"}]},{"@type":"WebSite","@id":"https:\/\/heliview.com\/industriele-veiligheid-belgie\/#website","url":"https:\/\/heliview.com\/industriele-veiligheid-belgie\/","name":"Industri\u00eble Veiligheid Belgi\u00eb","description":"","potentialAction":[{"@type":"SearchAction","target":{"@type":"EntryPoint","urlTemplate":"https:\/\/heliview.com\/industriele-veiligheid-belgie\/?s={search_term_string}"},"query-input":{"@type":"PropertyValueSpecification","valueRequired":true,"valueName":"search_term_string"}}],"inLanguage":"nl-NL"}]}},"acf":[],"_links":{"self":[{"href":"https:\/\/heliview.com\/industriele-veiligheid-belgie\/wp-json\/wp\/v2\/pages\/8317","targetHints":{"allow":["GET"]}}],"collection":[{"href":"https:\/\/heliview.com\/industriele-veiligheid-belgie\/wp-json\/wp\/v2\/pages"}],"about":[{"href":"https:\/\/heliview.com\/industriele-veiligheid-belgie\/wp-json\/wp\/v2\/types\/page"}],"author":[{"embeddable":true,"href":"https:\/\/heliview.com\/industriele-veiligheid-belgie\/wp-json\/wp\/v2\/users\/25"}],"replies":[{"embeddable":true,"href":"https:\/\/heliview.com\/industriele-veiligheid-belgie\/wp-json\/wp\/v2\/comments?post=8317"}],"version-history":[{"count":6,"href":"https:\/\/heliview.com\/industriele-veiligheid-belgie\/wp-json\/wp\/v2\/pages\/8317\/revisions"}],"predecessor-version":[{"id":9569,"href":"https:\/\/heliview.com\/industriele-veiligheid-belgie\/wp-json\/wp\/v2\/pages\/8317\/revisions\/9569"}],"wp:attachment":[{"href":"https:\/\/heliview.com\/industriele-veiligheid-belgie\/wp-json\/wp\/v2\/media?parent=8317"}],"curies":[{"name":"wp","href":"https:\/\/api.w.org\/{rel}","templated":true}]}}