{"id":1912,"date":"2018-09-30T15:48:10","date_gmt":"2018-09-30T15:48:10","guid":{"rendered":"http:\/\/logichunt.net\/demo\/wordpress\/emeet\/home-banner-main-copy\/"},"modified":"2026-04-03T08:49:08","modified_gmt":"2026-04-03T06:49:08","slug":"home","status":"publish","type":"page","link":"https:\/\/heliview.com\/industriele-veiligheid\/","title":{"rendered":"Home"},"content":{"rendered":"<div class=\"wpb-content-wrapper\">[vc_row full_width=&#8221;stretch_row_content&#8221; enable_full_screen=&#8221;yes&#8221; css=&#8221;.vc_custom_1762511671311{background-image: url(https:\/\/heliview.com\/industriele-veiligheid\/wp-content\/uploads\/sites\/34\/2025\/11\/Header-IV26.png?id=8948) !important;background-position: center !important;background-repeat: no-repeat !important;background-size: cover !important;}&#8221;][vc_column][vc_row_inner][vc_column_inner css=&#8221;.vc_custom_1572806846026{padding-top: 30px !important;}&#8221;]<div id=\"lgx-header-banner\"  class=\"lgx-header-banner lgx-header-default lgx-header-color-default\">\r\n    \r\n                    \r\n                    \r\n                    <div class=\"lgx-header-inner-sm\">  \r\n                        <div class=\"lgx-container-fixed\">  \r\n                    \r\n                        <div class=\"lgx-banner-info   lgx-banner-info-center \"  >\r\n                   \r\n                                                                         \r\n                                                                    \r\n                            <h2 class=\"title varieties-title\"> Industri\u00eble Veiligheid<\/h2>                                        \r\n                              \r\n                            <div class=\"location-area\">                                    \r\n                                  \r\n                            <h3 class=\"location\"><i class=\"fa fa-calendar\"><\/i> 26 januari 2027<\/h3>      \r\n                            <h3 class=\"location\"><i class=\"fa fa-map-marker\"><\/i> DeFabrique, Utrecht<\/h3>\r\n                           <\/div>  \r\n                            <div class=\"action-area vcx-action-area\">                 \r\n                                 <ul class=\"list-inline vcx-action-list\">\r\n                                    <li><\/li>\r\n                                    <li><\/li>\r\n                                    <li><\/li>\r\n                                <\/ul>                                    \r\n                                \r\n                            <\/div> <!-- \/\/ .ACTION -->\r\n                            \r\n                              \r\n                            \r\n                            <\/div> <!-- \/\/ .WRAPPER -->\r\n                            \r\n                        <\/div> <!-- \/\/ .container --> \r\n                                                 \r\n                    <\/div><!-- \/\/ .INNER -->\r\n                <\/div>[\/vc_column_inner][\/vc_row_inner][\/vc_column][\/vc_row][vc_row full_width=&#8221;stretch_row_content&#8221; enable_full_screen=&#8221;yes&#8221; el_class=&#8221;lgx-inner&#8221; css=&#8221;.vc_custom_1761909594787{padding-top: 30px !important;padding-right: 30px !important;padding-bottom: 30px !important;padding-left: 30px !important;background-color: #ffffff !important;}&#8221;][vc_column width=&#8221;1\/2&#8243;]<div class=\"lgx-heading  \" >\r\n                    <h2 class=\"heading\">Industri\u00eble Veiligheid 2027<\/h2>\r\n                    <h3 class=\"subheading\">Vertrouwd Automatiseren \u2013 Wie houdt de vinger aan de knop?<\/h3>              \r\n              <\/div>[vc_column_text css=&#8221;&#8221;]<strong data-start=\"182\" data-end=\"210\">Dinsdag 26 januari 2027<\/strong>\u00a0 zal Industri\u00eble Veiligheid plaatsvinden. Meer informatie over het thema, de onderwerpen en sprekers zullen medio september 2026 bekendgemaakt worden op deze website. Kijk nu nog even met ons terug op de afgelopen editie van 29 januari 2026<\/p>\n[\/vc_column_text][\/vc_column][vc_column width=&#8221;1\/2&#8243;][vc_images_carousel images=&#8221;9387,9388,9389,9390,9391,9392,9393,9394,9395,9396&#8243; img_size=&#8221;full&#8221; speed=&#8221;2000&#8243; autoplay=&#8221;yes&#8221; wrap=&#8221;yes&#8221; css=&#8221;&#8221;]<div class=\"lgx-brand-btn-area text-center\">\r\n                    <a class=\"lgx-btn btn-df  lgx-btn-brand\" href=\"https:\/\/www.flickr.com\/photos\/197714682@N04\/albums\/\" target=\"_self\"><span>Foto's #IV26<\/span><\/a>\r\n                    \r\n               \r\n                <\/div>[\/vc_column][\/vc_row][vc_row enable_full_screen=&#8221;yes&#8221; css=&#8221;.vc_custom_1762512430762{background-image: url(https:\/\/heliview.com\/industriele-veiligheid\/wp-content\/uploads\/sites\/34\/2025\/11\/grey-scaled.jpg?id=8951) !important;}&#8221;][vc_column][vc_row_inner][vc_column_inner offset=&#8221;vc_hidden-xs&#8221;][vc_empty_space]<div class=\"lgx-heading lgx-heading-white \" >\r\n                    <h2 class=\"heading\">Een greep uit de sprekers van 2026<\/h2>\r\n                    <h3 class=\"subheading\"><\/h3>              \r\n              <\/div>[\/vc_column_inner][\/vc_row_inner][vc_row_inner][vc_column_inner width=&#8221;1\/4&#8243;]\r\n\r\n    <div class=\"lgx-single-speaker lgx-single-speaker-one \">\r\n        <figure>\r\n            <a class=\"profile-img\" href=\"https:\/\/heliview.com\/industriele-veiligheid\/speaker\/beitske-visser\/\">\r\n                <img decoding=\"async\" src=\"https:\/\/heliview.com\/industriele-veiligheid\/wp-content\/uploads\/sites\/34\/2025\/10\/Beitske-Visser-1.jpg\" alt=\"Beitske Visser\"\/>\r\n            <\/a>\r\n\r\n            <figcaption>\r\n                <div class=\"social-group\">\r\n                                                                                <a class=\"sp-in\" target=\"_blank\" href=\"http:\/\/www.linkedin.com\/in\/beitske-visser-047119a1\"><i class=\"fa fa-linkedin\"><\/i><\/a>                                                                            <\/div>\r\n                <div class=\"speaker-info\">\r\n                    <h3 class=\"title\"><a href=\"https:\/\/heliview.com\/industriele-veiligheid\/speaker\/beitske-visser\/\">Beitske Visser<\/a><\/h3>\r\n                    <h4 class=\"subtitle\">Racing Driver<\/h4>                <\/div>\r\n            <\/figcaption>\r\n        <\/figure>\r\n    <\/div>\r\n\r\n\r\n\r\n    [\/vc_column_inner][vc_column_inner width=&#8221;1\/4&#8243;]\r\n\r\n    <div class=\"lgx-single-speaker lgx-single-speaker-one \">\r\n        <figure>\r\n            <a class=\"profile-img\" href=\"https:\/\/heliview.com\/industriele-veiligheid\/speaker\/erwin-van-den-broek\/\">\r\n                <img decoding=\"async\" src=\"https:\/\/heliview.com\/industriele-veiligheid\/wp-content\/uploads\/sites\/34\/2025\/10\/Erwin-van-den-Broek-1.jpg\" alt=\"Erwin van den Broek\"\/>\r\n            <\/a>\r\n\r\n            <figcaption>\r\n                <div class=\"social-group\">\r\n                                                                                <a class=\"sp-in\" target=\"_blank\" href=\"https:\/\/www.linkedin.com\/in\/ewvandenbroek\/\"><i class=\"fa fa-linkedin\"><\/i><\/a>                                                                            <\/div>\r\n                <div class=\"speaker-info\">\r\n                    <h3 class=\"title\"><a href=\"https:\/\/heliview.com\/industriele-veiligheid\/speaker\/erwin-van-den-broek\/\">Erwin van den Broek<\/a><\/h3>\r\n                    <h4 class=\"subtitle\">Directeur Veiligheid - Mourik<\/h4>                <\/div>\r\n            <\/figcaption>\r\n        <\/figure>\r\n    <\/div>\r\n\r\n\r\n\r\n    [\/vc_column_inner][vc_column_inner width=&#8221;1\/4&#8243;]\r\n\r\n    <div class=\"lgx-single-speaker lgx-single-speaker-one \">\r\n        <figure>\r\n            <a class=\"profile-img\" href=\"https:\/\/heliview.com\/industriele-veiligheid\/speaker\/mike-mutsaers\/\">\r\n                <img decoding=\"async\" src=\"https:\/\/heliview.com\/industriele-veiligheid\/wp-content\/uploads\/sites\/34\/2026\/01\/Mike-Mutsaers.png\" alt=\"Mike Mutsaers\"\/>\r\n            <\/a>\r\n\r\n            <figcaption>\r\n                <div class=\"social-group\">\r\n                                                                                <a class=\"sp-in\" target=\"_blank\" href=\"https:\/\/www.linkedin.com\/in\/mike-m-a9197a18a\"><i class=\"fa fa-linkedin\"><\/i><\/a>                                                                            <\/div>\r\n                <div class=\"speaker-info\">\r\n                    <h3 class=\"title\"><a href=\"https:\/\/heliview.com\/industriele-veiligheid\/speaker\/mike-mutsaers\/\">Mike Mutsaers<\/a><\/h3>\r\n                    <h4 class=\"subtitle\">Product Specialist van RelyOn Fire Academy<\/h4>                <\/div>\r\n            <\/figcaption>\r\n        <\/figure>\r\n    <\/div>\r\n\r\n\r\n\r\n    [\/vc_column_inner][vc_column_inner width=&#8221;1\/4&#8243;]\r\n\r\n    <div class=\"lgx-single-speaker lgx-single-speaker-one \">\r\n        <figure>\r\n            <a class=\"profile-img\" href=\"https:\/\/heliview.com\/industriele-veiligheid\/speaker\/wiene-fokkinga\/\">\r\n                <img decoding=\"async\" src=\"https:\/\/heliview.com\/industriele-veiligheid\/wp-content\/uploads\/sites\/34\/2025\/09\/Wiene-Fokkinga-1.jpg\" alt=\"Wiene Fokkinga\"\/>\r\n            <\/a>\r\n\r\n            <figcaption>\r\n                <div class=\"social-group\">\r\n                                                                                <a class=\"sp-in\" target=\"_blank\" href=\"https:\/\/www.linkedin.com\/in\/wiene-fokkinga-53752759\/\"><i class=\"fa fa-linkedin\"><\/i><\/a>                                                                            <\/div>\r\n                <div class=\"speaker-info\">\r\n                    <h3 class=\"title\"><a href=\"https:\/\/heliview.com\/industriele-veiligheid\/speaker\/wiene-fokkinga\/\">Wiene Fokkinga<\/a><\/h3>\r\n                    <h4 class=\"subtitle\">Consultant Normontwikkeling - NEN<\/h4>                <\/div>\r\n            <\/figcaption>\r\n        <\/figure>\r\n    <\/div>\r\n\r\n\r\n\r\n    [\/vc_column_inner][\/vc_row_inner]<div class=\"lgx-brand-btn-area text-center\">\r\n                    <a class=\"lgx-btn btn-df  lgx-btn-brand\" href=\"https:\/\/heliview.com\/industriele-veiligheid\/sprekers\/\" target=\"_blank\"><span>Bekijk alle sprekers<\/span><\/a>\r\n                    \r\n               \r\n                <\/div>[vc_empty_space][\/vc_column][\/vc_row][vc_row full_width=&#8221;stretch_row&#8221; enable_full_screen=&#8221;yes&#8221; css=&#8221;.vc_custom_1762513094380{background-color: #F2F2F2 !important;}&#8221;][vc_column]<div class=\"lgx-heading  \" >\r\n                    <h2 class=\"heading\">Laatste nieuws<\/h2>\r\n                    <h3 class=\"subheading\"><\/h3>              \r\n              <\/div>\r\n    <div class=\"lgx-news-section\">\r\n        <div class=\"lgx-wrapper vcx-news-style-grid \">\r\n            <div class=\"vcx-news-row\">\r\n                                        <div class=\"vcx-news-col\">\r\n                            <div class=\"lgx-single-news\">\r\n                                <figure>\r\n                                    <a href=\"https:\/\/heliview.com\/industriele-veiligheid\/manualmaster-trevally-whitepaper-de-juiste-informatie-op-het-juiste-moment-bij-de-juiste-persoon\/\" target=\"_blank\">\r\n                                        <img decoding=\"async\" src=\"https:\/\/heliview.com\/industriele-veiligheid\/wp-content\/uploads\/sites\/34\/2026\/01\/ManualMaster-Trevally-Whitepaper-De-juiste-informatie-op-het-juiste-moment-bij-de-juiste-persoon-350-x-1140.png\" alt=\"ManualMaster Trevally Whitepaper: De juiste informatie op het juiste moment bij de juiste persoon\"\/>\r\n                                    <\/a>\r\n                                <\/figure>\r\n                                <div class=\"single-news-info\">\r\n                                    <div class=\"meta-wrapper\">\r\n                                        <span class=\"vcx-news-date\">20 januari 2026<\/span>\r\n                                        <span class=\"vcx-post-author\">By freek<\/span>\r\n                                    <\/div>\r\n                                    <h2 class=\"title\"><a href=\"https:\/\/heliview.com\/industriele-veiligheid\/manualmaster-trevally-whitepaper-de-juiste-informatie-op-het-juiste-moment-bij-de-juiste-persoon\/\">ManualMaster Trevally Whitepaper: De juiste informatie op het juiste moment bij de juiste persoon<\/a><\/h2>\r\n                                    <div class=\"vcx-excerpt\"><p>[vc_row][vc_column width=&#8221;2\/3&#8243;][vc_column_text]ManualMaster levert al sinds 1992 software voor kwaliteits-, veiligheids- en risicomanagement. Onze nieuwste generatie software Trevally genaamd, biedt slimme oplossingen voor digitale registraties, dashboards, workflows, documentmanagement, procesmanagement en risicomanagement. Inmiddels maken al ruim 700 bedrijven gebruik van onze software, zowel in Nederland als daarbuiten. De software kenmerkt zich door flexibiliteit, uitgebreide mogelijkheden en praktische [&hellip;]<\/p>\n<\/div>\r\n                                    <a class=\"lgx-btn lgx-btn-white lgx-btn-sm\" href=\"https:\/\/heliview.com\/industriele-veiligheid\/manualmaster-trevally-whitepaper-de-juiste-informatie-op-het-juiste-moment-bij-de-juiste-persoon\/\"><span>Lees verder<\/span><\/a>\r\n                                <\/div>\r\n                            <\/div>\r\n                        <\/div><!--\/\/ Single -->\r\n\r\n                                            <div class=\"vcx-news-col\">\r\n                            <div class=\"lgx-single-news\">\r\n                                <figure>\r\n                                    <a href=\"https:\/\/heliview.com\/industriele-veiligheid\/whitepaper-veilig-werken-in-geautomatiseerde-magazijnen\/\" target=\"_blank\">\r\n                                        <img decoding=\"async\" src=\"https:\/\/heliview.com\/industriele-veiligheid\/wp-content\/uploads\/sites\/34\/2026\/01\/Whitepaper-Veilig-werken-in-geautomatiseerde-magzijnen-1140-x-350.png\" alt=\"Whitepaper: Veilig werken in geautomatiseerde magazijnen\"\/>\r\n                                    <\/a>\r\n                                <\/figure>\r\n                                <div class=\"single-news-info\">\r\n                                    <div class=\"meta-wrapper\">\r\n                                        <span class=\"vcx-news-date\">20 januari 2026<\/span>\r\n                                        <span class=\"vcx-post-author\">By freek<\/span>\r\n                                    <\/div>\r\n                                    <h2 class=\"title\"><a href=\"https:\/\/heliview.com\/industriele-veiligheid\/whitepaper-veilig-werken-in-geautomatiseerde-magazijnen\/\">Whitepaper: Veilig werken in geautomatiseerde magazijnen<\/a><\/h2>\r\n                                    <div class=\"vcx-excerpt\"><p>[vc_row][vc_column width=&#8221;2\/3&#8243;][vc_column_text css=&#8221;&#8221;]Heftrucks, autonoom verkeer en structurele aanrijdbeveiliging Automatisering wordt steeds belangrijker in magazijnen. Autonome voertuigen en geavanceerde systemen verhogen de effici\u00ebntie en voorspelbaarheid van interne logistiek, maar ze nemen aanrijdingsrisico\u2019s niet volledig weg. In de praktijk blijven mensen, manuele voertuigen, tijdelijke obstakels en infrastructuur elkaar ontmoeten in een dynamische werkomgeving. Deze\u00a0whitepaper\u00a0zoomt in op veiligheid [&hellip;]<\/p>\n<\/div>\r\n                                    <a class=\"lgx-btn lgx-btn-white lgx-btn-sm\" href=\"https:\/\/heliview.com\/industriele-veiligheid\/whitepaper-veilig-werken-in-geautomatiseerde-magazijnen\/\"><span>Lees verder<\/span><\/a>\r\n                                <\/div>\r\n                            <\/div>\r\n                        <\/div><!--\/\/ Single -->\r\n\r\n                                            <div class=\"vcx-news-col\">\r\n                            <div class=\"lgx-single-news\">\r\n                                <figure>\r\n                                    <a href=\"https:\/\/heliview.com\/industriele-veiligheid\/interview-erwin-van-den-broek\/\" target=\"_blank\">\r\n                                        <img decoding=\"async\" src=\"https:\/\/heliview.com\/industriele-veiligheid\/wp-content\/uploads\/sites\/34\/2026\/01\/Erwin.png\" alt=\"Interview: Keynote spreker Erwin van den Broek &#8211; Betrokkenheid is de sleutel\"\/>\r\n                                    <\/a>\r\n                                <\/figure>\r\n                                <div class=\"single-news-info\">\r\n                                    <div class=\"meta-wrapper\">\r\n                                        <span class=\"vcx-news-date\">12 januari 2026<\/span>\r\n                                        <span class=\"vcx-post-author\">By siham<\/span>\r\n                                    <\/div>\r\n                                    <h2 class=\"title\"><a href=\"https:\/\/heliview.com\/industriele-veiligheid\/interview-erwin-van-den-broek\/\">Interview: Keynote spreker Erwin van den Broek &#8211; Betrokkenheid is de sleutel<\/a><\/h2>\r\n                                    <div class=\"vcx-excerpt\"><p>[vc_row][vc_column width=&#8221;2\/3&#8243;][vc_column_text css=&#8221;&#8221;]Voor Erwin van den Broek, directeur veiligheid bij Mourik, staat het als een paal boven water: als managers meer betrokkenheid bij veiligheid tonen dan zijn er op de werkvloer minder incidenten. In Europoort Kringen geeft hij uitleg over de veiligheidsaanpak die bij het bedrijf wordt doorgevoerd. Van den Broek is spreker op het [&hellip;]<\/p>\n<\/div>\r\n                                    <a class=\"lgx-btn lgx-btn-white lgx-btn-sm\" href=\"https:\/\/heliview.com\/industriele-veiligheid\/interview-erwin-van-den-broek\/\"><span>Lees verder<\/span><\/a>\r\n                                <\/div>\r\n                            <\/div>\r\n                        <\/div><!--\/\/ Single -->\r\n\r\n                                <\/div><!-- \/\/row  -->\r\n        <\/div>\r\n    <\/div>\r\n\r\n    [vc_empty_space][\/vc_column][\/vc_row]\n<\/div>","protected":false},"excerpt":{"rendered":"<p>[vc_row full_width=&#8221;stretch_row_content&#8221; enable_full_screen=&#8221;yes&#8221; css=&#8221;.vc_custom_1762511671311{background-image: url(https:\/\/heliview.com\/industriele-veiligheid\/wp-content\/uploads\/sites\/34\/2025\/11\/Header-IV26.png?id=8948) !important;background-position: center !important;background-repeat: no-repeat !important;background-size: cover !important;}&#8221;][vc_column][vc_row_inner][vc_column_inner css=&#8221;.vc_custom_1572806846026{padding-top: 30px !important;}&#8221;][\/vc_column_inner][\/vc_row_inner][\/vc_column][\/vc_row][vc_row full_width=&#8221;stretch_row_content&#8221; enable_full_screen=&#8221;yes&#8221; el_class=&#8221;lgx-inner&#8221; css=&#8221;.vc_custom_1761909594787{padding-top: 30px !important;padding-right: 30px !important;padding-bottom: 30px !important;padding-left: 30px !important;background-color: #ffffff !important;}&#8221;][vc_column width=&#8221;1\/2&#8243;][vc_column_text css=&#8221;&#8221;]Dinsdag 26 januari 2027\u00a0 zal Industri\u00eble Veiligheid plaatsvinden. Meer informatie over het thema, de onderwerpen en sprekers zullen medio september 2026 bekendgemaakt worden op deze [&hellip;]<\/p>\n","protected":false},"author":23,"featured_media":0,"parent":0,"menu_order":0,"comment_status":"closed","ping_status":"closed","template":"page-template\/tpl-home-page-default.php","meta":{"_acf_changed":false,"footnotes":""},"class_list":["post-1912","page","type-page","status-publish","hentry"],"yoast_head":"<!-- This site is optimized with the Yoast SEO plugin v25.3.1 - https:\/\/yoast.com\/wordpress\/plugins\/seo\/ -->\r\n<title>Jaarcongres Industri\u00eble Veiligheid - Bekijk de website<\/title>\r\n<meta name=\"description\" content=\"In \u00e9\u00e9n dag volledig ge\u00efnformeerd over de laatste ontwikkelingen op het gebied van veiligheid binnen de industrie. Bekijk de website voor meer informatie.\" \/>\r\n<meta name=\"robots\" content=\"index, follow, max-snippet:-1, max-image-preview:large, max-video-preview:-1\" \/>\r\n<link rel=\"canonical\" href=\"https:\/\/heliview.com\/industriele-veiligheid\/\" \/>\r\n<meta property=\"og:locale\" content=\"nl_NL\" \/>\r\n<meta property=\"og:type\" content=\"article\" \/>\r\n<meta property=\"og:title\" content=\"Jaarcongres Industri\u00eble Veiligheid - Bekijk de website\" \/>\r\n<meta property=\"og:description\" content=\"In \u00e9\u00e9n dag volledig ge\u00efnformeerd over de laatste ontwikkelingen op het gebied van veiligheid binnen de industrie. Bekijk de website voor meer informatie.\" \/>\r\n<meta property=\"og:url\" content=\"https:\/\/heliview.com\/industriele-veiligheid\/\" \/>\r\n<meta property=\"og:site_name\" content=\"Industri\u00eble Veiligheid\" \/>\r\n<meta property=\"article:publisher\" content=\"https:\/\/www.facebook.com\/HeliviewCT\" \/>\r\n<meta property=\"article:modified_time\" content=\"2026-04-03T06:49:08+00:00\" \/>\r\n<meta name=\"twitter:card\" content=\"summary_large_image\" \/>\r\n<meta name=\"twitter:site\" content=\"@HeliviewConf\" \/>\r\n<meta name=\"twitter:label1\" content=\"Geschatte leestijd\" \/>\n\t<meta name=\"twitter:data1\" content=\"1 minuut\" \/>\r\n<script type=\"application\/ld+json\" class=\"yoast-schema-graph\">{\"@context\":\"https:\/\/schema.org\",\"@graph\":[{\"@type\":\"WebPage\",\"@id\":\"https:\/\/heliview.com\/industriele-veiligheid\/\",\"url\":\"https:\/\/heliview.com\/industriele-veiligheid\/\",\"name\":\"Jaarcongres Industri\u00eble Veiligheid - Bekijk de website\",\"isPartOf\":{\"@id\":\"https:\/\/heliview.com\/industriele-veiligheid\/#website\"},\"datePublished\":\"2018-09-30T15:48:10+00:00\",\"dateModified\":\"2026-04-03T06:49:08+00:00\",\"description\":\"In \u00e9\u00e9n dag volledig ge\u00efnformeerd over de laatste ontwikkelingen op het gebied van veiligheid binnen de industrie. Bekijk de website voor meer informatie.\",\"breadcrumb\":{\"@id\":\"https:\/\/heliview.com\/industriele-veiligheid\/#breadcrumb\"},\"inLanguage\":\"nl-NL\",\"potentialAction\":[{\"@type\":\"ReadAction\",\"target\":[\"https:\/\/heliview.com\/industriele-veiligheid\/\"]}]},{\"@type\":\"BreadcrumbList\",\"@id\":\"https:\/\/heliview.com\/industriele-veiligheid\/#breadcrumb\",\"itemListElement\":[{\"@type\":\"ListItem\",\"position\":1,\"name\":\"Home\",\"item\":\"https:\/\/heliview.com\/industriele-veiligheid\/\"},{\"@type\":\"ListItem\",\"position\":2,\"name\":\"Home\"}]},{\"@type\":\"WebSite\",\"@id\":\"https:\/\/heliview.com\/industriele-veiligheid\/#website\",\"url\":\"https:\/\/heliview.com\/industriele-veiligheid\/\",\"name\":\"Industri\u00eble Veiligheid\",\"description\":\"\",\"potentialAction\":[{\"@type\":\"SearchAction\",\"target\":{\"@type\":\"EntryPoint\",\"urlTemplate\":\"https:\/\/heliview.com\/industriele-veiligheid\/?s={search_term_string}\"},\"query-input\":{\"@type\":\"PropertyValueSpecification\",\"valueRequired\":true,\"valueName\":\"search_term_string\"}}],\"inLanguage\":\"nl-NL\"}]}<\/script>\r\n<!-- \/ Yoast SEO plugin. -->","yoast_head_json":{"title":"Jaarcongres Industri\u00eble Veiligheid - Bekijk de website","description":"In \u00e9\u00e9n dag volledig ge\u00efnformeerd over de laatste ontwikkelingen op het gebied van veiligheid binnen de industrie. Bekijk de website voor meer informatie.","robots":{"index":"index","follow":"follow","max-snippet":"max-snippet:-1","max-image-preview":"max-image-preview:large","max-video-preview":"max-video-preview:-1"},"canonical":"https:\/\/heliview.com\/industriele-veiligheid\/","og_locale":"nl_NL","og_type":"article","og_title":"Jaarcongres Industri\u00eble Veiligheid - Bekijk de website","og_description":"In \u00e9\u00e9n dag volledig ge\u00efnformeerd over de laatste ontwikkelingen op het gebied van veiligheid binnen de industrie. Bekijk de website voor meer informatie.","og_url":"https:\/\/heliview.com\/industriele-veiligheid\/","og_site_name":"Industri\u00eble Veiligheid","article_publisher":"https:\/\/www.facebook.com\/HeliviewCT","article_modified_time":"2026-04-03T06:49:08+00:00","twitter_card":"summary_large_image","twitter_site":"@HeliviewConf","twitter_misc":{"Geschatte leestijd":"1 minuut"},"schema":{"@context":"https:\/\/schema.org","@graph":[{"@type":"WebPage","@id":"https:\/\/heliview.com\/industriele-veiligheid\/","url":"https:\/\/heliview.com\/industriele-veiligheid\/","name":"Jaarcongres Industri\u00eble Veiligheid - Bekijk de website","isPartOf":{"@id":"https:\/\/heliview.com\/industriele-veiligheid\/#website"},"datePublished":"2018-09-30T15:48:10+00:00","dateModified":"2026-04-03T06:49:08+00:00","description":"In \u00e9\u00e9n dag volledig ge\u00efnformeerd over de laatste ontwikkelingen op het gebied van veiligheid binnen de industrie. Bekijk de website voor meer informatie.","breadcrumb":{"@id":"https:\/\/heliview.com\/industriele-veiligheid\/#breadcrumb"},"inLanguage":"nl-NL","potentialAction":[{"@type":"ReadAction","target":["https:\/\/heliview.com\/industriele-veiligheid\/"]}]},{"@type":"BreadcrumbList","@id":"https:\/\/heliview.com\/industriele-veiligheid\/#breadcrumb","itemListElement":[{"@type":"ListItem","position":1,"name":"Home","item":"https:\/\/heliview.com\/industriele-veiligheid\/"},{"@type":"ListItem","position":2,"name":"Home"}]},{"@type":"WebSite","@id":"https:\/\/heliview.com\/industriele-veiligheid\/#website","url":"https:\/\/heliview.com\/industriele-veiligheid\/","name":"Industri\u00eble Veiligheid","description":"","potentialAction":[{"@type":"SearchAction","target":{"@type":"EntryPoint","urlTemplate":"https:\/\/heliview.com\/industriele-veiligheid\/?s={search_term_string}"},"query-input":{"@type":"PropertyValueSpecification","valueRequired":true,"valueName":"search_term_string"}}],"inLanguage":"nl-NL"}]}},"acf":[],"_links":{"self":[{"href":"https:\/\/heliview.com\/industriele-veiligheid\/wp-json\/wp\/v2\/pages\/1912","targetHints":{"allow":["GET"]}}],"collection":[{"href":"https:\/\/heliview.com\/industriele-veiligheid\/wp-json\/wp\/v2\/pages"}],"about":[{"href":"https:\/\/heliview.com\/industriele-veiligheid\/wp-json\/wp\/v2\/types\/page"}],"author":[{"embeddable":true,"href":"https:\/\/heliview.com\/industriele-veiligheid\/wp-json\/wp\/v2\/users\/23"}],"replies":[{"embeddable":true,"href":"https:\/\/heliview.com\/industriele-veiligheid\/wp-json\/wp\/v2\/comments?post=1912"}],"version-history":[{"count":10,"href":"https:\/\/heliview.com\/industriele-veiligheid\/wp-json\/wp\/v2\/pages\/1912\/revisions"}],"predecessor-version":[{"id":9405,"href":"https:\/\/heliview.com\/industriele-veiligheid\/wp-json\/wp\/v2\/pages\/1912\/revisions\/9405"}],"wp:attachment":[{"href":"https:\/\/heliview.com\/industriele-veiligheid\/wp-json\/wp\/v2\/media?parent=1912"}],"curies":[{"name":"wp","href":"https:\/\/api.w.org\/{rel}","templated":true}]}}