{"id":7306,"date":"2024-12-18T11:43:13","date_gmt":"2024-12-18T09:43:13","guid":{"rendered":"https:\/\/heliview.com\/it-asset-management\/?page_id=7306"},"modified":"2024-12-18T11:46:14","modified_gmt":"2024-12-18T09:46:14","slug":"meestgestelde-vragen","status":"publish","type":"page","link":"https:\/\/heliview.com\/it-asset-management\/meestgestelde-vragen\/","title":{"rendered":"Meestgestelde vragen"},"content":{"rendered":"<div class=\"wpb-content-wrapper\">[vc_row full_width=&#8221;stretch_row&#8221; css=&#8221;.vc_custom_1607518662587{background-color: #ffffff !important;}&#8221;][vc_column]<div class=\"lgx-heading  \" >\r\n                    <h2 class=\"heading\"><\/h2>\r\n                    <h3 class=\"subheading\"><\/h3>              \r\n              <\/div>[vc_column_text css=&#8221;&#8221;]<span data-teams=\"true\">Heb je vragen over het congres of is er iets nog niet helemaal duidelijk? Hier vind je antwoorden op de veelgestelde vragen die we hebben ontvangen. Staat jouw vraag er niet bij of blijft iets onduidelijk? Neem dan gerust contact met ons op. Je kunt een e-mail sturen naar de <a href=\"participants@heliview.com\">Participants Service<\/a> of bellen naar +31 (0)76 \u2013 548 40 20.<\/span>[\/vc_column_text][vc_toggle title=&#8221;Wat kan ik verwachten tijdens IT Asset Management 2025?&#8221; css=&#8221;&#8221;]Tijdens IT Asset Management 2025 kun je sessies verwachten over de nieuwste trends in ITAM, waaronder tools, de impact van AI, third-party support en kostenbeheer. Er is volop gelegenheid om te netwerken met vakgenoten en van experts te leren. Het evenement biedt praktische inzichten en handvatten om IT asset management te verbeteren in jouw organisatie.[\/vc_toggle][vc_toggle title=&#8221;Zijn er kosten verbonden aan deelname, of is het gratis?&#8221; css=&#8221;&#8221;]Deelname aan IT Asset Management 2025 is gratis, maar er zijn voorwaarden. Je kunt kosteloos deelnemen als je behoort tot de doelgroep en actief deelneemt aan \u00e9\u00e9n-op-\u00e9\u00e9n gesprekken tijdens het evenement. Dit biedt een kans om kennis te delen en netwerken.[\/vc_toggle][vc_toggle title=&#8221;Wat moet ik voorbereiden voor het congres?&#8221; css=&#8221;&#8221;]Voor IT Asset Management 2025 wordt verwacht dat je je aanmeldt en actief deelneemt aan gesprekken. Het is handig om je voor te bereiden door te denken over jouw specifieke ITAM-uitdagingen, vragen die je hebt over trends zoals AI of tools, en welke netwerkmogelijkheden je hoopt te benutten. Zorg ervoor dat je voorbereid bent om deel te nemen aan de \u00e9\u00e9n-op-\u00e9\u00e9n gesprekken voor de gratis deelname.[\/vc_toggle][vc_toggle title=&#8221;Wat zijn 1- op- 1 gesprekken?&#8221; css=&#8221;&#8221;]De 1-op-1 gesprekken tijdens IT Asset Management 2025 zijn korte sessies van 15 minuten, ideaal voor het bespreken van specifieke uitdagingen of vragen. Deze gesprekken vinden plaats tijdens pauzes of break-outs. Je kunt deze gesprekken drie weken voor het congres in je persoonlijke programma inplannen. Je ontvangt hierover een e-mail, zodat je je hele dag zelf kunt plannen.[\/vc_toggle][vc_toggle title=&#8221;Wanneer kan ik mijn persoonlijke programma invullen?&#8221; css=&#8221;&#8221;]\n<div class=\"flex-shrink-0 flex flex-col relative items-end\">\n<div>\n<div class=\"pt-0\">\n<div class=\"gizmo-bot-avatar flex h-8 w-8 items-center justify-center overflow-hidden rounded-full\">\n<div class=\"relative p-1 rounded-sm flex items-center justify-center bg-token-main-surface-primary text-token-text-primary h-8 w-8\">Je kunt je persoonlijke programma voor IT Asset Management 2025 vanaf <strong>25 februari<\/strong> maken in Eventmanager. Op die dag kun je uitnodigingen van partners accepteren en je gesprekken inplannen. Later worden de locatie en tijden zichtbaar in Eventmanager.<\/div>\n<\/div>\n<\/div>\n<\/div>\n<\/div>\n[\/vc_toggle][\/vc_column][\/vc_row][vc_row full_width=&#8221;stretch_row&#8221; css=&#8221;.vc_custom_1607518761579{background-color: #ffffff !important;}&#8221;][vc_column]<div class=\"lgx-heading  \" >\r\n                    <h2 class=\"heading\"><\/h2>\r\n                    <h3 class=\"subheading\">Meedoen als businesspartner?<\/h3>              \r\n              <\/div><div class=\"lgx-brand-btn-area text-center\">\r\n                    <a class=\"lgx-btn btn-df  lgx-btn-brand\" href=\"https:\/\/heliview.com\/it-asset-management\/partner-worden\/\" target=\"_blank\"><span>Bekijk de partnermogelijkheden<\/span><\/a>\r\n                    \r\n               \r\n                <\/div>[\/vc_column][\/vc_row]\n<\/div>","protected":false},"excerpt":{"rendered":"<p>[vc_row full_width=&#8221;stretch_row&#8221; css=&#8221;.vc_custom_1607518662587{background-color: #ffffff !important;}&#8221;][vc_column][vc_column_text css=&#8221;&#8221;]Heb je vragen over het congres of is er iets nog niet helemaal duidelijk? Hier vind je antwoorden op de veelgestelde vragen die we hebben ontvangen. Staat jouw vraag er niet bij of blijft iets onduidelijk? Neem dan gerust contact met ons op. Je kunt een e-mail sturen naar de [&hellip;]<\/p>\n","protected":false},"author":23,"featured_media":0,"parent":0,"menu_order":0,"comment_status":"closed","ping_status":"closed","template":"","meta":{"_acf_changed":false,"footnotes":""},"class_list":["post-7306","page","type-page","status-publish","hentry"],"yoast_head":"<!-- This site is optimized with the Yoast SEO plugin v25.3.1 - https:\/\/yoast.com\/wordpress\/plugins\/seo\/ -->\r\n<title>Meestgestelde vragen over IT Asset Management 2025<\/title>\r\n<meta name=\"description\" content=\"Bekijk de veelgestelde vragen over IT Asset Management 2025. Vind antwoorden op onderwerpen zoals registratie, programma-instellingen, 1-op-1 gesprekken, en meer. Bereid je voor op het evenement met handige informatie\" \/>\r\n<meta name=\"robots\" content=\"index, follow, max-snippet:-1, max-image-preview:large, max-video-preview:-1\" \/>\r\n<link rel=\"canonical\" href=\"https:\/\/heliview.com\/it-asset-management\/meestgestelde-vragen\/\" \/>\r\n<meta property=\"og:locale\" content=\"nl_NL\" \/>\r\n<meta property=\"og:type\" content=\"article\" \/>\r\n<meta property=\"og:title\" content=\"Meestgestelde vragen over IT Asset Management 2025\" \/>\r\n<meta property=\"og:description\" content=\"Bekijk de veelgestelde vragen over IT Asset Management 2025. Vind antwoorden op onderwerpen zoals registratie, programma-instellingen, 1-op-1 gesprekken, en meer. Bereid je voor op het evenement met handige informatie\" \/>\r\n<meta property=\"og:url\" content=\"https:\/\/heliview.com\/it-asset-management\/meestgestelde-vragen\/\" \/>\r\n<meta property=\"og:site_name\" content=\"IT Asset Management\" \/>\r\n<meta property=\"article:publisher\" content=\"https:\/\/www.facebook.com\/HeliviewCT\" \/>\r\n<meta property=\"article:modified_time\" content=\"2024-12-18T09:46:14+00:00\" \/>\r\n<meta property=\"og:image\" content=\"https:\/\/heliview.com\/it-asset-management\/wp-content\/uploads\/sites\/27\/2024\/11\/Website-social-logo-185x136-200-x-200-px-1.png\" \/>\r\n\t<meta property=\"og:image:width\" content=\"200\" \/>\r\n\t<meta property=\"og:image:height\" content=\"200\" \/>\r\n\t<meta property=\"og:image:type\" content=\"image\/png\" \/>\r\n<meta name=\"twitter:card\" content=\"summary_large_image\" \/>\r\n<meta name=\"twitter:site\" content=\"@HeliviewConf\" \/>\r\n<meta name=\"twitter:label1\" content=\"Geschatte leestijd\" \/>\n\t<meta name=\"twitter:data1\" content=\"2 minuten\" \/>\r\n<script type=\"application\/ld+json\" class=\"yoast-schema-graph\">{\"@context\":\"https:\/\/schema.org\",\"@graph\":[{\"@type\":\"WebPage\",\"@id\":\"https:\/\/heliview.com\/it-asset-management\/meestgestelde-vragen\/\",\"url\":\"https:\/\/heliview.com\/it-asset-management\/meestgestelde-vragen\/\",\"name\":\"Meestgestelde vragen over IT Asset Management 2025\",\"isPartOf\":{\"@id\":\"https:\/\/heliview.com\/it-asset-management\/#website\"},\"datePublished\":\"2024-12-18T09:43:13+00:00\",\"dateModified\":\"2024-12-18T09:46:14+00:00\",\"description\":\"Bekijk de veelgestelde vragen over IT Asset Management 2025. Vind antwoorden op onderwerpen zoals registratie, programma-instellingen, 1-op-1 gesprekken, en meer. Bereid je voor op het evenement met handige informatie\",\"breadcrumb\":{\"@id\":\"https:\/\/heliview.com\/it-asset-management\/meestgestelde-vragen\/#breadcrumb\"},\"inLanguage\":\"nl-NL\",\"potentialAction\":[{\"@type\":\"ReadAction\",\"target\":[\"https:\/\/heliview.com\/it-asset-management\/meestgestelde-vragen\/\"]}]},{\"@type\":\"BreadcrumbList\",\"@id\":\"https:\/\/heliview.com\/it-asset-management\/meestgestelde-vragen\/#breadcrumb\",\"itemListElement\":[{\"@type\":\"ListItem\",\"position\":1,\"name\":\"Home\",\"item\":\"https:\/\/heliview.com\/it-asset-management\/\"},{\"@type\":\"ListItem\",\"position\":2,\"name\":\"Meestgestelde vragen\"}]},{\"@type\":\"WebSite\",\"@id\":\"https:\/\/heliview.com\/it-asset-management\/#website\",\"url\":\"https:\/\/heliview.com\/it-asset-management\/\",\"name\":\"IT Asset Management\",\"description\":\"\",\"potentialAction\":[{\"@type\":\"SearchAction\",\"target\":{\"@type\":\"EntryPoint\",\"urlTemplate\":\"https:\/\/heliview.com\/it-asset-management\/?s={search_term_string}\"},\"query-input\":{\"@type\":\"PropertyValueSpecification\",\"valueRequired\":true,\"valueName\":\"search_term_string\"}}],\"inLanguage\":\"nl-NL\"}]}<\/script>\r\n<!-- \/ Yoast SEO plugin. -->","yoast_head_json":{"title":"Meestgestelde vragen over IT Asset Management 2025","description":"Bekijk de veelgestelde vragen over IT Asset Management 2025. Vind antwoorden op onderwerpen zoals registratie, programma-instellingen, 1-op-1 gesprekken, en meer. Bereid je voor op het evenement met handige informatie","robots":{"index":"index","follow":"follow","max-snippet":"max-snippet:-1","max-image-preview":"max-image-preview:large","max-video-preview":"max-video-preview:-1"},"canonical":"https:\/\/heliview.com\/it-asset-management\/meestgestelde-vragen\/","og_locale":"nl_NL","og_type":"article","og_title":"Meestgestelde vragen over IT Asset Management 2025","og_description":"Bekijk de veelgestelde vragen over IT Asset Management 2025. Vind antwoorden op onderwerpen zoals registratie, programma-instellingen, 1-op-1 gesprekken, en meer. Bereid je voor op het evenement met handige informatie","og_url":"https:\/\/heliview.com\/it-asset-management\/meestgestelde-vragen\/","og_site_name":"IT Asset Management","article_publisher":"https:\/\/www.facebook.com\/HeliviewCT","article_modified_time":"2024-12-18T09:46:14+00:00","og_image":[{"width":200,"height":200,"url":"https:\/\/heliview.com\/it-asset-management\/wp-content\/uploads\/sites\/27\/2024\/11\/Website-social-logo-185x136-200-x-200-px-1.png","type":"image\/png"}],"twitter_card":"summary_large_image","twitter_site":"@HeliviewConf","twitter_misc":{"Geschatte leestijd":"2 minuten"},"schema":{"@context":"https:\/\/schema.org","@graph":[{"@type":"WebPage","@id":"https:\/\/heliview.com\/it-asset-management\/meestgestelde-vragen\/","url":"https:\/\/heliview.com\/it-asset-management\/meestgestelde-vragen\/","name":"Meestgestelde vragen over IT Asset Management 2025","isPartOf":{"@id":"https:\/\/heliview.com\/it-asset-management\/#website"},"datePublished":"2024-12-18T09:43:13+00:00","dateModified":"2024-12-18T09:46:14+00:00","description":"Bekijk de veelgestelde vragen over IT Asset Management 2025. Vind antwoorden op onderwerpen zoals registratie, programma-instellingen, 1-op-1 gesprekken, en meer. Bereid je voor op het evenement met handige informatie","breadcrumb":{"@id":"https:\/\/heliview.com\/it-asset-management\/meestgestelde-vragen\/#breadcrumb"},"inLanguage":"nl-NL","potentialAction":[{"@type":"ReadAction","target":["https:\/\/heliview.com\/it-asset-management\/meestgestelde-vragen\/"]}]},{"@type":"BreadcrumbList","@id":"https:\/\/heliview.com\/it-asset-management\/meestgestelde-vragen\/#breadcrumb","itemListElement":[{"@type":"ListItem","position":1,"name":"Home","item":"https:\/\/heliview.com\/it-asset-management\/"},{"@type":"ListItem","position":2,"name":"Meestgestelde vragen"}]},{"@type":"WebSite","@id":"https:\/\/heliview.com\/it-asset-management\/#website","url":"https:\/\/heliview.com\/it-asset-management\/","name":"IT Asset Management","description":"","potentialAction":[{"@type":"SearchAction","target":{"@type":"EntryPoint","urlTemplate":"https:\/\/heliview.com\/it-asset-management\/?s={search_term_string}"},"query-input":{"@type":"PropertyValueSpecification","valueRequired":true,"valueName":"search_term_string"}}],"inLanguage":"nl-NL"}]}},"acf":[],"_links":{"self":[{"href":"https:\/\/heliview.com\/it-asset-management\/wp-json\/wp\/v2\/pages\/7306","targetHints":{"allow":["GET"]}}],"collection":[{"href":"https:\/\/heliview.com\/it-asset-management\/wp-json\/wp\/v2\/pages"}],"about":[{"href":"https:\/\/heliview.com\/it-asset-management\/wp-json\/wp\/v2\/types\/page"}],"author":[{"embeddable":true,"href":"https:\/\/heliview.com\/it-asset-management\/wp-json\/wp\/v2\/users\/23"}],"replies":[{"embeddable":true,"href":"https:\/\/heliview.com\/it-asset-management\/wp-json\/wp\/v2\/comments?post=7306"}],"version-history":[{"count":3,"href":"https:\/\/heliview.com\/it-asset-management\/wp-json\/wp\/v2\/pages\/7306\/revisions"}],"predecessor-version":[{"id":7309,"href":"https:\/\/heliview.com\/it-asset-management\/wp-json\/wp\/v2\/pages\/7306\/revisions\/7309"}],"wp:attachment":[{"href":"https:\/\/heliview.com\/it-asset-management\/wp-json\/wp\/v2\/media?parent=7306"}],"curies":[{"name":"wp","href":"https:\/\/api.w.org\/{rel}","templated":true}]}}