{"id":1912,"date":"2018-09-30T15:48:10","date_gmt":"2018-09-30T15:48:10","guid":{"rendered":"http:\/\/logichunt.net\/demo\/wordpress\/emeet\/home-banner-main-copy\/"},"modified":"2026-04-10T13:14:03","modified_gmt":"2026-04-10T11:14:03","slug":"home","status":"publish","type":"page","link":"https:\/\/heliview.com\/toekomstgerichte-overheid\/","title":{"rendered":"Home"},"content":{"rendered":"<div class=\"wpb-content-wrapper\">[vc_row full_width=&#8221;stretch_row_content&#8221; enable_full_screen=&#8221;yes&#8221; css=&#8221;.vc_custom_1753689995004{background-image: url(https:\/\/heliview.com\/toekomstgerichte-overheid\/wp-content\/uploads\/sites\/37\/2025\/07\/Ontwerp-zonder-titel-2025-07-28T095626.886.png?id=7496) !important;background-position: center !important;background-repeat: no-repeat !important;background-size: cover !important;}&#8221;][vc_column][vc_row_inner][vc_column_inner css=&#8221;.vc_custom_1572806846026{padding-top: 30px !important;}&#8221;]<div id=\"lgx-header-banner\"  class=\"lgx-header-banner lgx-header-default lgx-header-color-default\">\r\n    \r\n                    \r\n                    \r\n                    <div class=\"lgx-header-inner-sm\">  \r\n                        <div class=\"lgx-container-fixed\">  \r\n                    \r\n                        <div class=\"lgx-banner-info   lgx-banner-info-center \"  >\r\n                   \r\n                                                                         \r\n                                                                    \r\n                            <h2 class=\"title varieties-title\"> De toekomstgerichte overheid<\/h2>                                        \r\n                              \r\n                            <div class=\"location-area\">                                    \r\n                            <h3 class=\"location\"><i class=\"fa fa-calendar\"><\/i> 30 september 2026<\/h3>      \r\n                            <h3 class=\"location\"><i class=\"fa fa-map-marker\"><\/i> Van der Valk, Vianen<\/h3>      \r\n                            \r\n                           <\/div>  \r\n                            <div class=\"action-area vcx-action-area\">                 \r\n                                 <ul class=\"list-inline vcx-action-list\">\r\n                                    <li><\/li>\r\n                                    <li><\/li>\r\n                                    <li><\/li>\r\n                                <\/ul>                                    \r\n                                \r\n                            <\/div> <!-- \/\/ .ACTION -->\r\n                            \r\n                              \r\n                            \r\n                            <\/div> <!-- \/\/ .WRAPPER -->\r\n                            \r\n                        <\/div> <!-- \/\/ .container --> \r\n                                                 \r\n                    <\/div><!-- \/\/ .INNER -->\r\n                <\/div>[\/vc_column_inner][\/vc_row_inner][\/vc_column][\/vc_row][vc_row full_width=&#8221;stretch_row_content&#8221; enable_full_screen=&#8221;yes&#8221; el_class=&#8221;lgx-inner&#8221; css=&#8221;.vc_custom_1572805754553{padding: 30px !important;background-color: #ffffff !important;}&#8221;][vc_column]<div class=\"lgx-heading  \" >\r\n                    <h2 class=\"heading\">De overheid als \u00e9\u00e9n organisatie: samenwerken voor een toekomstgerichte publieke dienstverlening<\/h2>\r\n                    <h3 class=\"subheading\">Netwerken | ervaringen | kennis | contact<\/h3>              \r\n              <\/div>[vc_row_inner][vc_column_inner offset=&#8221;vc_col-lg-7 vc_col-md-6&#8243;][vc_empty_space][vc_column_text css=&#8221;&#8221;]De wereld verandert snel en de verwachtingen van burgers en ondernemers veranderen mee. Zij denken niet in loketten of organisaties, maar verwachten \u00e9\u00e9n overheid die betrouwbaar, toegankelijk en samenhangend werkt. Tegelijkertijd bieden data, AI en digitale technologie\u00ebn nieuwe kansen om dienstverlening slimmer, mensgerichter en transparanter te maken<\/p>\n<p>Daarom staat dit congres in het teken van samenwerken als \u00e9\u00e9n overheid. Hoe zorg je voor een stevig fundament met datakwaliteit, standaarden en governance? Hoe zet je data en AI verantwoord in voor betere sturing en publieke waarde? En hoe vertaal je dit naar consistente dienstverlening, sterke digitale weerbaarheid en effectieve samenwerking over organisatiegrenzen heen?<\/p>\n<p>Tijdens deze dag ontdek je hoe technologie en organisatieverandering samenkomen in de praktijk. Laat je inspireren door voorbeelden, inzichten en ervaringen die laten zien hoe we bouwen aan een overheid die als \u00e9\u00e9n geheel functioneert \u2014 klaar voor de uitdagingen van vandaag en morgen.<\/p>\n<p data-start=\"157\" data-end=\"577\"><strong>Mis deze kans niet: schrijf je in, laat je inspireren en bouw mee aan de toekomst van de overheid!<\/strong><\/p>\n[\/vc_column_text]<div class=\"lgx-brand-btn-area text-left\">\r\n                    <a class=\"lgx-btn btn-df  lgx-btn-brand\" href=\"\/toekomstgerichte-overheid\/over-het-congres\" target=\"_self\"><span>Meer informatie<\/span><\/a>\r\n                    \r\n               \r\n                <\/div>[\/vc_column_inner][vc_column_inner el_class=&#8221;lgx-about-circle&#8221; offset=&#8221;vc_col-lg-5 vc_col-md-6&#8243; css=&#8221;.vc_custom_1538496904382{margin-bottom: 2rem !important;}&#8221;][vc_single_image image=&#8221;7095&#8243; img_size=&#8221;&#8221; css=&#8221;&#8221;][\/vc_column_inner][\/vc_row_inner][\/vc_column][\/vc_row][vc_row full_width=&#8221;stretch_row&#8221; enable_full_screen=&#8221;yes&#8221;][vc_column width=&#8221;1\/4&#8243;][vc_empty_space][vc_single_image image=&#8221;7453&#8243; alignment=&#8221;center&#8221; css=&#8221;&#8221;][vc_column_text css=&#8221;&#8221;]\n<h5 style=\"text-align: center\">140+<\/h5>\n<h5 style=\"text-align: center\">Vakgenoten die graag netwerken, kennis delen en inspiratie opdoen<\/h5>\n[\/vc_column_text][vc_empty_space][\/vc_column][vc_column width=&#8221;1\/4&#8243;][vc_empty_space][vc_single_image image=&#8221;7454&#8243; alignment=&#8221;center&#8221; css=&#8221;&#8221;][vc_column_text css=&#8221;&#8221;]\n<h5 style=\"text-align: center\">12+<\/h5>\n<h5 style=\"text-align: center\">Topsprekers van toonaangevende merken en bedrijven<\/h5>\n[\/vc_column_text][vc_empty_space][\/vc_column][vc_column width=&#8221;1\/4&#8243;][vc_empty_space][vc_single_image image=&#8221;7455&#8243; alignment=&#8221;center&#8221; css=&#8221;&#8221;][vc_column_text css=&#8221;&#8221;]\n<h5 style=\"text-align: center\">4<\/h5>\n<h5 style=\"text-align: center\">Breakout rondes met ruime keuze uit sessies &#8211; stel je eigen programma samen<\/h5>\n[\/vc_column_text][vc_empty_space][\/vc_column][vc_column width=&#8221;1\/4&#8243;][vc_empty_space][vc_single_image image=&#8221;7452&#8243; alignment=&#8221;center&#8221; css=&#8221;&#8221;][vc_column_text css=&#8221;&#8221;]\n<h5 style=\"text-align: center\">1<\/h5>\n<h5 style=\"text-align: center\">Volledig verzorgde dag met koffie, lunch en andere drankjes<\/h5>\n[\/vc_column_text][vc_empty_space][\/vc_column][\/vc_row][vc_row full_width=&#8221;stretch_row&#8221; enable_full_screen=&#8221;yes&#8221; css=&#8221;.vc_custom_1753693087845{background-image: url(https:\/\/heliview.com\/toekomstgerichte-overheid\/wp-content\/uploads\/sites\/37\/2025\/07\/Ontwerp-zonder-titel-2025-07-28T095626.886.png?id=7496) !important;}&#8221;][vc_column][vc_empty_space height=&#8221;55px&#8221;]<div class=\"lgx-heading lgx-heading-white \" >\r\n                    <h2 class=\"heading\">Enkele sprekers van de afgelopen editie<\/h2>\r\n                    <h3 class=\"subheading\"><\/h3>              \r\n              <\/div>[vc_row_inner][vc_column_inner width=&#8221;1\/5&#8243;]\r\n\r\n    <div class=\"lgx-single-speaker lgx-single-speaker-one \">\r\n        <figure>\r\n            <a class=\"profile-img\" href=\"https:\/\/heliview.com\/toekomstgerichte-overheid\/speaker\/martijn-groenewegen\/\">\r\n                <img decoding=\"async\" src=\"https:\/\/heliview.com\/toekomstgerichte-overheid\/wp-content\/uploads\/sites\/37\/2025\/07\/Martijn-Groeneweg.jpg\" alt=\"Martijn Groenewegen\"\/>\r\n            <\/a>\r\n\r\n            <figcaption>\r\n                <div class=\"social-group\">\r\n                                                                                <a class=\"sp-in\" target=\"_blank\" href=\"http:\/\/www.linkedin.com\/in\/stefan-knarren-937196105\"><i class=\"fa fa-linkedin\"><\/i><\/a>                                                                            <\/div>\r\n                <div class=\"speaker-info\">\r\n                    <h3 class=\"title\"><a href=\"https:\/\/heliview.com\/toekomstgerichte-overheid\/speaker\/martijn-groenewegen\/\">Martijn Groenewegen<\/a><\/h3>\r\n                    <h4 class=\"subtitle\">CIO van Gemeente Eindhoven<\/h4>                <\/div>\r\n            <\/figcaption>\r\n        <\/figure>\r\n    <\/div>\r\n\r\n\r\n\r\n    [\/vc_column_inner][vc_column_inner width=&#8221;1\/5&#8243;]\r\n\r\n    <div class=\"lgx-single-speaker lgx-single-speaker-one \">\r\n        <figure>\r\n            <a class=\"profile-img\" href=\"https:\/\/heliview.com\/toekomstgerichte-overheid\/speaker\/sjoerd-alkema\/\">\r\n                <img decoding=\"async\" src=\"https:\/\/heliview.com\/toekomstgerichte-overheid\/wp-content\/uploads\/sites\/37\/2025\/07\/Sjoerd-Alkema-1.jpg\" alt=\"Sjoerd Alkema\"\/>\r\n            <\/a>\r\n\r\n            <figcaption>\r\n                <div class=\"social-group\">\r\n                                                                                <a class=\"sp-in\" target=\"_blank\" href=\"https:\/\/www.linkedin.com\/in\/sjoerdalkema\"><i class=\"fa fa-linkedin\"><\/i><\/a>                                                                            <\/div>\r\n                <div class=\"speaker-info\">\r\n                    <h3 class=\"title\"><a href=\"https:\/\/heliview.com\/toekomstgerichte-overheid\/speaker\/sjoerd-alkema\/\">Sjoerd Alkema<\/a><\/h3>\r\n                    <h4 class=\"subtitle\">Chief Growth Officer van Xillio B.V.<\/h4>                <\/div>\r\n            <\/figcaption>\r\n        <\/figure>\r\n    <\/div>\r\n\r\n\r\n\r\n    [\/vc_column_inner][vc_column_inner width=&#8221;1\/5&#8243;]\r\n\r\n    <div class=\"lgx-single-speaker lgx-single-speaker-one \">\r\n        <figure>\r\n            <a class=\"profile-img\" href=\"https:\/\/heliview.com\/toekomstgerichte-overheid\/speaker\/christian-verhagen\/\">\r\n                <img decoding=\"async\" src=\"https:\/\/heliview.com\/toekomstgerichte-overheid\/wp-content\/uploads\/sites\/37\/2025\/04\/Christian-Verhagen-1.jpg\" alt=\"Christian Verhagen\"\/>\r\n            <\/a>\r\n\r\n            <figcaption>\r\n                <div class=\"social-group\">\r\n                                                                                                                                                            <\/div>\r\n                <div class=\"speaker-info\">\r\n                    <h3 class=\"title\"><a href=\"https:\/\/heliview.com\/toekomstgerichte-overheid\/speaker\/christian-verhagen\/\">Christian Verhagen<\/a><\/h3>\r\n                    <h4 class=\"subtitle\">Partner & Management Consultant, Highberg<\/h4>                <\/div>\r\n            <\/figcaption>\r\n        <\/figure>\r\n    <\/div>\r\n\r\n\r\n\r\n    [\/vc_column_inner][vc_column_inner width=&#8221;1\/5&#8243;]\r\n\r\n    <div class=\"lgx-single-speaker lgx-single-speaker-one \">\r\n        <figure>\r\n            <a class=\"profile-img\" href=\"https:\/\/heliview.com\/toekomstgerichte-overheid\/speaker\/jacco-brouwer\/\">\r\n                <img decoding=\"async\" src=\"https:\/\/heliview.com\/toekomstgerichte-overheid\/wp-content\/uploads\/sites\/37\/2024\/06\/Ontwerp-zonder-titel-2025-08-13T171745.311.png\" alt=\"Jacco Brouwer\"\/>\r\n            <\/a>\r\n\r\n            <figcaption>\r\n                <div class=\"social-group\">\r\n                                                                                <a class=\"sp-in\" target=\"_blank\" href=\"http:\/\/www.linkedin.com\/in\/jaccobrouwernl%20\"><i class=\"fa fa-linkedin\"><\/i><\/a>                                                                            <\/div>\r\n                <div class=\"speaker-info\">\r\n                    <h3 class=\"title\"><a href=\"https:\/\/heliview.com\/toekomstgerichte-overheid\/speaker\/jacco-brouwer\/\">Jacco Brouwer<\/a><\/h3>\r\n                    <h4 class=\"subtitle\">Beleidsco\u00f6rdinator Cloud van VNG<\/h4>                <\/div>\r\n            <\/figcaption>\r\n        <\/figure>\r\n    <\/div>\r\n\r\n\r\n\r\n    [\/vc_column_inner][vc_column_inner width=&#8221;1\/5&#8243;]\r\n\r\n    <div class=\"lgx-single-speaker lgx-single-speaker-one \">\r\n        <figure>\r\n            <a class=\"profile-img\" href=\"https:\/\/heliview.com\/toekomstgerichte-overheid\/speaker\/daniel-verloop\/\">\r\n                <img decoding=\"async\" src=\"https:\/\/heliview.com\/toekomstgerichte-overheid\/wp-content\/uploads\/sites\/37\/2025\/06\/Daniel-Verloop-1.jpg\" alt=\"Daniel Verloop\"\/>\r\n            <\/a>\r\n\r\n            <figcaption>\r\n                <div class=\"social-group\">\r\n                                                                                <a class=\"sp-in\" target=\"_blank\" href=\"https:\/\/www.linkedin.com\/in\/danielverloop\/\"><i class=\"fa fa-linkedin\"><\/i><\/a>                                                                            <\/div>\r\n                <div class=\"speaker-info\">\r\n                    <h3 class=\"title\"><a href=\"https:\/\/heliview.com\/toekomstgerichte-overheid\/speaker\/daniel-verloop\/\">Daniel Verloop<\/a><\/h3>\r\n                    <h4 class=\"subtitle\">AI Specialist van Gemeente Montferland<\/h4>                <\/div>\r\n            <\/figcaption>\r\n        <\/figure>\r\n    <\/div>\r\n\r\n\r\n\r\n    [\/vc_column_inner][\/vc_row_inner]<div class=\"lgx-brand-btn-area text-center\">\r\n                    <a class=\"lgx-btn btn-df  lgx-btn-brand\" href=\"\/toekomstgerichte-overheid\/sprekers\/\" target=\"_self\"><span>bekijk alle sprekers<\/span><\/a>\r\n                    <a class=\"lgx-btn btn-df  lgx-btn-brand\" href=\"\/toekomstgerichte-overheid\/programma\" target=\"_self\"><span>Bekijk het programma<\/span><\/a>\r\n               \r\n                <\/div>[vc_empty_space height=&#8221;55px&#8221;][\/vc_column][\/vc_row][vc_row enable_full_screen=&#8221;yes&#8221;][vc_column][vc_row_inner][vc_column_inner]<div class=\"lgx-heading  \" >\r\n                    <h2 class=\"heading\">Een impressie van de vorige editie<\/h2>\r\n                    <h3 class=\"subheading\"><\/h3>              \r\n              <\/div>[\/vc_column_inner][\/vc_row_inner][vc_row_inner][vc_column_inner width=&#8221;1\/5&#8243;][vc_single_image image=&#8221;7800&#8243; img_size=&#8221;full&#8221; css=&#8221;&#8221;][\/vc_column_inner][vc_column_inner width=&#8221;1\/5&#8243;][vc_single_image image=&#8221;7802&#8243; img_size=&#8221;full&#8221; css=&#8221;&#8221;][\/vc_column_inner][vc_column_inner width=&#8221;1\/5&#8243;][vc_single_image image=&#8221;7803&#8243; img_size=&#8221;Full&#8221; css=&#8221;&#8221;][\/vc_column_inner][vc_column_inner width=&#8221;1\/5&#8243;][vc_single_image image=&#8221;7804&#8243; img_size=&#8221;Full&#8221; css=&#8221;&#8221;][\/vc_column_inner][vc_column_inner width=&#8221;1\/5&#8243;][vc_single_image image=&#8221;7805&#8243; img_size=&#8221;Full&#8221; css=&#8221;&#8221;][\/vc_column_inner][\/vc_row_inner][\/vc_column][\/vc_row]\n<\/div>","protected":false},"excerpt":{"rendered":"<p>[vc_row full_width=&#8221;stretch_row_content&#8221; enable_full_screen=&#8221;yes&#8221; css=&#8221;.vc_custom_1753689995004{background-image: url(https:\/\/heliview.com\/toekomstgerichte-overheid\/wp-content\/uploads\/sites\/37\/2025\/07\/Ontwerp-zonder-titel-2025-07-28T095626.886.png?id=7496) !important;background-position: center !important;background-repeat: no-repeat !important;background-size: cover !important;}&#8221;][vc_column][vc_row_inner][vc_column_inner css=&#8221;.vc_custom_1572806846026{padding-top: 30px !important;}&#8221;][\/vc_column_inner][\/vc_row_inner][\/vc_column][\/vc_row][vc_row full_width=&#8221;stretch_row_content&#8221; enable_full_screen=&#8221;yes&#8221; el_class=&#8221;lgx-inner&#8221; css=&#8221;.vc_custom_1572805754553{padding: 30px !important;background-color: #ffffff !important;}&#8221;][vc_column][vc_row_inner][vc_column_inner offset=&#8221;vc_col-lg-7 vc_col-md-6&#8243;][vc_empty_space][vc_column_text css=&#8221;&#8221;]De wereld verandert snel en de verwachtingen van burgers en ondernemers veranderen mee. Zij denken niet in loketten of organisaties, maar verwachten \u00e9\u00e9n overheid die betrouwbaar, toegankelijk en samenhangend werkt. [&hellip;]<\/p>\n","protected":false},"author":21,"featured_media":0,"parent":0,"menu_order":0,"comment_status":"closed","ping_status":"closed","template":"page-template\/tpl-home-page-default.php","meta":{"_acf_changed":false,"footnotes":""},"class_list":["post-1912","page","type-page","status-publish","hentry"],"yoast_head":"<!-- This site is optimized with the Yoast SEO plugin v25.3.1 - https:\/\/yoast.com\/wordpress\/plugins\/seo\/ -->\r\n<title>De toekomstgerichte overheid<\/title>\r\n<meta name=\"description\" content=\"Gezamenlijk zijn we de ideale organisatie, leer van elkaars successen en ontdek de toekomst. Neem gratis deel aan dit congres.\" \/>\r\n<meta name=\"robots\" content=\"index, follow, max-snippet:-1, max-image-preview:large, max-video-preview:-1\" \/>\r\n<link rel=\"canonical\" href=\"https:\/\/heliview.com\/toekomstgerichte-overheid\/\" \/>\r\n<meta property=\"og:locale\" content=\"nl_NL\" \/>\r\n<meta property=\"og:type\" content=\"article\" \/>\r\n<meta property=\"og:title\" content=\"De toekomstgerichte overheid\" \/>\r\n<meta property=\"og:description\" content=\"Gezamenlijk zijn we de ideale organisatie, leer van elkaars successen en ontdek de toekomst. Neem gratis deel aan dit congres.\" \/>\r\n<meta property=\"og:url\" content=\"https:\/\/heliview.com\/toekomstgerichte-overheid\/\" \/>\r\n<meta property=\"og:site_name\" content=\"De toekomstgerichte overheid\" \/>\r\n<meta property=\"article:publisher\" content=\"https:\/\/www.facebook.com\/HeliviewCT\" \/>\r\n<meta property=\"article:modified_time\" content=\"2026-04-10T11:14:03+00:00\" \/>\r\n<meta name=\"twitter:card\" content=\"summary_large_image\" \/>\r\n<meta name=\"twitter:site\" content=\"@HeliviewConf\" \/>\r\n<meta name=\"twitter:label1\" content=\"Geschatte leestijd\" \/>\n\t<meta name=\"twitter:data1\" content=\"4 minuten\" \/>\r\n<script type=\"application\/ld+json\" class=\"yoast-schema-graph\">{\"@context\":\"https:\/\/schema.org\",\"@graph\":[{\"@type\":\"WebPage\",\"@id\":\"https:\/\/heliview.com\/toekomstgerichte-overheid\/\",\"url\":\"https:\/\/heliview.com\/toekomstgerichte-overheid\/\",\"name\":\"De toekomstgerichte overheid\",\"isPartOf\":{\"@id\":\"https:\/\/heliview.com\/toekomstgerichte-overheid\/#website\"},\"datePublished\":\"2018-09-30T15:48:10+00:00\",\"dateModified\":\"2026-04-10T11:14:03+00:00\",\"description\":\"Gezamenlijk zijn we de ideale organisatie, leer van elkaars successen en ontdek de toekomst. Neem gratis deel aan dit congres.\",\"breadcrumb\":{\"@id\":\"https:\/\/heliview.com\/toekomstgerichte-overheid\/#breadcrumb\"},\"inLanguage\":\"nl-NL\",\"potentialAction\":[{\"@type\":\"ReadAction\",\"target\":[\"https:\/\/heliview.com\/toekomstgerichte-overheid\/\"]}]},{\"@type\":\"BreadcrumbList\",\"@id\":\"https:\/\/heliview.com\/toekomstgerichte-overheid\/#breadcrumb\",\"itemListElement\":[{\"@type\":\"ListItem\",\"position\":1,\"name\":\"Home\",\"item\":\"https:\/\/heliview.com\/toekomstgerichte-overheid\/\"},{\"@type\":\"ListItem\",\"position\":2,\"name\":\"Home\"}]},{\"@type\":\"WebSite\",\"@id\":\"https:\/\/heliview.com\/toekomstgerichte-overheid\/#website\",\"url\":\"https:\/\/heliview.com\/toekomstgerichte-overheid\/\",\"name\":\"De toekomstgerichte overheid\",\"description\":\"\",\"potentialAction\":[{\"@type\":\"SearchAction\",\"target\":{\"@type\":\"EntryPoint\",\"urlTemplate\":\"https:\/\/heliview.com\/toekomstgerichte-overheid\/?s={search_term_string}\"},\"query-input\":{\"@type\":\"PropertyValueSpecification\",\"valueRequired\":true,\"valueName\":\"search_term_string\"}}],\"inLanguage\":\"nl-NL\"}]}<\/script>\r\n<!-- \/ Yoast SEO plugin. -->","yoast_head_json":{"title":"De toekomstgerichte overheid","description":"Gezamenlijk zijn we de ideale organisatie, leer van elkaars successen en ontdek de toekomst. Neem gratis deel aan dit congres.","robots":{"index":"index","follow":"follow","max-snippet":"max-snippet:-1","max-image-preview":"max-image-preview:large","max-video-preview":"max-video-preview:-1"},"canonical":"https:\/\/heliview.com\/toekomstgerichte-overheid\/","og_locale":"nl_NL","og_type":"article","og_title":"De toekomstgerichte overheid","og_description":"Gezamenlijk zijn we de ideale organisatie, leer van elkaars successen en ontdek de toekomst. Neem gratis deel aan dit congres.","og_url":"https:\/\/heliview.com\/toekomstgerichte-overheid\/","og_site_name":"De toekomstgerichte overheid","article_publisher":"https:\/\/www.facebook.com\/HeliviewCT","article_modified_time":"2026-04-10T11:14:03+00:00","twitter_card":"summary_large_image","twitter_site":"@HeliviewConf","twitter_misc":{"Geschatte leestijd":"4 minuten"},"schema":{"@context":"https:\/\/schema.org","@graph":[{"@type":"WebPage","@id":"https:\/\/heliview.com\/toekomstgerichte-overheid\/","url":"https:\/\/heliview.com\/toekomstgerichte-overheid\/","name":"De toekomstgerichte overheid","isPartOf":{"@id":"https:\/\/heliview.com\/toekomstgerichte-overheid\/#website"},"datePublished":"2018-09-30T15:48:10+00:00","dateModified":"2026-04-10T11:14:03+00:00","description":"Gezamenlijk zijn we de ideale organisatie, leer van elkaars successen en ontdek de toekomst. Neem gratis deel aan dit congres.","breadcrumb":{"@id":"https:\/\/heliview.com\/toekomstgerichte-overheid\/#breadcrumb"},"inLanguage":"nl-NL","potentialAction":[{"@type":"ReadAction","target":["https:\/\/heliview.com\/toekomstgerichte-overheid\/"]}]},{"@type":"BreadcrumbList","@id":"https:\/\/heliview.com\/toekomstgerichte-overheid\/#breadcrumb","itemListElement":[{"@type":"ListItem","position":1,"name":"Home","item":"https:\/\/heliview.com\/toekomstgerichte-overheid\/"},{"@type":"ListItem","position":2,"name":"Home"}]},{"@type":"WebSite","@id":"https:\/\/heliview.com\/toekomstgerichte-overheid\/#website","url":"https:\/\/heliview.com\/toekomstgerichte-overheid\/","name":"De toekomstgerichte overheid","description":"","potentialAction":[{"@type":"SearchAction","target":{"@type":"EntryPoint","urlTemplate":"https:\/\/heliview.com\/toekomstgerichte-overheid\/?s={search_term_string}"},"query-input":{"@type":"PropertyValueSpecification","valueRequired":true,"valueName":"search_term_string"}}],"inLanguage":"nl-NL"}]}},"acf":[],"_links":{"self":[{"href":"https:\/\/heliview.com\/toekomstgerichte-overheid\/wp-json\/wp\/v2\/pages\/1912","targetHints":{"allow":["GET"]}}],"collection":[{"href":"https:\/\/heliview.com\/toekomstgerichte-overheid\/wp-json\/wp\/v2\/pages"}],"about":[{"href":"https:\/\/heliview.com\/toekomstgerichte-overheid\/wp-json\/wp\/v2\/types\/page"}],"author":[{"embeddable":true,"href":"https:\/\/heliview.com\/toekomstgerichte-overheid\/wp-json\/wp\/v2\/users\/21"}],"replies":[{"embeddable":true,"href":"https:\/\/heliview.com\/toekomstgerichte-overheid\/wp-json\/wp\/v2\/comments?post=1912"}],"version-history":[{"count":12,"href":"https:\/\/heliview.com\/toekomstgerichte-overheid\/wp-json\/wp\/v2\/pages\/1912\/revisions"}],"predecessor-version":[{"id":7806,"href":"https:\/\/heliview.com\/toekomstgerichte-overheid\/wp-json\/wp\/v2\/pages\/1912\/revisions\/7806"}],"wp:attachment":[{"href":"https:\/\/heliview.com\/toekomstgerichte-overheid\/wp-json\/wp\/v2\/media?parent=1912"}],"curies":[{"name":"wp","href":"https:\/\/api.w.org\/{rel}","templated":true}]}}